{"id":989846,"date":"2024-07-03T07:37:18","date_gmt":"2024-07-03T07:37:18","guid":{"rendered":"https:\/\/wtpartima.com\/plc-scada-mcc\/"},"modified":"2024-07-10T03:54:41","modified_gmt":"2024-07-10T03:54:41","slug":"plc-scada-mcc","status":"publish","type":"page","link":"https:\/\/wtpartima.com\/tr\/plc-scada-mcc\/","title":{"rendered":"PLC \/ SCADA \/ MCC"},"content":{"rendered":"\t\t<div data-elementor-type=\"wp-page\" data-elementor-id=\"989846\" class=\"elementor elementor-989846 elementor-987960\" data-elementor-post-type=\"page\">\n\t\t\t\t<div class=\"elementor-element elementor-element-332f041 e-flex e-con-boxed e-con e-parent\" data-id=\"332f041\" data-element_type=\"container\">\n\t\t\t\t\t<div class=\"e-con-inner\">\n\t\t\t\t<div class=\"elementor-element elementor-element-df7ec20 elementor-widget elementor-widget-heading\" data-id=\"df7ec20\" data-element_type=\"widget\" data-widget_type=\"heading.default\">\n\t\t\t\t<div class=\"elementor-widget-container\">\n\t\t\t<style>\/*! elementor - v3.22.0 - 26-06-2024 *\/\n.elementor-heading-title{padding:0;margin:0;line-height:1}.elementor-widget-heading .elementor-heading-title[class*=elementor-size-]>a{color:inherit;font-size:inherit;line-height:inherit}.elementor-widget-heading .elementor-heading-title.elementor-size-small{font-size:15px}.elementor-widget-heading .elementor-heading-title.elementor-size-medium{font-size:19px}.elementor-widget-heading .elementor-heading-title.elementor-size-large{font-size:29px}.elementor-widget-heading .elementor-heading-title.elementor-size-xl{font-size:39px}.elementor-widget-heading .elementor-heading-title.elementor-size-xxl{font-size:59px}<\/style><h1 class=\"elementor-heading-title elementor-size-default\">PLC \/ SCADA \/ MCC\n<\/h1>\t\t<\/div>\n\t\t\t\t<\/div>\n\t\t\t\t\t<\/div>\n\t\t\t\t<\/div>\n\t\t<div class=\"elementor-element elementor-element-d2ae314 e-flex e-con-boxed e-con e-parent\" data-id=\"d2ae314\" data-element_type=\"container\" data-settings=\"{&quot;background_background&quot;:&quot;classic&quot;}\">\n\t\t\t\t\t<div class=\"e-con-inner\">\n\t\t\t\t<div class=\"elementor-element elementor-element-493971e elementor-widget elementor-widget-heading\" data-id=\"493971e\" data-element_type=\"widget\" data-widget_type=\"heading.default\">\n\t\t\t\t<div class=\"elementor-widget-container\">\n\t\t\t<h5 class=\"elementor-heading-title elementor-size-default\">SU ARITMA \u0130\u00c7\u0130N MCC'LER<\/h5>\t\t<\/div>\n\t\t\t\t<\/div>\n\t\t\t\t<div class=\"elementor-element elementor-element-0c21bc4 elementor-widget elementor-widget-text-editor\" data-id=\"0c21bc4\" data-element_type=\"widget\" data-widget_type=\"text-editor.default\">\n\t\t\t\t<div class=\"elementor-widget-container\">\n\t\t\t<style>\/*! elementor - v3.22.0 - 26-06-2024 *\/\n.elementor-widget-text-editor.elementor-drop-cap-view-stacked .elementor-drop-cap{background-color:#69727d;color:#fff}.elementor-widget-text-editor.elementor-drop-cap-view-framed .elementor-drop-cap{color:#69727d;border:3px solid;background-color:transparent}.elementor-widget-text-editor:not(.elementor-drop-cap-view-default) .elementor-drop-cap{margin-top:8px}.elementor-widget-text-editor:not(.elementor-drop-cap-view-default) .elementor-drop-cap-letter{width:1em;height:1em}.elementor-widget-text-editor .elementor-drop-cap{float:left;text-align:center;line-height:1;font-size:50px}.elementor-widget-text-editor .elementor-drop-cap-letter{display:inline-block}<\/style>\t\t\t\t<h5><strong>WTP ARTIMA<\/strong>, Su Ar\u0131tma Tesisi i\u00e7in MCCS\/PLS ve SCADA tedarik ve kurulumunu t\u00fcrkiye\u2019de ger\u00e7ekle\u015ftirebilir. <strong>WTP ARTIMA<\/strong>, Birle\u015fik Krall\u0131k, \u0130rlanda ve Uluslararas\u0131 Su Ar\u0131tmada kullan\u0131lmak \u00fczere Motor Kontrol Merkezlerinin tasar\u0131m\u0131 ve \u00fcretiminde engin deneyime sahiptir. <strong>WTP<\/strong>, M\u00fc\u015fterimizle i\u015fbirli\u011fi i\u00e7inde \u00e7al\u0131\u015farak, s\u00fcrd\u00fcr\u00fclebilir ve uygun maliyetli MCC tasar\u0131m\u0131 ile yenilik\u00e7i \u00e7\u00f6z\u00fcmler sa\u011flayarak, Su End\u00fcstrisinin ihtiya\u00e7lar\u0131 hakk\u0131nda geni\u015f bir anlay\u0131\u015fa sahiptir. Ortakl\u0131klar olu\u015fturarak ve bir a\u00e7\u0131kl\u0131k k\u00fclt\u00fcr\u00fcn\u00fc te\u015fvik ederek, <strong>WTP<\/strong>, M\u00fc\u015fteriye ticari faydalar sa\u011flama konusunda etkileyici bir ge\u00e7mi\u015fe sahiptir. <\/h5>\n\t\t\t\t\t\t<\/div>\n\t\t\t\t<\/div>\n\t\t\t\t\t<\/div>\n\t\t\t\t<\/div>\n\t\t<div class=\"elementor-element elementor-element-67fda09 e-flex e-con-boxed e-con e-parent\" data-id=\"67fda09\" data-element_type=\"container\">\n\t\t\t\t\t<div class=\"e-con-inner\">\n\t\t<div class=\"elementor-element elementor-element-96c44df e-con-full e-flex e-con e-child\" data-id=\"96c44df\" data-element_type=\"container\">\n\t\t\t\t<div class=\"elementor-element elementor-element-a28f5b2 elementor-widget elementor-widget-image\" data-id=\"a28f5b2\" data-element_type=\"widget\" data-widget_type=\"image.default\">\n\t\t\t\t<div class=\"elementor-widget-container\">\n\t\t\t<style>\/*! elementor - v3.22.0 - 26-06-2024 *\/\n.elementor-widget-image{text-align:center}.elementor-widget-image a{display:inline-block}.elementor-widget-image a img[src$=\".svg\"]{width:48px}.elementor-widget-image img{vertical-align:middle;display:inline-block}<\/style>\t\t\t\t\t\t\t\t\t\t<img fetchpriority=\"high\" decoding=\"async\" width=\"785\" height=\"528\" src=\"https:\/\/wtpartima.com\/wp-content\/uploads\/2024\/07\/120-4.jpg\" class=\"attachment-large size-large wp-image-988789\" alt=\"\" srcset=\"https:\/\/wtpartima.com\/wp-content\/uploads\/2024\/07\/120-4.jpg 785w, https:\/\/wtpartima.com\/wp-content\/uploads\/2024\/07\/120-4-300x202.jpg 300w, https:\/\/wtpartima.com\/wp-content\/uploads\/2024\/07\/120-4-768x517.jpg 768w\" sizes=\"(max-width: 785px) 100vw, 785px\" \/>\t\t\t\t\t\t\t\t\t\t\t\t\t<\/div>\n\t\t\t\t<\/div>\n\t\t\t\t<\/div>\n\t\t<div class=\"elementor-element elementor-element-1ca22fd e-con-full e-flex e-con e-child\" data-id=\"1ca22fd\" data-element_type=\"container\">\n\t\t\t\t<div class=\"elementor-element elementor-element-cb9404a elementor-widget elementor-widget-image\" data-id=\"cb9404a\" data-element_type=\"widget\" data-widget_type=\"image.default\">\n\t\t\t\t<div class=\"elementor-widget-container\">\n\t\t\t\t\t\t\t\t\t\t\t\t\t<img decoding=\"async\" width=\"823\" height=\"535\" src=\"https:\/\/wtpartima.com\/wp-content\/uploads\/2024\/07\/120-3.jpg\" class=\"attachment-large size-large wp-image-988790\" alt=\"\" srcset=\"https:\/\/wtpartima.com\/wp-content\/uploads\/2024\/07\/120-3.jpg 823w, https:\/\/wtpartima.com\/wp-content\/uploads\/2024\/07\/120-3-300x195.jpg 300w, https:\/\/wtpartima.com\/wp-content\/uploads\/2024\/07\/120-3-768x499.jpg 768w\" sizes=\"(max-width: 823px) 100vw, 823px\" \/>\t\t\t\t\t\t\t\t\t\t\t\t\t<\/div>\n\t\t\t\t<\/div>\n\t\t\t\t<\/div>\n\t\t\t\t\t<\/div>\n\t\t\t\t<\/div>\n\t\t<div class=\"elementor-element elementor-element-b84fa9f e-flex e-con-boxed e-con e-parent\" data-id=\"b84fa9f\" data-element_type=\"container\" data-settings=\"{&quot;background_background&quot;:&quot;classic&quot;}\">\n\t\t\t\t\t<div class=\"e-con-inner\">\n\t\t\t\t<div class=\"elementor-element elementor-element-e38f2f1 elementor-widget elementor-widget-heading\" data-id=\"e38f2f1\" data-element_type=\"widget\" data-widget_type=\"heading.default\">\n\t\t\t\t<div class=\"elementor-widget-container\">\n\t\t\t<h5 class=\"elementor-heading-title elementor-size-default\">ATIKSU ARITMA \u0130\u00c7\u0130N MCC'LER<\/h5>\t\t<\/div>\n\t\t\t\t<\/div>\n\t\t\t\t<div class=\"elementor-element elementor-element-51c4701 elementor-widget elementor-widget-text-editor\" data-id=\"51c4701\" data-element_type=\"widget\" data-widget_type=\"text-editor.default\">\n\t\t\t\t<div class=\"elementor-widget-container\">\n\t\t\t\t\t\t\t<p><strong>WTP ARTIMA, TR genelinde ve Uluslararas\u0131 olarak At\u0131k Su Ar\u0131tmada kullan\u0131lmak \u00fczere Motor Kontrol Merkezlerinin (MCC\u2019ler) tasar\u0131m\u0131 ve \u00fcretiminde engin deneyime sahiptir.<\/strong> Operat\u00f6rlerin ve y\u00fcklenicilerin yerinde sa\u011fl\u0131k ve g\u00fcvenli\u011fini iyile\u015ftirmek ve size daha uygun maliyetli bir \u00e7\u00f6z\u00fcm sunmak i\u00e7in saha d\u0131\u015f\u0131 \u00fcretim s\u00fcresi en \u00fcst d\u00fczeye \u00e7\u0131kar\u0131lacakt\u0131r. T\u00fcm MCC\u2019ler, sahada kurulum ve devreye alman\u0131n en aza indirilmesini sa\u011flamak i\u00e7in sevk edilmeden \u00f6nce en y\u00fcksek standartlarda kapsaml\u0131 bir \u015fekilde test edilecektir. At\u0131ksu Ar\u0131t\u0131m\u0131 i\u00e7in MCC konfig\u00fcrasyonlar\u0131n\u0131n tipik \u00f6rnekleri a\u015fa\u011f\u0131da verilmi\u015ftir;<\/p>\n\t\t\t\t\t\t<\/div>\n\t\t\t\t<\/div>\n\t\t\t\t\t<\/div>\n\t\t\t\t<\/div>\n\t\t<div class=\"elementor-element elementor-element-c1eff58 e-flex e-con-boxed e-con e-parent\" data-id=\"c1eff58\" data-element_type=\"container\">\n\t\t\t\t\t<div class=\"e-con-inner\">\n\t\t<div class=\"elementor-element elementor-element-105b5fb e-con-full e-flex e-con e-child\" data-id=\"105b5fb\" data-element_type=\"container\">\n\t\t\t\t<div class=\"elementor-element elementor-element-5940cbf elementor-widget elementor-widget-image\" data-id=\"5940cbf\" data-element_type=\"widget\" data-widget_type=\"image.default\">\n\t\t\t\t<div class=\"elementor-widget-container\">\n\t\t\t\t\t\t\t\t\t\t\t\t\t<img decoding=\"async\" width=\"760\" height=\"543\" src=\"https:\/\/wtpartima.com\/wp-content\/uploads\/2024\/07\/120-5.jpg\" class=\"attachment-large size-large wp-image-988803\" alt=\"\" srcset=\"https:\/\/wtpartima.com\/wp-content\/uploads\/2024\/07\/120-5.jpg 760w, https:\/\/wtpartima.com\/wp-content\/uploads\/2024\/07\/120-5-300x214.jpg 300w\" sizes=\"(max-width: 760px) 100vw, 760px\" \/>\t\t\t\t\t\t\t\t\t\t\t\t\t<\/div>\n\t\t\t\t<\/div>\n\t\t\t\t<\/div>\n\t\t<div class=\"elementor-element elementor-element-17703f8 e-con-full e-flex e-con e-child\" data-id=\"17703f8\" data-element_type=\"container\">\n\t\t\t\t<div class=\"elementor-element elementor-element-08c5e41 elementor-widget elementor-widget-image\" data-id=\"08c5e41\" data-element_type=\"widget\" data-widget_type=\"image.default\">\n\t\t\t\t<div class=\"elementor-widget-container\">\n\t\t\t\t\t\t\t\t\t\t\t\t\t<img loading=\"lazy\" decoding=\"async\" width=\"785\" height=\"528\" src=\"https:\/\/wtpartima.com\/wp-content\/uploads\/2024\/07\/120-4-1.jpg\" class=\"attachment-large size-large wp-image-988804\" alt=\"\" srcset=\"https:\/\/wtpartima.com\/wp-content\/uploads\/2024\/07\/120-4-1.jpg 785w, https:\/\/wtpartima.com\/wp-content\/uploads\/2024\/07\/120-4-1-300x202.jpg 300w, https:\/\/wtpartima.com\/wp-content\/uploads\/2024\/07\/120-4-1-768x517.jpg 768w\" sizes=\"(max-width: 785px) 100vw, 785px\" \/>\t\t\t\t\t\t\t\t\t\t\t\t\t<\/div>\n\t\t\t\t<\/div>\n\t\t\t\t<\/div>\n\t\t\t\t\t<\/div>\n\t\t\t\t<\/div>\n\t\t<div class=\"elementor-element elementor-element-6310dfc e-flex e-con-boxed e-con e-parent\" data-id=\"6310dfc\" data-element_type=\"container\" data-settings=\"{&quot;background_background&quot;:&quot;classic&quot;}\">\n\t\t\t\t\t<div class=\"e-con-inner\">\n\t\t\t\t<div class=\"elementor-element elementor-element-92e35e4 elementor-widget elementor-widget-heading\" data-id=\"92e35e4\" data-element_type=\"widget\" data-widget_type=\"heading.default\">\n\t\t\t\t<div class=\"elementor-widget-container\">\n\t\t\t<h5 class=\"elementor-heading-title elementor-size-default\">DENETLEY\u0130C\u0130 KONTROL VE VER\u0130 TOPLAMA (SCADA) \/ PLC'LER, ANALOG \u0130ZLEME, KONTROL VE Y\u00dcKSEK HIZLI HAREKET KONTROL\u00dc DAH\u0130L OLMAK \u00dcZERE GEL\u0130\u015eM\u0130\u015e \u0130\u015eLEVLER SA\u011eLAR VE AYRICA \u0130LET\u0130\u015e\u0130M A\u011eLARI \u00dcZER\u0130NDEN VER\u0130 PAYLA\u015eIR<\/h5>\t\t<\/div>\n\t\t\t\t<\/div>\n\t\t\t\t<div class=\"elementor-element elementor-element-1f7edbd elementor-widget elementor-widget-text-editor\" data-id=\"1f7edbd\" data-element_type=\"widget\" data-widget_type=\"text-editor.default\">\n\t\t\t\t<div class=\"elementor-widget-container\">\n\t\t\t\t\t\t\t<h5>A-Tipik donan\u0131m yap\u0131land\u0131rmalar\u0131 a\u015fa\u011f\u0131daki cihazlardan olu\u015fur.<br \/>B-Single PLC (tipik olarak s\u0131cak bekleme), b\u00fcy\u00fck tesisi tipik olarak profil veri yolu\/Ethernet a\u011f\u0131 \u00fczerinden harici IO istasyonlar\u0131yla kontrol eder B\u00fcy\u00fck mesafeler, h\u0131zl\u0131 veri aktar\u0131m\u0131 sa\u011flamak i\u00e7in fiber ba\u011flant\u0131lar\u0131 i\u00e7erir.<br \/>C-\u00c7oklu PLC\u2019ler, b\u00fcy\u00fck bir tesisin \u00e7e\u015fitli alanlar\u0131n\u0131 kontrol eden Ethernet a\u011flar\u0131 \u00fczerinden birbirine ba\u011flan\u0131r. Sistem, ileti\u015fim a\u011flar\u0131 \u00fczerinden uzak IO istasyonlar\u0131n\u0131 kullanabilir.<br \/>Her istasyonda t\u00fcm sinyalleri merkezi olarak g\u00f6steren D-\u00c7oklu HMI\u2019lar sa\u011flanabilir.<br \/>E-Gereksinim ne olursa olsun TES, ihtiya\u00e7lar\u0131n\u0131z\u0131 tam olarak kar\u015f\u0131lamak i\u00e7in \u00f6zelle\u015ftirilmi\u015f bir \u00e7\u00f6z\u00fcm sa\u011flayabilir.<\/h5>\n\t\t\t\t\t\t<\/div>\n\t\t\t\t<\/div>\n\t\t\t\t\t<\/div>\n\t\t\t\t<\/div>\n\t\t<div class=\"elementor-element elementor-element-e7ca8c8 e-flex e-con-boxed e-con e-parent\" data-id=\"e7ca8c8\" data-element_type=\"container\" data-settings=\"{&quot;background_background&quot;:&quot;classic&quot;}\">\n\t\t\t\t\t<div class=\"e-con-inner\">\n\t\t<div class=\"elementor-element elementor-element-8ff9108 e-con-full e-flex e-con e-child\" data-id=\"8ff9108\" data-element_type=\"container\">\n\t\t\t\t<div class=\"elementor-element elementor-element-b1a73a5 elementor-widget elementor-widget-image\" data-id=\"b1a73a5\" data-element_type=\"widget\" data-widget_type=\"image.default\">\n\t\t\t\t<div class=\"elementor-widget-container\">\n\t\t\t\t\t\t\t\t\t\t\t\t\t<img loading=\"lazy\" decoding=\"async\" width=\"500\" height=\"360\" src=\"https:\/\/wtpartima.com\/wp-content\/uploads\/2024\/07\/wtp-scada-500x500-1.webp\" class=\"attachment-large size-large wp-image-988811\" alt=\"\" srcset=\"https:\/\/wtpartima.com\/wp-content\/uploads\/2024\/07\/wtp-scada-500x500-1.webp 500w, https:\/\/wtpartima.com\/wp-content\/uploads\/2024\/07\/wtp-scada-500x500-1-300x216.webp 300w\" sizes=\"(max-width: 500px) 100vw, 500px\" \/>\t\t\t\t\t\t\t\t\t\t\t\t\t<\/div>\n\t\t\t\t<\/div>\n\t\t\t\t<\/div>\n\t\t<div class=\"elementor-element elementor-element-68e6400 e-con-full e-flex e-con e-child\" data-id=\"68e6400\" data-element_type=\"container\">\n\t\t\t\t<div class=\"elementor-element elementor-element-d3c2050 elementor-widget elementor-widget-image\" data-id=\"d3c2050\" data-element_type=\"widget\" data-widget_type=\"image.default\">\n\t\t\t\t<div class=\"elementor-widget-container\">\n\t\t\t\t\t\t\t\t\t\t\t\t\t<img loading=\"lazy\" decoding=\"async\" width=\"1024\" height=\"701\" src=\"https:\/\/wtpartima.com\/wp-content\/uploads\/2024\/07\/120-8-1024x701.jpg\" class=\"attachment-large size-large wp-image-988813\" alt=\"\" srcset=\"https:\/\/wtpartima.com\/wp-content\/uploads\/2024\/07\/120-8-1024x701.jpg 1024w, https:\/\/wtpartima.com\/wp-content\/uploads\/2024\/07\/120-8-300x205.jpg 300w, https:\/\/wtpartima.com\/wp-content\/uploads\/2024\/07\/120-8-768x525.jpg 768w, https:\/\/wtpartima.com\/wp-content\/uploads\/2024\/07\/120-8.jpg 1086w\" sizes=\"(max-width: 1024px) 100vw, 1024px\" \/>\t\t\t\t\t\t\t\t\t\t\t\t\t<\/div>\n\t\t\t\t<\/div>\n\t\t\t\t<\/div>\n\t\t<div class=\"elementor-element elementor-element-ad1ce89 e-con-full e-flex e-con e-child\" data-id=\"ad1ce89\" data-element_type=\"container\">\n\t\t\t\t<div class=\"elementor-element elementor-element-eb0e67d elementor-widget elementor-widget-image\" data-id=\"eb0e67d\" data-element_type=\"widget\" data-widget_type=\"image.default\">\n\t\t\t\t<div class=\"elementor-widget-container\">\n\t\t\t\t\t\t\t\t\t\t\t\t\t<img loading=\"lazy\" decoding=\"async\" width=\"1024\" height=\"672\" src=\"https:\/\/wtpartima.com\/wp-content\/uploads\/2024\/07\/120-7-1024x672.jpg\" class=\"attachment-large size-large wp-image-988814\" alt=\"\" srcset=\"https:\/\/wtpartima.com\/wp-content\/uploads\/2024\/07\/120-7-1024x672.jpg 1024w, https:\/\/wtpartima.com\/wp-content\/uploads\/2024\/07\/120-7-300x197.jpg 300w, https:\/\/wtpartima.com\/wp-content\/uploads\/2024\/07\/120-7-768x504.jpg 768w, https:\/\/wtpartima.com\/wp-content\/uploads\/2024\/07\/120-7.jpg 1070w\" sizes=\"(max-width: 1024px) 100vw, 1024px\" \/>\t\t\t\t\t\t\t\t\t\t\t\t\t<\/div>\n\t\t\t\t<\/div>\n\t\t\t\t<\/div>\n\t\t\t\t\t<\/div>\n\t\t\t\t<\/div>\n\t\t\t\t<\/div>\n\t\t","protected":false},"excerpt":{"rendered":"<p>PLC \/ SCADA \/ MCC SU ARITMA \u0130\u00c7\u0130N MCC&#8217;LER WTP ARTIMA, Su Ar\u0131tma Tesisi i\u00e7in MCCS\/PLS ve SCADA tedarik ve kurulumunu t\u00fcrkiye\u2019de ger\u00e7ekle\u015ftirebilir. WTP ARTIMA, Birle\u015fik Krall\u0131k, \u0130rlanda ve Uluslararas\u0131 Su Ar\u0131tmada kullan\u0131lmak \u00fczere Motor Kontrol Merkezlerinin tasar\u0131m\u0131 ve \u00fcretiminde engin deneyime sahiptir. WTP, M\u00fc\u015fterimizle i\u015fbirli\u011fi i\u00e7inde \u00e7al\u0131\u015farak, s\u00fcrd\u00fcr\u00fclebilir ve uygun maliyetli MCC tasar\u0131m\u0131 ile&#8230;<\/p>\n","protected":false},"author":1,"featured_media":0,"parent":0,"menu_order":0,"comment_status":"closed","ping_status":"closed","template":"","meta":{"_uag_custom_page_level_css":"","footnotes":""},"aioseo_notices":[],"uagb_featured_image_src":{"full":false,"thumbnail":false,"medium":false,"medium_large":false,"large":false,"1536x1536":false,"2048x2048":false},"uagb_author_info":{"display_name":"ubeyda.saar@gmail.com","author_link":"https:\/\/wtpartima.com\/tr\/author\/ubeyda-saargmail-com\/"},"uagb_comment_info":0,"uagb_excerpt":"PLC \/ SCADA \/ MCC SU ARITMA \u0130\u00c7\u0130N MCC&#8217;LER WTP ARTIMA, Su Ar\u0131tma Tesisi i\u00e7in MCCS\/PLS ve SCADA tedarik ve kurulumunu t\u00fcrkiye\u2019de ger\u00e7ekle\u015ftirebilir. WTP ARTIMA, Birle\u015fik Krall\u0131k, \u0130rlanda ve Uluslararas\u0131 Su Ar\u0131tmada kullan\u0131lmak \u00fczere Motor Kontrol Merkezlerinin tasar\u0131m\u0131 ve \u00fcretiminde engin deneyime sahiptir. WTP, M\u00fc\u015fterimizle i\u015fbirli\u011fi i\u00e7inde \u00e7al\u0131\u015farak, s\u00fcrd\u00fcr\u00fclebilir ve uygun maliyetli MCC tasar\u0131m\u0131 ile...","_links":{"self":[{"href":"https:\/\/wtpartima.com\/tr\/wp-json\/wp\/v2\/pages\/989846"}],"collection":[{"href":"https:\/\/wtpartima.com\/tr\/wp-json\/wp\/v2\/pages"}],"about":[{"href":"https:\/\/wtpartima.com\/tr\/wp-json\/wp\/v2\/types\/page"}],"author":[{"embeddable":true,"href":"https:\/\/wtpartima.com\/tr\/wp-json\/wp\/v2\/users\/1"}],"replies":[{"embeddable":true,"href":"https:\/\/wtpartima.com\/tr\/wp-json\/wp\/v2\/comments?post=989846"}],"version-history":[{"count":1,"href":"https:\/\/wtpartima.com\/tr\/wp-json\/wp\/v2\/pages\/989846\/revisions"}],"predecessor-version":[{"id":989847,"href":"https:\/\/wtpartima.com\/tr\/wp-json\/wp\/v2\/pages\/989846\/revisions\/989847"}],"wp:attachment":[{"href":"https:\/\/wtpartima.com\/tr\/wp-json\/wp\/v2\/media?parent=989846"}],"curies":[{"name":"wp","href":"https:\/\/api.w.org\/{rel}","templated":true}]}}