{"id":989842,"date":"2024-07-03T07:37:36","date_gmt":"2024-07-03T07:37:36","guid":{"rendered":"https:\/\/wtpartima.com\/koku-giderme-sistemi\/"},"modified":"2024-12-23T18:36:01","modified_gmt":"2024-12-23T18:36:01","slug":"koku-giderme-sistemi","status":"publish","type":"page","link":"https:\/\/wtpartima.com\/tr\/koku-giderme-sistemi\/","title":{"rendered":"KOKU G\u0130DERME S\u0130STEM\u0130"},"content":{"rendered":"\t\t<div data-elementor-type=\"wp-page\" data-elementor-id=\"989842\" class=\"elementor elementor-989842 elementor-987963\" data-elementor-post-type=\"page\">\n\t\t\t\t<div class=\"elementor-element elementor-element-0d6b959 e-flex e-con-boxed e-con e-parent\" data-id=\"0d6b959\" data-element_type=\"container\">\n\t\t\t\t\t<div class=\"e-con-inner\">\n\t\t\t\t<div class=\"elementor-element elementor-element-2418206 elementor-widget elementor-widget-heading\" data-id=\"2418206\" data-element_type=\"widget\" data-widget_type=\"heading.default\">\n\t\t\t\t<div class=\"elementor-widget-container\">\n\t\t\t<style>\/*! elementor - v3.22.0 - 26-06-2024 *\/\n.elementor-heading-title{padding:0;margin:0;line-height:1}.elementor-widget-heading .elementor-heading-title[class*=elementor-size-]>a{color:inherit;font-size:inherit;line-height:inherit}.elementor-widget-heading .elementor-heading-title.elementor-size-small{font-size:15px}.elementor-widget-heading .elementor-heading-title.elementor-size-medium{font-size:19px}.elementor-widget-heading .elementor-heading-title.elementor-size-large{font-size:29px}.elementor-widget-heading .elementor-heading-title.elementor-size-xl{font-size:39px}.elementor-widget-heading .elementor-heading-title.elementor-size-xxl{font-size:59px}<\/style><h1 class=\"elementor-heading-title elementor-size-default\">KOKU G\u0130DERME S\u0130STEM\u0130 <\/h1>\t\t<\/div>\n\t\t\t\t<\/div>\n\t\t\t\t<div class=\"elementor-element elementor-element-bb264fc elementor-widget elementor-widget-text-editor\" data-id=\"bb264fc\" data-element_type=\"widget\" data-widget_type=\"text-editor.default\">\n\t\t\t\t<div class=\"elementor-widget-container\">\n\t\t\t<style>\/*! elementor - v3.22.0 - 26-06-2024 *\/\n.elementor-widget-text-editor.elementor-drop-cap-view-stacked .elementor-drop-cap{background-color:#69727d;color:#fff}.elementor-widget-text-editor.elementor-drop-cap-view-framed .elementor-drop-cap{color:#69727d;border:3px solid;background-color:transparent}.elementor-widget-text-editor:not(.elementor-drop-cap-view-default) .elementor-drop-cap{margin-top:8px}.elementor-widget-text-editor:not(.elementor-drop-cap-view-default) .elementor-drop-cap-letter{width:1em;height:1em}.elementor-widget-text-editor .elementor-drop-cap{float:left;text-align:center;line-height:1;font-size:50px}.elementor-widget-text-editor .elementor-drop-cap-letter{display:inline-block}<\/style>\t\t\t\t<h5><strong>BIZ <\/strong>B\u0130YOF\u0130LTRELER, AKT\u0130F KARBON F\u0130LTRE, B\u0130YO TREKKL\u0130NG VE SCRUBBER gibi farkl\u0131 tipte koku giderme i\u015flemleri sa\u011flayabilir. T\u00fcrkiye veya Avrupa&#8217;da \u00fcretim yapmaktad\u0131r. Gemi Tank malzemeleri (GRP, PE ve FRB).   <\/h5>\n<h5>Koku kontrol\u00fc i\u00e7in en yayg\u0131n \u00fc\u00e7 teknoloji Kimyasal Temizleyiciler, Biyo Damlama Filtreleri ve Karbon Adsorbanlard\u0131r. Uygun teknolojinin se\u00e7imi \u00e7e\u015fitli fakt\u00f6rlere ba\u011fl\u0131d\u0131r: <\/h5>\n<h5>1-B\u0130YO F\u0130LTRELER.<\/h5>\n<h5>2- AKT\u0130F KARBON F\u0130LTRE.<\/h5>\n<h5>3-B\u0130YO TREKKL\u0130NG.<\/h5>\n<h5>4- B\u0130YOF\u0130BER.<\/h5>\n\t\t\t\t\t\t<\/div>\n\t\t\t\t<\/div>\n\t\t\t\t\t<\/div>\n\t\t\t\t<\/div>\n\t\t<div class=\"elementor-element elementor-element-93b265f e-flex e-con-boxed e-con e-parent\" data-id=\"93b265f\" data-element_type=\"container\" data-settings=\"{&quot;background_background&quot;:&quot;classic&quot;}\">\n\t\t\t\t\t<div class=\"e-con-inner\">\n\t\t<div class=\"elementor-element elementor-element-59ed281 e-con-full e-flex e-con e-child\" data-id=\"59ed281\" data-element_type=\"container\">\n\t\t\t\t<div class=\"elementor-element elementor-element-ec2a457 elementor-widget elementor-widget-image\" data-id=\"ec2a457\" data-element_type=\"widget\" data-widget_type=\"image.default\">\n\t\t\t\t<div class=\"elementor-widget-container\">\n\t\t\t<style>\/*! elementor - v3.22.0 - 26-06-2024 *\/\n.elementor-widget-image{text-align:center}.elementor-widget-image a{display:inline-block}.elementor-widget-image a img[src$=\".svg\"]{width:48px}.elementor-widget-image img{vertical-align:middle;display:inline-block}<\/style>\t\t\t\t\t\t\t\t\t\t<img fetchpriority=\"high\" decoding=\"async\" width=\"810\" height=\"810\" src=\"https:\/\/wtpartima.com\/wp-content\/uploads\/2024\/12\/Untitled-design-3.png\" class=\"attachment-large size-large wp-image-989922\" alt=\"\" srcset=\"https:\/\/wtpartima.com\/wp-content\/uploads\/2024\/12\/Untitled-design-3.png 810w, https:\/\/wtpartima.com\/wp-content\/uploads\/2024\/12\/Untitled-design-3-300x300.png 300w, https:\/\/wtpartima.com\/wp-content\/uploads\/2024\/12\/Untitled-design-3-150x150.png 150w, https:\/\/wtpartima.com\/wp-content\/uploads\/2024\/12\/Untitled-design-3-768x768.png 768w\" sizes=\"(max-width: 810px) 100vw, 810px\" \/>\t\t\t\t\t\t\t\t\t\t\t\t\t<\/div>\n\t\t\t\t<\/div>\n\t\t\t\t<\/div>\n\t\t<div class=\"elementor-element elementor-element-e5f5d45 e-con-full e-flex e-con e-child\" data-id=\"e5f5d45\" data-element_type=\"container\">\n\t\t\t\t<div class=\"elementor-element elementor-element-38cf869 elementor-widget elementor-widget-image\" data-id=\"38cf869\" data-element_type=\"widget\" data-widget_type=\"image.default\">\n\t\t\t\t<div class=\"elementor-widget-container\">\n\t\t\t\t\t\t\t\t\t\t\t\t\t<img decoding=\"async\" width=\"675\" height=\"675\" src=\"https:\/\/wtpartima.com\/wp-content\/uploads\/2024\/12\/sdsd.png\" class=\"attachment-large size-large wp-image-989920\" alt=\"\" srcset=\"https:\/\/wtpartima.com\/wp-content\/uploads\/2024\/12\/sdsd.png 675w, https:\/\/wtpartima.com\/wp-content\/uploads\/2024\/12\/sdsd-300x300.png 300w, https:\/\/wtpartima.com\/wp-content\/uploads\/2024\/12\/sdsd-150x150.png 150w\" sizes=\"(max-width: 675px) 100vw, 675px\" \/>\t\t\t\t\t\t\t\t\t\t\t\t\t<\/div>\n\t\t\t\t<\/div>\n\t\t\t\t<\/div>\n\t\t\t\t\t<\/div>\n\t\t\t\t<\/div>\n\t\t\t\t<\/div>\n\t\t","protected":false},"excerpt":{"rendered":"<p>KOKU G\u0130DERME S\u0130STEM\u0130 BIZ B\u0130YOF\u0130LTRELER, AKT\u0130F KARBON F\u0130LTRE, B\u0130YO TREKKL\u0130NG VE SCRUBBER gibi farkl\u0131 tipte koku giderme i\u015flemleri sa\u011flayabilir. T\u00fcrkiye veya Avrupa&#8217;da \u00fcretim yapmaktad\u0131r. Gemi Tank malzemeleri (GRP, PE ve FRB). Koku kontrol\u00fc i\u00e7in en yayg\u0131n \u00fc\u00e7 teknoloji Kimyasal Temizleyiciler, Biyo Damlama Filtreleri ve Karbon Adsorbanlard\u0131r. Uygun teknolojinin se\u00e7imi \u00e7e\u015fitli fakt\u00f6rlere ba\u011fl\u0131d\u0131r: 1-B\u0130YO F\u0130LTRELER. 2-&#8230;<\/p>\n","protected":false},"author":1,"featured_media":0,"parent":0,"menu_order":0,"comment_status":"closed","ping_status":"closed","template":"","meta":{"_uag_custom_page_level_css":"","footnotes":""},"aioseo_notices":[],"uagb_featured_image_src":{"full":false,"thumbnail":false,"medium":false,"medium_large":false,"large":false,"1536x1536":false,"2048x2048":false},"uagb_author_info":{"display_name":"ubeyda.saar@gmail.com","author_link":"https:\/\/wtpartima.com\/tr\/author\/ubeyda-saargmail-com\/"},"uagb_comment_info":0,"uagb_excerpt":"KOKU G\u0130DERME S\u0130STEM\u0130 BIZ B\u0130YOF\u0130LTRELER, AKT\u0130F KARBON F\u0130LTRE, B\u0130YO TREKKL\u0130NG VE SCRUBBER gibi farkl\u0131 tipte koku giderme i\u015flemleri sa\u011flayabilir. T\u00fcrkiye veya Avrupa&#8217;da \u00fcretim yapmaktad\u0131r. Gemi Tank malzemeleri (GRP, PE ve FRB). Koku kontrol\u00fc i\u00e7in en yayg\u0131n \u00fc\u00e7 teknoloji Kimyasal Temizleyiciler, Biyo Damlama Filtreleri ve Karbon Adsorbanlard\u0131r. Uygun teknolojinin se\u00e7imi \u00e7e\u015fitli fakt\u00f6rlere ba\u011fl\u0131d\u0131r: 1-B\u0130YO F\u0130LTRELER. 2-...","_links":{"self":[{"href":"https:\/\/wtpartima.com\/tr\/wp-json\/wp\/v2\/pages\/989842"}],"collection":[{"href":"https:\/\/wtpartima.com\/tr\/wp-json\/wp\/v2\/pages"}],"about":[{"href":"https:\/\/wtpartima.com\/tr\/wp-json\/wp\/v2\/types\/page"}],"author":[{"embeddable":true,"href":"https:\/\/wtpartima.com\/tr\/wp-json\/wp\/v2\/users\/1"}],"replies":[{"embeddable":true,"href":"https:\/\/wtpartima.com\/tr\/wp-json\/wp\/v2\/comments?post=989842"}],"version-history":[{"count":4,"href":"https:\/\/wtpartima.com\/tr\/wp-json\/wp\/v2\/pages\/989842\/revisions"}],"predecessor-version":[{"id":989930,"href":"https:\/\/wtpartima.com\/tr\/wp-json\/wp\/v2\/pages\/989842\/revisions\/989930"}],"wp:attachment":[{"href":"https:\/\/wtpartima.com\/tr\/wp-json\/wp\/v2\/media?parent=989842"}],"curies":[{"name":"wp","href":"https:\/\/api.w.org\/{rel}","templated":true}]}}