{"id":989840,"date":"2024-07-03T07:37:54","date_gmt":"2024-07-03T07:37:54","guid":{"rendered":"https:\/\/wtpartima.com\/kapak\/"},"modified":"2024-07-10T03:42:35","modified_gmt":"2024-07-10T03:42:35","slug":"kapak","status":"publish","type":"page","link":"https:\/\/wtpartima.com\/tr\/kapak\/","title":{"rendered":"KAPAK"},"content":{"rendered":"\t\t<div data-elementor-type=\"wp-page\" data-elementor-id=\"989840\" class=\"elementor elementor-989840 elementor-987966\" data-elementor-post-type=\"page\">\n\t\t\t\t<div class=\"elementor-element elementor-element-fd36013 e-flex e-con-boxed e-con e-parent\" data-id=\"fd36013\" data-element_type=\"container\">\n\t\t\t\t\t<div class=\"e-con-inner\">\n\t\t\t\t<div class=\"elementor-element elementor-element-3aa90e6 elementor-widget elementor-widget-heading\" data-id=\"3aa90e6\" data-element_type=\"widget\" data-widget_type=\"heading.default\">\n\t\t\t\t<div class=\"elementor-widget-container\">\n\t\t\t<style>\/*! elementor - v3.22.0 - 26-06-2024 *\/\n.elementor-heading-title{padding:0;margin:0;line-height:1}.elementor-widget-heading .elementor-heading-title[class*=elementor-size-]>a{color:inherit;font-size:inherit;line-height:inherit}.elementor-widget-heading .elementor-heading-title.elementor-size-small{font-size:15px}.elementor-widget-heading .elementor-heading-title.elementor-size-medium{font-size:19px}.elementor-widget-heading .elementor-heading-title.elementor-size-large{font-size:29px}.elementor-widget-heading .elementor-heading-title.elementor-size-xl{font-size:39px}.elementor-widget-heading .elementor-heading-title.elementor-size-xxl{font-size:59px}<\/style><h1 class=\"elementor-heading-title elementor-size-default\">KAPAK<\/h1>\t\t<\/div>\n\t\t\t\t<\/div>\n\t\t\t\t<div class=\"elementor-element elementor-element-be2d266 elementor-widget elementor-widget-text-editor\" data-id=\"be2d266\" data-element_type=\"widget\" data-widget_type=\"text-editor.default\">\n\t\t\t\t<div class=\"elementor-widget-container\">\n\t\t\t<style>\/*! elementor - v3.22.0 - 26-06-2024 *\/\n.elementor-widget-text-editor.elementor-drop-cap-view-stacked .elementor-drop-cap{background-color:#69727d;color:#fff}.elementor-widget-text-editor.elementor-drop-cap-view-framed .elementor-drop-cap{color:#69727d;border:3px solid;background-color:transparent}.elementor-widget-text-editor:not(.elementor-drop-cap-view-default) .elementor-drop-cap{margin-top:8px}.elementor-widget-text-editor:not(.elementor-drop-cap-view-default) .elementor-drop-cap-letter{width:1em;height:1em}.elementor-widget-text-editor .elementor-drop-cap{float:left;text-align:center;line-height:1;font-size:50px}.elementor-widget-text-editor .elementor-drop-cap-letter{display:inline-block}<\/style>\t\t\t\t<h4><strong><u><\/u>WTP ARTIMA, KELEBEK G\u0130B\u0130 MANUEL VE ELEKTR\u0130K BA\u011eLANTILI FARKLI T\u0130PTE VANALAR, S\u00dcRG\u00dcL\u00dc VANA, D\u00dcNYA \u00c7APINDA VANA, HAVA GER\u00c7EKLER\u0130 VANA, ESNEK HORTUM, \u00c7EKVALF, <strong><\/strong><\/strong><\/h4>\n<h4><strong>ADAPT\u00d6RLER KAPL\u0130N VE BUNLARIN T\u00dcRK\u0130YE\u2019DE VEYA AVRUPA\u2019DA \u00dcRET\u0130LEN B\u0130R\u00c7OK \u00c7E\u015e\u0130D\u0130N\u0130 TEDAR\u0130K EDEB\u0130L\u0130R.<\/strong><\/h4>\n<h4><strong>T\u00dcRK\u0130YE\u2019DE VE AVRUPA\u2019DA B\u0130R\u00c7OK VANA \u00dcRET\u0130C\u0130S\u0130 \u0130LE ANLA\u015eAB\u0130L\u0130R\u0130Z<\/strong><\/h4>\n<h4><strong>KAPAS\u0130TE 50 MM\u2019DEN \u0130T\u0130BAREN HAVA AKI\u015eI 2000 MM\u2019YE KADAR<\/strong><\/h4>\n\t\t\t\t\t\t<\/div>\n\t\t\t\t<\/div>\n\t\t\t\t\t<\/div>\n\t\t\t\t<\/div>\n\t\t<div class=\"elementor-element elementor-element-de5f3b0 e-flex e-con-boxed e-con e-parent\" data-id=\"de5f3b0\" data-element_type=\"container\" data-settings=\"{&quot;background_background&quot;:&quot;classic&quot;}\">\n\t\t\t\t\t<div class=\"e-con-inner\">\n\t\t<div class=\"elementor-element elementor-element-b7e39ab e-con-full e-flex e-con e-child\" data-id=\"b7e39ab\" data-element_type=\"container\">\n\t\t\t\t<div class=\"elementor-element elementor-element-917dbe2 elementor-widget elementor-widget-image\" data-id=\"917dbe2\" data-element_type=\"widget\" data-widget_type=\"image.default\">\n\t\t\t\t<div class=\"elementor-widget-container\">\n\t\t\t<style>\/*! elementor - v3.22.0 - 26-06-2024 *\/\n.elementor-widget-image{text-align:center}.elementor-widget-image a{display:inline-block}.elementor-widget-image a img[src$=\".svg\"]{width:48px}.elementor-widget-image img{vertical-align:middle;display:inline-block}<\/style>\t\t\t\t\t\t\t\t\t\t<img decoding=\"async\" width=\"179\" height=\"224\" src=\"https:\/\/wtpartima.com\/wp-content\/uploads\/2024\/07\/35.jpg\" class=\"attachment-large size-large wp-image-988754\" alt=\"\" \/>\t\t\t\t\t\t\t\t\t\t\t\t\t<\/div>\n\t\t\t\t<\/div>\n\t\t\t\t<\/div>\n\t\t<div class=\"elementor-element elementor-element-4e82ac4 e-con-full e-flex e-con e-child\" data-id=\"4e82ac4\" data-element_type=\"container\">\n\t\t\t\t<div class=\"elementor-element elementor-element-51ec266 elementor-widget elementor-widget-image\" data-id=\"51ec266\" data-element_type=\"widget\" data-widget_type=\"image.default\">\n\t\t\t\t<div class=\"elementor-widget-container\">\n\t\t\t\t\t\t\t\t\t\t\t\t\t<img decoding=\"async\" width=\"141\" height=\"221\" src=\"https:\/\/wtpartima.com\/wp-content\/uploads\/2024\/07\/29.jpg\" class=\"attachment-large size-large wp-image-988755\" alt=\"\" \/>\t\t\t\t\t\t\t\t\t\t\t\t\t<\/div>\n\t\t\t\t<\/div>\n\t\t\t\t<\/div>\n\t\t<div class=\"elementor-element elementor-element-e17e6a3 e-con-full e-flex e-con e-child\" data-id=\"e17e6a3\" data-element_type=\"container\">\n\t\t\t\t<div class=\"elementor-element elementor-element-bff5954 elementor-widget elementor-widget-image\" data-id=\"bff5954\" data-element_type=\"widget\" data-widget_type=\"image.default\">\n\t\t\t\t<div class=\"elementor-widget-container\">\n\t\t\t\t\t\t\t\t\t\t\t\t\t<img decoding=\"async\" width=\"202\" height=\"242\" src=\"https:\/\/wtpartima.com\/wp-content\/uploads\/2024\/07\/28.jpg\" class=\"attachment-large size-large wp-image-988756\" alt=\"\" \/>\t\t\t\t\t\t\t\t\t\t\t\t\t<\/div>\n\t\t\t\t<\/div>\n\t\t\t\t<\/div>\n\t\t<div class=\"elementor-element elementor-element-6dc3ab8 e-con-full e-flex e-con e-child\" data-id=\"6dc3ab8\" data-element_type=\"container\">\n\t\t\t\t<div class=\"elementor-element elementor-element-843cf00 elementor-widget elementor-widget-image\" data-id=\"843cf00\" data-element_type=\"widget\" data-widget_type=\"image.default\">\n\t\t\t\t<div class=\"elementor-widget-container\">\n\t\t\t\t\t\t\t\t\t\t\t\t\t<img loading=\"lazy\" decoding=\"async\" width=\"196\" height=\"196\" src=\"https:\/\/wtpartima.com\/wp-content\/uploads\/2024\/07\/27.jpg\" class=\"attachment-large size-large wp-image-988757\" alt=\"\" srcset=\"https:\/\/wtpartima.com\/wp-content\/uploads\/2024\/07\/27.jpg 196w, https:\/\/wtpartima.com\/wp-content\/uploads\/2024\/07\/27-150x150.jpg 150w\" sizes=\"(max-width: 196px) 100vw, 196px\" \/>\t\t\t\t\t\t\t\t\t\t\t\t\t<\/div>\n\t\t\t\t<\/div>\n\t\t\t\t<\/div>\n\t\t<div class=\"elementor-element elementor-element-ddef54a e-con-full e-flex e-con e-child\" data-id=\"ddef54a\" data-element_type=\"container\">\n\t\t\t\t<div class=\"elementor-element elementor-element-02e5ee0 elementor-widget elementor-widget-image\" data-id=\"02e5ee0\" data-element_type=\"widget\" data-widget_type=\"image.default\">\n\t\t\t\t<div class=\"elementor-widget-container\">\n\t\t\t\t\t\t\t\t\t\t\t\t\t<img loading=\"lazy\" decoding=\"async\" width=\"150\" height=\"168\" src=\"https:\/\/wtpartima.com\/wp-content\/uploads\/2024\/07\/26.jpg\" class=\"attachment-large size-large wp-image-988758\" alt=\"\" \/>\t\t\t\t\t\t\t\t\t\t\t\t\t<\/div>\n\t\t\t\t<\/div>\n\t\t\t\t<\/div>\n\t\t<div class=\"elementor-element elementor-element-3031650 e-con-full e-flex e-con e-child\" data-id=\"3031650\" data-element_type=\"container\">\n\t\t\t\t<div class=\"elementor-element elementor-element-cf77e22 elementor-widget elementor-widget-image\" data-id=\"cf77e22\" data-element_type=\"widget\" data-widget_type=\"image.default\">\n\t\t\t\t<div class=\"elementor-widget-container\">\n\t\t\t\t\t\t\t\t\t\t\t\t\t<img loading=\"lazy\" decoding=\"async\" width=\"184\" height=\"168\" src=\"https:\/\/wtpartima.com\/wp-content\/uploads\/2024\/07\/31.jpg\" class=\"attachment-large size-large wp-image-988759\" alt=\"\" \/>\t\t\t\t\t\t\t\t\t\t\t\t\t<\/div>\n\t\t\t\t<\/div>\n\t\t\t\t<\/div>\n\t\t<div class=\"elementor-element elementor-element-3f845ba e-con-full e-flex e-con e-child\" data-id=\"3f845ba\" data-element_type=\"container\">\n\t\t\t\t<div class=\"elementor-element elementor-element-b001269 elementor-widget elementor-widget-image\" data-id=\"b001269\" data-element_type=\"widget\" data-widget_type=\"image.default\">\n\t\t\t\t<div class=\"elementor-widget-container\">\n\t\t\t\t\t\t\t\t\t\t\t\t\t<img loading=\"lazy\" decoding=\"async\" width=\"176\" height=\"169\" src=\"https:\/\/wtpartima.com\/wp-content\/uploads\/2024\/07\/38.jpg\" class=\"attachment-large size-large wp-image-988760\" alt=\"\" \/>\t\t\t\t\t\t\t\t\t\t\t\t\t<\/div>\n\t\t\t\t<\/div>\n\t\t\t\t<\/div>\n\t\t<div class=\"elementor-element elementor-element-33289ea e-con-full e-flex e-con e-child\" data-id=\"33289ea\" data-element_type=\"container\">\n\t\t\t\t<div class=\"elementor-element elementor-element-6ee4f91 elementor-widget elementor-widget-image\" data-id=\"6ee4f91\" data-element_type=\"widget\" data-widget_type=\"image.default\">\n\t\t\t\t<div class=\"elementor-widget-container\">\n\t\t\t\t\t\t\t\t\t\t\t\t\t<img loading=\"lazy\" decoding=\"async\" width=\"217\" height=\"207\" src=\"https:\/\/wtpartima.com\/wp-content\/uploads\/2024\/07\/25.jpg\" class=\"attachment-large size-large wp-image-988761\" alt=\"\" \/>\t\t\t\t\t\t\t\t\t\t\t\t\t<\/div>\n\t\t\t\t<\/div>\n\t\t\t\t<\/div>\n\t\t\t\t\t<\/div>\n\t\t\t\t<\/div>\n\t\t\t\t<\/div>\n\t\t","protected":false},"excerpt":{"rendered":"<p>KAPAK WTP ARTIMA, KELEBEK G\u0130B\u0130 MANUEL VE ELEKTR\u0130K BA\u011eLANTILI FARKLI T\u0130PTE VANALAR, S\u00dcRG\u00dcL\u00dc VANA, D\u00dcNYA \u00c7APINDA VANA, HAVA GER\u00c7EKLER\u0130 VANA, ESNEK HORTUM, \u00c7EKVALF, ADAPT\u00d6RLER KAPL\u0130N VE BUNLARIN T\u00dcRK\u0130YE\u2019DE VEYA AVRUPA\u2019DA \u00dcRET\u0130LEN B\u0130R\u00c7OK \u00c7E\u015e\u0130D\u0130N\u0130 TEDAR\u0130K EDEB\u0130L\u0130R. T\u00dcRK\u0130YE\u2019DE VE AVRUPA\u2019DA B\u0130R\u00c7OK VANA \u00dcRET\u0130C\u0130S\u0130 \u0130LE ANLA\u015eAB\u0130L\u0130R\u0130Z KAPAS\u0130TE 50 MM\u2019DEN \u0130T\u0130BAREN HAVA AKI\u015eI 2000 MM\u2019YE KADAR<\/p>\n","protected":false},"author":1,"featured_media":0,"parent":0,"menu_order":0,"comment_status":"closed","ping_status":"closed","template":"","meta":{"_uag_custom_page_level_css":"","footnotes":""},"aioseo_notices":[],"uagb_featured_image_src":{"full":false,"thumbnail":false,"medium":false,"medium_large":false,"large":false,"1536x1536":false,"2048x2048":false},"uagb_author_info":{"display_name":"ubeyda.saar@gmail.com","author_link":"https:\/\/wtpartima.com\/tr\/author\/ubeyda-saargmail-com\/"},"uagb_comment_info":0,"uagb_excerpt":"KAPAK WTP ARTIMA, KELEBEK G\u0130B\u0130 MANUEL VE ELEKTR\u0130K BA\u011eLANTILI FARKLI T\u0130PTE VANALAR, S\u00dcRG\u00dcL\u00dc VANA, D\u00dcNYA \u00c7APINDA VANA, HAVA GER\u00c7EKLER\u0130 VANA, ESNEK HORTUM, \u00c7EKVALF, ADAPT\u00d6RLER KAPL\u0130N VE BUNLARIN T\u00dcRK\u0130YE\u2019DE VEYA AVRUPA\u2019DA \u00dcRET\u0130LEN B\u0130R\u00c7OK \u00c7E\u015e\u0130D\u0130N\u0130 TEDAR\u0130K EDEB\u0130L\u0130R. T\u00dcRK\u0130YE\u2019DE VE AVRUPA\u2019DA B\u0130R\u00c7OK VANA \u00dcRET\u0130C\u0130S\u0130 \u0130LE ANLA\u015eAB\u0130L\u0130R\u0130Z KAPAS\u0130TE 50 MM\u2019DEN \u0130T\u0130BAREN HAVA AKI\u015eI 2000 MM\u2019YE KADAR","_links":{"self":[{"href":"https:\/\/wtpartima.com\/tr\/wp-json\/wp\/v2\/pages\/989840"}],"collection":[{"href":"https:\/\/wtpartima.com\/tr\/wp-json\/wp\/v2\/pages"}],"about":[{"href":"https:\/\/wtpartima.com\/tr\/wp-json\/wp\/v2\/types\/page"}],"author":[{"embeddable":true,"href":"https:\/\/wtpartima.com\/tr\/wp-json\/wp\/v2\/users\/1"}],"replies":[{"embeddable":true,"href":"https:\/\/wtpartima.com\/tr\/wp-json\/wp\/v2\/comments?post=989840"}],"version-history":[{"count":1,"href":"https:\/\/wtpartima.com\/tr\/wp-json\/wp\/v2\/pages\/989840\/revisions"}],"predecessor-version":[{"id":989841,"href":"https:\/\/wtpartima.com\/tr\/wp-json\/wp\/v2\/pages\/989840\/revisions\/989841"}],"wp:attachment":[{"href":"https:\/\/wtpartima.com\/tr\/wp-json\/wp\/v2\/media?parent=989840"}],"curies":[{"name":"wp","href":"https:\/\/api.w.org\/{rel}","templated":true}]}}