{"id":989838,"date":"2024-07-03T07:38:15","date_gmt":"2024-07-03T07:38:15","guid":{"rendered":"https:\/\/wtpartima.com\/korukler\/"},"modified":"2024-07-10T03:40:41","modified_gmt":"2024-07-10T03:40:41","slug":"korukler","status":"publish","type":"page","link":"https:\/\/wtpartima.com\/tr\/korukler\/","title":{"rendered":"K\u00d6R\u00dcKLER"},"content":{"rendered":"\t\t<div data-elementor-type=\"wp-page\" data-elementor-id=\"989838\" class=\"elementor elementor-989838 elementor-987969\" data-elementor-post-type=\"page\">\n\t\t\t\t<div class=\"elementor-element elementor-element-215a036 e-flex e-con-boxed e-con e-parent\" data-id=\"215a036\" data-element_type=\"container\">\n\t\t\t\t\t<div class=\"e-con-inner\">\n\t\t\t\t<div class=\"elementor-element elementor-element-2b17ef2 elementor-widget elementor-widget-heading\" data-id=\"2b17ef2\" data-element_type=\"widget\" data-widget_type=\"heading.default\">\n\t\t\t\t<div class=\"elementor-widget-container\">\n\t\t\t<style>\/*! elementor - v3.22.0 - 26-06-2024 *\/\n.elementor-heading-title{padding:0;margin:0;line-height:1}.elementor-widget-heading .elementor-heading-title[class*=elementor-size-]>a{color:inherit;font-size:inherit;line-height:inherit}.elementor-widget-heading .elementor-heading-title.elementor-size-small{font-size:15px}.elementor-widget-heading .elementor-heading-title.elementor-size-medium{font-size:19px}.elementor-widget-heading .elementor-heading-title.elementor-size-large{font-size:29px}.elementor-widget-heading .elementor-heading-title.elementor-size-xl{font-size:39px}.elementor-widget-heading .elementor-heading-title.elementor-size-xxl{font-size:59px}<\/style><h1 class=\"elementor-heading-title elementor-size-default\">K\u00d6R\u00dcKLER<\/h1>\t\t<\/div>\n\t\t\t\t<\/div>\n\t\t\t\t<div class=\"elementor-element elementor-element-8922abb elementor-widget elementor-widget-text-editor\" data-id=\"8922abb\" data-element_type=\"widget\" data-widget_type=\"text-editor.default\">\n\t\t\t\t<div class=\"elementor-widget-container\">\n\t\t\t<style>\/*! elementor - v3.22.0 - 26-06-2024 *\/\n.elementor-widget-text-editor.elementor-drop-cap-view-stacked .elementor-drop-cap{background-color:#69727d;color:#fff}.elementor-widget-text-editor.elementor-drop-cap-view-framed .elementor-drop-cap{color:#69727d;border:3px solid;background-color:transparent}.elementor-widget-text-editor:not(.elementor-drop-cap-view-default) .elementor-drop-cap{margin-top:8px}.elementor-widget-text-editor:not(.elementor-drop-cap-view-default) .elementor-drop-cap-letter{width:1em;height:1em}.elementor-widget-text-editor .elementor-drop-cap{float:left;text-align:center;line-height:1;font-size:50px}.elementor-widget-text-editor .elementor-drop-cap-letter{display:inline-block}<\/style>\t\t\t\t<h5><strong>WTP ARTIMA FARKLI T\u0130PLERDE BLOWER , ROTARY VAN , V\u0130DALI , KAYI\u015eLI , \u00c7\u0130FT \/ \u00dc\u00c7 KADEMEL\u0130 V\u0130DALI KOMPRES\u00d6R TEDAR\u0130K EDEB\u0130L\u0130R AYRICA 3 HIZLI ( 3000 , 1500 &amp; 1000 ) TEK KADEMEL\u0130 VEYA \u00c7\u0130FT KADEMEL\u0130 \u00dcRET\u0130M T\u00dcRK\u0130YE VEYA AVRUPA YAPAB\u0130L\u0130R\u0130Z.<\/strong><\/h5>\n<h5><strong>100 M3\/SAATTEN 50.000 M3\/SAAT\u2019E KADAR KAPAS\u0130TEYE SAH\u0130P HAVA DEB\u0130S\u0130<\/strong><\/h5>\n<h5><strong>T\u00dcRK\u0130YE VE AVRUPA\u2019DAK\u0130 B\u0130R\u00c7OK \u00dcRET\u0130C\u0130 \u00dcRET\u0130C\u0130Y\u0130 \u0130LE \u0130LG\u0130LENEB\u0130L\u0130R\u0130Z.<\/strong><\/h5>\n\t\t\t\t\t\t<\/div>\n\t\t\t\t<\/div>\n\t\t\t\t\t<\/div>\n\t\t\t\t<\/div>\n\t\t<div class=\"elementor-element elementor-element-dcfb8fb e-flex e-con-boxed e-con e-parent\" data-id=\"dcfb8fb\" data-element_type=\"container\" data-settings=\"{&quot;background_background&quot;:&quot;classic&quot;}\">\n\t\t\t\t\t<div class=\"e-con-inner\">\n\t\t<div class=\"elementor-element elementor-element-7f82065 e-con-full e-flex e-con e-child\" data-id=\"7f82065\" data-element_type=\"container\">\n\t\t\t\t<div class=\"elementor-element elementor-element-0d2ec59 elementor-widget elementor-widget-image\" data-id=\"0d2ec59\" data-element_type=\"widget\" data-widget_type=\"image.default\">\n\t\t\t\t<div class=\"elementor-widget-container\">\n\t\t\t<style>\/*! elementor - v3.22.0 - 26-06-2024 *\/\n.elementor-widget-image{text-align:center}.elementor-widget-image a{display:inline-block}.elementor-widget-image a img[src$=\".svg\"]{width:48px}.elementor-widget-image img{vertical-align:middle;display:inline-block}<\/style>\t\t\t\t\t\t\t\t\t\t<img decoding=\"async\" width=\"205\" height=\"205\" src=\"https:\/\/wtpartima.com\/wp-content\/uploads\/2024\/07\/36.jpg\" class=\"attachment-large size-large wp-image-988744\" alt=\"\" srcset=\"https:\/\/wtpartima.com\/wp-content\/uploads\/2024\/07\/36.jpg 205w, https:\/\/wtpartima.com\/wp-content\/uploads\/2024\/07\/36-150x150.jpg 150w\" sizes=\"(max-width: 205px) 100vw, 205px\" \/>\t\t\t\t\t\t\t\t\t\t\t\t\t<\/div>\n\t\t\t\t<\/div>\n\t\t\t\t<\/div>\n\t\t<div class=\"elementor-element elementor-element-efbc929 e-con-full e-flex e-con e-child\" data-id=\"efbc929\" data-element_type=\"container\">\n\t\t\t\t<div class=\"elementor-element elementor-element-f083dd2 elementor-widget elementor-widget-image\" data-id=\"f083dd2\" data-element_type=\"widget\" data-widget_type=\"image.default\">\n\t\t\t\t<div class=\"elementor-widget-container\">\n\t\t\t\t\t\t\t\t\t\t\t\t\t<img decoding=\"async\" width=\"195\" height=\"205\" src=\"https:\/\/wtpartima.com\/wp-content\/uploads\/2024\/07\/37.jpg\" class=\"attachment-large size-large wp-image-988745\" alt=\"\" \/>\t\t\t\t\t\t\t\t\t\t\t\t\t<\/div>\n\t\t\t\t<\/div>\n\t\t\t\t<\/div>\n\t\t<div class=\"elementor-element elementor-element-d3a0768 e-con-full e-flex e-con e-child\" data-id=\"d3a0768\" data-element_type=\"container\">\n\t\t\t\t<div class=\"elementor-element elementor-element-787759d elementor-widget elementor-widget-image\" data-id=\"787759d\" data-element_type=\"widget\" data-widget_type=\"image.default\">\n\t\t\t\t<div class=\"elementor-widget-container\">\n\t\t\t\t\t\t\t\t\t\t\t\t\t<img fetchpriority=\"high\" decoding=\"async\" width=\"258\" height=\"258\" src=\"https:\/\/wtpartima.com\/wp-content\/uploads\/2024\/07\/21.jpg\" class=\"attachment-large size-large wp-image-988746\" alt=\"\" srcset=\"https:\/\/wtpartima.com\/wp-content\/uploads\/2024\/07\/21.jpg 258w, https:\/\/wtpartima.com\/wp-content\/uploads\/2024\/07\/21-150x150.jpg 150w, https:\/\/wtpartima.com\/wp-content\/uploads\/2024\/07\/elementor\/thumbs\/21-150x150.jpg 800w\" sizes=\"(max-width: 258px) 100vw, 258px\" \/>\t\t\t\t\t\t\t\t\t\t\t\t\t<\/div>\n\t\t\t\t<\/div>\n\t\t\t\t<\/div>\n\t\t\t\t\t<\/div>\n\t\t\t\t<\/div>\n\t\t\t\t<\/div>\n\t\t","protected":false},"excerpt":{"rendered":"<p>K\u00d6R\u00dcKLER WTP ARTIMA FARKLI T\u0130PLERDE BLOWER , ROTARY VAN , V\u0130DALI , KAYI\u015eLI , \u00c7\u0130FT \/ \u00dc\u00c7 KADEMEL\u0130 V\u0130DALI KOMPRES\u00d6R TEDAR\u0130K EDEB\u0130L\u0130R AYRICA 3 HIZLI ( 3000 , 1500 &amp; 1000 ) TEK KADEMEL\u0130 VEYA \u00c7\u0130FT KADEMEL\u0130 \u00dcRET\u0130M T\u00dcRK\u0130YE VEYA AVRUPA YAPAB\u0130L\u0130R\u0130Z. 100 M3\/SAATTEN 50.000 M3\/SAAT\u2019E KADAR KAPAS\u0130TEYE SAH\u0130P HAVA DEB\u0130S\u0130 T\u00dcRK\u0130YE VE AVRUPA\u2019DAK\u0130 B\u0130R\u00c7OK&#8230;<\/p>\n","protected":false},"author":1,"featured_media":0,"parent":0,"menu_order":0,"comment_status":"closed","ping_status":"closed","template":"","meta":{"_uag_custom_page_level_css":"","footnotes":""},"aioseo_notices":[],"uagb_featured_image_src":{"full":false,"thumbnail":false,"medium":false,"medium_large":false,"large":false,"1536x1536":false,"2048x2048":false},"uagb_author_info":{"display_name":"ubeyda.saar@gmail.com","author_link":"https:\/\/wtpartima.com\/tr\/author\/ubeyda-saargmail-com\/"},"uagb_comment_info":0,"uagb_excerpt":"K\u00d6R\u00dcKLER WTP ARTIMA FARKLI T\u0130PLERDE BLOWER , ROTARY VAN , V\u0130DALI , KAYI\u015eLI , \u00c7\u0130FT \/ \u00dc\u00c7 KADEMEL\u0130 V\u0130DALI KOMPRES\u00d6R TEDAR\u0130K EDEB\u0130L\u0130R AYRICA 3 HIZLI ( 3000 , 1500 &amp; 1000 ) TEK KADEMEL\u0130 VEYA \u00c7\u0130FT KADEMEL\u0130 \u00dcRET\u0130M T\u00dcRK\u0130YE VEYA AVRUPA YAPAB\u0130L\u0130R\u0130Z. 100 M3\/SAATTEN 50.000 M3\/SAAT\u2019E KADAR KAPAS\u0130TEYE SAH\u0130P HAVA DEB\u0130S\u0130 T\u00dcRK\u0130YE VE AVRUPA\u2019DAK\u0130 B\u0130R\u00c7OK...","_links":{"self":[{"href":"https:\/\/wtpartima.com\/tr\/wp-json\/wp\/v2\/pages\/989838"}],"collection":[{"href":"https:\/\/wtpartima.com\/tr\/wp-json\/wp\/v2\/pages"}],"about":[{"href":"https:\/\/wtpartima.com\/tr\/wp-json\/wp\/v2\/types\/page"}],"author":[{"embeddable":true,"href":"https:\/\/wtpartima.com\/tr\/wp-json\/wp\/v2\/users\/1"}],"replies":[{"embeddable":true,"href":"https:\/\/wtpartima.com\/tr\/wp-json\/wp\/v2\/comments?post=989838"}],"version-history":[{"count":1,"href":"https:\/\/wtpartima.com\/tr\/wp-json\/wp\/v2\/pages\/989838\/revisions"}],"predecessor-version":[{"id":989839,"href":"https:\/\/wtpartima.com\/tr\/wp-json\/wp\/v2\/pages\/989838\/revisions\/989839"}],"wp:attachment":[{"href":"https:\/\/wtpartima.com\/tr\/wp-json\/wp\/v2\/media?parent=989838"}],"curies":[{"name":"wp","href":"https:\/\/api.w.org\/{rel}","templated":true}]}}