{"id":989836,"date":"2024-07-03T07:38:35","date_gmt":"2024-07-03T07:38:35","guid":{"rendered":"https:\/\/wtpartima.com\/vincler\/"},"modified":"2024-07-10T03:38:42","modified_gmt":"2024-07-10T03:38:42","slug":"vincler","status":"publish","type":"page","link":"https:\/\/wtpartima.com\/tr\/vincler\/","title":{"rendered":"V\u0130N\u00c7LER"},"content":{"rendered":"\t\t<div data-elementor-type=\"wp-page\" data-elementor-id=\"989836\" class=\"elementor elementor-989836 elementor-987972\" data-elementor-post-type=\"page\">\n\t\t\t\t<div class=\"elementor-element elementor-element-ce1dce1 e-flex e-con-boxed e-con e-parent\" data-id=\"ce1dce1\" data-element_type=\"container\">\n\t\t\t\t\t<div class=\"e-con-inner\">\n\t\t\t\t<div class=\"elementor-element elementor-element-eb2fba3 elementor-widget elementor-widget-heading\" data-id=\"eb2fba3\" data-element_type=\"widget\" data-widget_type=\"heading.default\">\n\t\t\t\t<div class=\"elementor-widget-container\">\n\t\t\t<style>\/*! elementor - v3.22.0 - 26-06-2024 *\/\n.elementor-heading-title{padding:0;margin:0;line-height:1}.elementor-widget-heading .elementor-heading-title[class*=elementor-size-]>a{color:inherit;font-size:inherit;line-height:inherit}.elementor-widget-heading .elementor-heading-title.elementor-size-small{font-size:15px}.elementor-widget-heading .elementor-heading-title.elementor-size-medium{font-size:19px}.elementor-widget-heading .elementor-heading-title.elementor-size-large{font-size:29px}.elementor-widget-heading .elementor-heading-title.elementor-size-xl{font-size:39px}.elementor-widget-heading .elementor-heading-title.elementor-size-xxl{font-size:59px}<\/style><h1 class=\"elementor-heading-title elementor-size-default\">V\u0130N\u00c7LER<\/h1>\t\t<\/div>\n\t\t\t\t<\/div>\n\t\t\t\t\t<\/div>\n\t\t\t\t<\/div>\n\t\t<div class=\"elementor-element elementor-element-19401e4 e-flex e-con-boxed e-con e-parent\" data-id=\"19401e4\" data-element_type=\"container\" data-settings=\"{&quot;background_background&quot;:&quot;classic&quot;}\">\n\t\t\t\t\t<div class=\"e-con-inner\">\n\t\t\t\t<div class=\"elementor-element elementor-element-5954e79 elementor-widget elementor-widget-heading\" data-id=\"5954e79\" data-element_type=\"widget\" data-widget_type=\"heading.default\">\n\t\t\t\t<div class=\"elementor-widget-container\">\n\t\t\t<h5 class=\"elementor-heading-title elementor-size-default\">MONORAY V\u0130N\u00c7<\/h5>\t\t<\/div>\n\t\t\t\t<\/div>\n\t\t\t\t<div class=\"elementor-element elementor-element-7a39de5 elementor-widget elementor-widget-text-editor\" data-id=\"7a39de5\" data-element_type=\"widget\" data-widget_type=\"text-editor.default\">\n\t\t\t\t<div class=\"elementor-widget-container\">\n\t\t\t<style>\/*! elementor - v3.22.0 - 26-06-2024 *\/\n.elementor-widget-text-editor.elementor-drop-cap-view-stacked .elementor-drop-cap{background-color:#69727d;color:#fff}.elementor-widget-text-editor.elementor-drop-cap-view-framed .elementor-drop-cap{color:#69727d;border:3px solid;background-color:transparent}.elementor-widget-text-editor:not(.elementor-drop-cap-view-default) .elementor-drop-cap{margin-top:8px}.elementor-widget-text-editor:not(.elementor-drop-cap-view-default) .elementor-drop-cap-letter{width:1em;height:1em}.elementor-widget-text-editor .elementor-drop-cap{float:left;text-align:center;line-height:1;font-size:50px}.elementor-widget-text-editor .elementor-drop-cap-letter{display:inline-block}<\/style>\t\t\t\t<h5><strong><u>WTP ARTIMA,<\/u><\/strong><strong> MONORAY, TEK K\u0130R\u0130\u015eL\u0130 VE \u00c7\u0130FT K\u0130R\u0130\u015eL\u0130 G\u0130B\u0130 FARKLI T\u0130PTE V\u0130N\u00c7LER TEDAR\u0130K EDEB\u0130L\u0130R VE AYRICA T\u00dcRK\u0130YE VEYA AVRUPA\u2019DA 4 HIZLI VEYA \u0130K\u0130 HIZLI, D\u00d6RT Y\u00d6NL\u00dc VE \u0130K\u0130 Y\u00d6NL\u00dc \u00dcRET\u0130M YAPAB\u0130L\u0130R\u0130Z .<\/strong><\/h5>\n<h5><strong>T\u00dcRK\u0130YE VE AVRUPA\u2019DAK\u0130 B\u0130R\u00c7OK POMPA \u00dcRET\u0130C\u0130S\u0130 \u0130LE ANLA\u015eAB\u0130L\u0130R\u0130Z<\/strong><\/h5>\n<h5><strong>500 KG\u2019DEN BA\u015eLAYAN KAPAS\u0130TE 35.000 KG\u2019Y\u0130 G\u00d6STER\u0130R.<\/strong><\/h5>\n\t\t\t\t\t\t<\/div>\n\t\t\t\t<\/div>\n\t\t\t\t\t<\/div>\n\t\t\t\t<\/div>\n\t\t<div class=\"elementor-element elementor-element-c42283c e-flex e-con-boxed e-con e-parent\" data-id=\"c42283c\" data-element_type=\"container\" data-settings=\"{&quot;background_background&quot;:&quot;classic&quot;}\">\n\t\t\t\t\t<div class=\"e-con-inner\">\n\t\t<div class=\"elementor-element elementor-element-9fa1d02 e-con-full e-flex e-con e-child\" data-id=\"9fa1d02\" data-element_type=\"container\">\n\t\t\t\t<div class=\"elementor-element elementor-element-efbc29a elementor-widget elementor-widget-image\" data-id=\"efbc29a\" data-element_type=\"widget\" data-widget_type=\"image.default\">\n\t\t\t\t<div class=\"elementor-widget-container\">\n\t\t\t<style>\/*! elementor - v3.22.0 - 26-06-2024 *\/\n.elementor-widget-image{text-align:center}.elementor-widget-image a{display:inline-block}.elementor-widget-image a img[src$=\".svg\"]{width:48px}.elementor-widget-image img{vertical-align:middle;display:inline-block}<\/style>\t\t\t\t\t\t\t\t\t\t<img fetchpriority=\"high\" decoding=\"async\" width=\"300\" height=\"222\" src=\"https:\/\/wtpartima.com\/wp-content\/uploads\/2024\/07\/33.jpg\" class=\"attachment-large size-large wp-image-988731\" alt=\"\" \/>\t\t\t\t\t\t\t\t\t\t\t\t\t<\/div>\n\t\t\t\t<\/div>\n\t\t\t\t<\/div>\n\t\t<div class=\"elementor-element elementor-element-97a94f9 e-con-full e-flex e-con e-child\" data-id=\"97a94f9\" data-element_type=\"container\">\n\t\t\t\t<div class=\"elementor-element elementor-element-964516a elementor-widget elementor-widget-image\" data-id=\"964516a\" data-element_type=\"widget\" data-widget_type=\"image.default\">\n\t\t\t\t<div class=\"elementor-widget-container\">\n\t\t\t\t\t\t\t\t\t\t\t\t\t<img decoding=\"async\" width=\"308\" height=\"202\" src=\"https:\/\/wtpartima.com\/wp-content\/uploads\/2024\/07\/34.jpg\" class=\"attachment-large size-large wp-image-988729\" alt=\"\" srcset=\"https:\/\/wtpartima.com\/wp-content\/uploads\/2024\/07\/34.jpg 308w, https:\/\/wtpartima.com\/wp-content\/uploads\/2024\/07\/34-300x197.jpg 300w\" sizes=\"(max-width: 308px) 100vw, 308px\" \/>\t\t\t\t\t\t\t\t\t\t\t\t\t<\/div>\n\t\t\t\t<\/div>\n\t\t\t\t<\/div>\n\t\t<div class=\"elementor-element elementor-element-96cc333 e-con-full e-flex e-con e-child\" data-id=\"96cc333\" data-element_type=\"container\">\n\t\t\t\t<div class=\"elementor-element elementor-element-3262576 elementor-widget elementor-widget-image\" data-id=\"3262576\" data-element_type=\"widget\" data-widget_type=\"image.default\">\n\t\t\t\t<div class=\"elementor-widget-container\">\n\t\t\t\t\t\t\t\t\t\t\t\t\t<img decoding=\"async\" width=\"311\" height=\"197\" src=\"https:\/\/wtpartima.com\/wp-content\/uploads\/2024\/07\/32.jpg\" class=\"attachment-large size-large wp-image-988730\" alt=\"\" srcset=\"https:\/\/wtpartima.com\/wp-content\/uploads\/2024\/07\/32.jpg 311w, https:\/\/wtpartima.com\/wp-content\/uploads\/2024\/07\/32-300x190.jpg 300w\" sizes=\"(max-width: 311px) 100vw, 311px\" \/>\t\t\t\t\t\t\t\t\t\t\t\t\t<\/div>\n\t\t\t\t<\/div>\n\t\t\t\t<\/div>\n\t\t\t\t\t<\/div>\n\t\t\t\t<\/div>\n\t\t\t\t<\/div>\n\t\t","protected":false},"excerpt":{"rendered":"<p>V\u0130N\u00c7LER MONORAY V\u0130N\u00c7 WTP ARTIMA, MONORAY, TEK K\u0130R\u0130\u015eL\u0130 VE \u00c7\u0130FT K\u0130R\u0130\u015eL\u0130 G\u0130B\u0130 FARKLI T\u0130PTE V\u0130N\u00c7LER TEDAR\u0130K EDEB\u0130L\u0130R VE AYRICA T\u00dcRK\u0130YE VEYA AVRUPA\u2019DA 4 HIZLI VEYA \u0130K\u0130 HIZLI, D\u00d6RT Y\u00d6NL\u00dc VE \u0130K\u0130 Y\u00d6NL\u00dc \u00dcRET\u0130M YAPAB\u0130L\u0130R\u0130Z . T\u00dcRK\u0130YE VE AVRUPA\u2019DAK\u0130 B\u0130R\u00c7OK POMPA \u00dcRET\u0130C\u0130S\u0130 \u0130LE ANLA\u015eAB\u0130L\u0130R\u0130Z 500 KG\u2019DEN BA\u015eLAYAN KAPAS\u0130TE 35.000 KG\u2019Y\u0130 G\u00d6STER\u0130R.<\/p>\n","protected":false},"author":1,"featured_media":0,"parent":0,"menu_order":0,"comment_status":"closed","ping_status":"closed","template":"","meta":{"_uag_custom_page_level_css":"","footnotes":""},"aioseo_notices":[],"uagb_featured_image_src":{"full":false,"thumbnail":false,"medium":false,"medium_large":false,"large":false,"1536x1536":false,"2048x2048":false},"uagb_author_info":{"display_name":"ubeyda.saar@gmail.com","author_link":"https:\/\/wtpartima.com\/tr\/author\/ubeyda-saargmail-com\/"},"uagb_comment_info":0,"uagb_excerpt":"V\u0130N\u00c7LER MONORAY V\u0130N\u00c7 WTP ARTIMA, MONORAY, TEK K\u0130R\u0130\u015eL\u0130 VE \u00c7\u0130FT K\u0130R\u0130\u015eL\u0130 G\u0130B\u0130 FARKLI T\u0130PTE V\u0130N\u00c7LER TEDAR\u0130K EDEB\u0130L\u0130R VE AYRICA T\u00dcRK\u0130YE VEYA AVRUPA\u2019DA 4 HIZLI VEYA \u0130K\u0130 HIZLI, D\u00d6RT Y\u00d6NL\u00dc VE \u0130K\u0130 Y\u00d6NL\u00dc \u00dcRET\u0130M YAPAB\u0130L\u0130R\u0130Z . T\u00dcRK\u0130YE VE AVRUPA\u2019DAK\u0130 B\u0130R\u00c7OK POMPA \u00dcRET\u0130C\u0130S\u0130 \u0130LE ANLA\u015eAB\u0130L\u0130R\u0130Z 500 KG\u2019DEN BA\u015eLAYAN KAPAS\u0130TE 35.000 KG\u2019Y\u0130 G\u00d6STER\u0130R.","_links":{"self":[{"href":"https:\/\/wtpartima.com\/tr\/wp-json\/wp\/v2\/pages\/989836"}],"collection":[{"href":"https:\/\/wtpartima.com\/tr\/wp-json\/wp\/v2\/pages"}],"about":[{"href":"https:\/\/wtpartima.com\/tr\/wp-json\/wp\/v2\/types\/page"}],"author":[{"embeddable":true,"href":"https:\/\/wtpartima.com\/tr\/wp-json\/wp\/v2\/users\/1"}],"replies":[{"embeddable":true,"href":"https:\/\/wtpartima.com\/tr\/wp-json\/wp\/v2\/comments?post=989836"}],"version-history":[{"count":1,"href":"https:\/\/wtpartima.com\/tr\/wp-json\/wp\/v2\/pages\/989836\/revisions"}],"predecessor-version":[{"id":989837,"href":"https:\/\/wtpartima.com\/tr\/wp-json\/wp\/v2\/pages\/989836\/revisions\/989837"}],"wp:attachment":[{"href":"https:\/\/wtpartima.com\/tr\/wp-json\/wp\/v2\/media?parent=989836"}],"curies":[{"name":"wp","href":"https:\/\/api.w.org\/{rel}","templated":true}]}}