{"id":989834,"date":"2024-07-03T07:38:56","date_gmt":"2024-07-03T07:38:56","guid":{"rendered":"https:\/\/wtpartima.com\/pompalar\/"},"modified":"2024-07-10T03:36:16","modified_gmt":"2024-07-10T03:36:16","slug":"pompalar","status":"publish","type":"page","link":"https:\/\/wtpartima.com\/tr\/pompalar\/","title":{"rendered":"POMPALAR"},"content":{"rendered":"\t\t<div data-elementor-type=\"wp-page\" data-elementor-id=\"989834\" class=\"elementor elementor-989834 elementor-987975\" data-elementor-post-type=\"page\">\n\t\t\t\t<div class=\"elementor-element elementor-element-3fda116 e-flex e-con-boxed e-con e-parent\" data-id=\"3fda116\" data-element_type=\"container\">\n\t\t\t\t\t<div class=\"e-con-inner\">\n\t\t\t\t<div class=\"elementor-element elementor-element-354b41f elementor-widget elementor-widget-heading\" data-id=\"354b41f\" data-element_type=\"widget\" data-widget_type=\"heading.default\">\n\t\t\t\t<div class=\"elementor-widget-container\">\n\t\t\t<style>\/*! elementor - v3.22.0 - 26-06-2024 *\/\n.elementor-heading-title{padding:0;margin:0;line-height:1}.elementor-widget-heading .elementor-heading-title[class*=elementor-size-]>a{color:inherit;font-size:inherit;line-height:inherit}.elementor-widget-heading .elementor-heading-title.elementor-size-small{font-size:15px}.elementor-widget-heading .elementor-heading-title.elementor-size-medium{font-size:19px}.elementor-widget-heading .elementor-heading-title.elementor-size-large{font-size:29px}.elementor-widget-heading .elementor-heading-title.elementor-size-xl{font-size:39px}.elementor-widget-heading .elementor-heading-title.elementor-size-xxl{font-size:59px}<\/style><h1 class=\"elementor-heading-title elementor-size-default\">POMPALAR\n<\/h1>\t\t<\/div>\n\t\t\t\t<\/div>\n\t\t\t\t\t<\/div>\n\t\t\t\t<\/div>\n\t\t<div class=\"elementor-element elementor-element-6bd1252 e-flex e-con-boxed e-con e-parent\" data-id=\"6bd1252\" data-element_type=\"container\">\n\t\t\t\t\t<div class=\"e-con-inner\">\n\t\t\t\t<div class=\"elementor-element elementor-element-8f6d773 elementor-widget elementor-widget-heading\" data-id=\"8f6d773\" data-element_type=\"widget\" data-widget_type=\"heading.default\">\n\t\t\t\t<div class=\"elementor-widget-container\">\n\t\t\t<h5 class=\"elementor-heading-title elementor-size-default\">WTP ARTIMA, SON B\u00d6L\u00dcM POMPALARI, B\u00d6L\u00dcNM\u00dc\u015e KASALI POMPALAR, \u00c7OK KADEMEL\u0130 POMPA, DALGI\u00c7 POMPALAR, H\u0130DROFOR POMPALARI, T\u00dcRK\u0130YE VEYA AVRUPA \u00dcRET\u0130M\u0130 ENJEKT\u00d6R POMPALARI<\/h5>\t\t<\/div>\n\t\t\t\t<\/div>\n\t\t\t\t<div class=\"elementor-element elementor-element-759857f elementor-widget elementor-widget-text-editor\" data-id=\"759857f\" data-element_type=\"widget\" data-widget_type=\"text-editor.default\">\n\t\t\t\t<div class=\"elementor-widget-container\">\n\t\t\t<style>\/*! elementor - v3.22.0 - 26-06-2024 *\/\n.elementor-widget-text-editor.elementor-drop-cap-view-stacked .elementor-drop-cap{background-color:#69727d;color:#fff}.elementor-widget-text-editor.elementor-drop-cap-view-framed .elementor-drop-cap{color:#69727d;border:3px solid;background-color:transparent}.elementor-widget-text-editor:not(.elementor-drop-cap-view-default) .elementor-drop-cap{margin-top:8px}.elementor-widget-text-editor:not(.elementor-drop-cap-view-default) .elementor-drop-cap-letter{width:1em;height:1em}.elementor-widget-text-editor .elementor-drop-cap{float:left;text-align:center;line-height:1;font-size:50px}.elementor-widget-text-editor .elementor-drop-cap-letter{display:inline-block}<\/style>\t\t\t\t<h5><strong>G\u0130B\u0130 FARKLI T\u0130PTE POMPALAR TEDAR\u0130K EDEB\u0130L\u0130R.<\/strong><\/h5>\n<h5><strong>T\u00dcRK\u0130YE VE AVRUPA\u2019DAK\u0130 B\u0130R\u00c7OK POMPA \u00dcRET\u0130C\u0130S\u0130 \u0130LE ANLA\u015eAB\u0130L\u0130R\u0130Z. 1M3\/SAAT \u0130LA 3600 M3\/SAAT ARASI KAPAS\u0130TE.<\/strong><\/h5>\n\t\t\t\t\t\t<\/div>\n\t\t\t\t<\/div>\n\t\t\t\t\t<\/div>\n\t\t\t\t<\/div>\n\t\t<div class=\"elementor-element elementor-element-035c6dd e-flex e-con-boxed e-con e-parent\" data-id=\"035c6dd\" data-element_type=\"container\" data-settings=\"{&quot;background_background&quot;:&quot;classic&quot;}\">\n\t\t\t\t\t<div class=\"e-con-inner\">\n\t\t<div class=\"elementor-element elementor-element-14f0600 e-con-full e-flex e-con e-child\" data-id=\"14f0600\" data-element_type=\"container\">\n\t\t\t\t<div class=\"elementor-element elementor-element-c07f5db elementor-widget elementor-widget-image\" data-id=\"c07f5db\" data-element_type=\"widget\" data-widget_type=\"image.default\">\n\t\t\t\t<div class=\"elementor-widget-container\">\n\t\t\t<style>\/*! elementor - v3.22.0 - 26-06-2024 *\/\n.elementor-widget-image{text-align:center}.elementor-widget-image a{display:inline-block}.elementor-widget-image a img[src$=\".svg\"]{width:48px}.elementor-widget-image img{vertical-align:middle;display:inline-block}<\/style>\t\t\t\t\t\t\t\t\t\t<img fetchpriority=\"high\" decoding=\"async\" width=\"344\" height=\"244\" src=\"https:\/\/wtpartima.com\/wp-content\/uploads\/2024\/07\/19.jpg\" class=\"attachment-large size-large wp-image-987943\" alt=\"\" srcset=\"https:\/\/wtpartima.com\/wp-content\/uploads\/2024\/07\/19.jpg 344w, https:\/\/wtpartima.com\/wp-content\/uploads\/2024\/07\/19-300x213.jpg 300w\" sizes=\"(max-width: 344px) 100vw, 344px\" \/>\t\t\t\t\t\t\t\t\t\t\t\t\t<\/div>\n\t\t\t\t<\/div>\n\t\t\t\t<\/div>\n\t\t<div class=\"elementor-element elementor-element-831e2b2 e-con-full e-flex e-con e-child\" data-id=\"831e2b2\" data-element_type=\"container\">\n\t\t\t\t<div class=\"elementor-element elementor-element-1393c72 elementor-widget elementor-widget-image\" data-id=\"1393c72\" data-element_type=\"widget\" data-widget_type=\"image.default\">\n\t\t\t\t<div class=\"elementor-widget-container\">\n\t\t\t\t\t\t\t\t\t\t\t\t\t<img decoding=\"async\" width=\"284\" height=\"177\" src=\"https:\/\/wtpartima.com\/wp-content\/uploads\/2024\/07\/40.jpg\" class=\"attachment-large size-large wp-image-988717\" alt=\"\" \/>\t\t\t\t\t\t\t\t\t\t\t\t\t<\/div>\n\t\t\t\t<\/div>\n\t\t\t\t<\/div>\n\t\t<div class=\"elementor-element elementor-element-b2d9da4 e-con-full e-flex e-con e-child\" data-id=\"b2d9da4\" data-element_type=\"container\">\n\t\t\t\t<div class=\"elementor-element elementor-element-59e67ce elementor-widget elementor-widget-image\" data-id=\"59e67ce\" data-element_type=\"widget\" data-widget_type=\"image.default\">\n\t\t\t\t<div class=\"elementor-widget-container\">\n\t\t\t\t\t\t\t\t\t\t\t\t\t<img decoding=\"async\" width=\"255\" height=\"197\" src=\"https:\/\/wtpartima.com\/wp-content\/uploads\/2024\/07\/39.jpg\" class=\"attachment-large size-large wp-image-988718\" alt=\"\" \/>\t\t\t\t\t\t\t\t\t\t\t\t\t<\/div>\n\t\t\t\t<\/div>\n\t\t\t\t<\/div>\n\t\t<div class=\"elementor-element elementor-element-019b0e6 e-con-full e-flex e-con e-child\" data-id=\"019b0e6\" data-element_type=\"container\">\n\t\t\t\t<div class=\"elementor-element elementor-element-dbf7102 elementor-widget elementor-widget-image\" data-id=\"dbf7102\" data-element_type=\"widget\" data-widget_type=\"image.default\">\n\t\t\t\t<div class=\"elementor-widget-container\">\n\t\t\t\t\t\t\t\t\t\t\t\t\t<img loading=\"lazy\" decoding=\"async\" width=\"243\" height=\"208\" src=\"https:\/\/wtpartima.com\/wp-content\/uploads\/2024\/07\/30.jpg\" class=\"attachment-large size-large wp-image-988719\" alt=\"\" \/>\t\t\t\t\t\t\t\t\t\t\t\t\t<\/div>\n\t\t\t\t<\/div>\n\t\t\t\t<\/div>\n\t\t\t\t\t<\/div>\n\t\t\t\t<\/div>\n\t\t\t\t<\/div>\n\t\t","protected":false},"excerpt":{"rendered":"<p>POMPALAR WTP ARTIMA, SON B\u00d6L\u00dcM POMPALARI, B\u00d6L\u00dcNM\u00dc\u015e KASALI POMPALAR, \u00c7OK KADEMEL\u0130 POMPA, DALGI\u00c7 POMPALAR, H\u0130DROFOR POMPALARI, T\u00dcRK\u0130YE VEYA AVRUPA \u00dcRET\u0130M\u0130 ENJEKT\u00d6R POMPALARI G\u0130B\u0130 FARKLI T\u0130PTE POMPALAR TEDAR\u0130K EDEB\u0130L\u0130R. T\u00dcRK\u0130YE VE AVRUPA\u2019DAK\u0130 B\u0130R\u00c7OK POMPA \u00dcRET\u0130C\u0130S\u0130 \u0130LE ANLA\u015eAB\u0130L\u0130R\u0130Z. 1M3\/SAAT \u0130LA 3600 M3\/SAAT ARASI KAPAS\u0130TE.<\/p>\n","protected":false},"author":1,"featured_media":0,"parent":0,"menu_order":0,"comment_status":"closed","ping_status":"closed","template":"","meta":{"_uag_custom_page_level_css":"","footnotes":""},"aioseo_notices":[],"uagb_featured_image_src":{"full":false,"thumbnail":false,"medium":false,"medium_large":false,"large":false,"1536x1536":false,"2048x2048":false},"uagb_author_info":{"display_name":"ubeyda.saar@gmail.com","author_link":"https:\/\/wtpartima.com\/tr\/author\/ubeyda-saargmail-com\/"},"uagb_comment_info":0,"uagb_excerpt":"POMPALAR WTP ARTIMA, SON B\u00d6L\u00dcM POMPALARI, B\u00d6L\u00dcNM\u00dc\u015e KASALI POMPALAR, \u00c7OK KADEMEL\u0130 POMPA, DALGI\u00c7 POMPALAR, H\u0130DROFOR POMPALARI, T\u00dcRK\u0130YE VEYA AVRUPA \u00dcRET\u0130M\u0130 ENJEKT\u00d6R POMPALARI G\u0130B\u0130 FARKLI T\u0130PTE POMPALAR TEDAR\u0130K EDEB\u0130L\u0130R. T\u00dcRK\u0130YE VE AVRUPA\u2019DAK\u0130 B\u0130R\u00c7OK POMPA \u00dcRET\u0130C\u0130S\u0130 \u0130LE ANLA\u015eAB\u0130L\u0130R\u0130Z. 1M3\/SAAT \u0130LA 3600 M3\/SAAT ARASI KAPAS\u0130TE.","_links":{"self":[{"href":"https:\/\/wtpartima.com\/tr\/wp-json\/wp\/v2\/pages\/989834"}],"collection":[{"href":"https:\/\/wtpartima.com\/tr\/wp-json\/wp\/v2\/pages"}],"about":[{"href":"https:\/\/wtpartima.com\/tr\/wp-json\/wp\/v2\/types\/page"}],"author":[{"embeddable":true,"href":"https:\/\/wtpartima.com\/tr\/wp-json\/wp\/v2\/users\/1"}],"replies":[{"embeddable":true,"href":"https:\/\/wtpartima.com\/tr\/wp-json\/wp\/v2\/comments?post=989834"}],"version-history":[{"count":1,"href":"https:\/\/wtpartima.com\/tr\/wp-json\/wp\/v2\/pages\/989834\/revisions"}],"predecessor-version":[{"id":989835,"href":"https:\/\/wtpartima.com\/tr\/wp-json\/wp\/v2\/pages\/989834\/revisions\/989835"}],"wp:attachment":[{"href":"https:\/\/wtpartima.com\/tr\/wp-json\/wp\/v2\/media?parent=989834"}],"curies":[{"name":"wp","href":"https:\/\/api.w.org\/{rel}","templated":true}]}}