{"id":989832,"date":"2024-07-03T07:39:14","date_gmt":"2024-07-03T07:39:14","guid":{"rendered":"https:\/\/wtpartima.com\/yuzey-havalandirici\/"},"modified":"2024-07-10T03:34:32","modified_gmt":"2024-07-10T03:34:32","slug":"yuzey-havalandirici","status":"publish","type":"page","link":"https:\/\/wtpartima.com\/tr\/yuzey-havalandirici\/","title":{"rendered":"Y\u00dcZEY HAVALANDIRICI"},"content":{"rendered":"\t\t<div data-elementor-type=\"wp-page\" data-elementor-id=\"989832\" class=\"elementor elementor-989832 elementor-987978\" data-elementor-post-type=\"page\">\n\t\t\t\t<div class=\"elementor-element elementor-element-b7ba6de e-flex e-con-boxed e-con e-parent\" data-id=\"b7ba6de\" data-element_type=\"container\">\n\t\t\t\t\t<div class=\"e-con-inner\">\n\t\t\t\t<div class=\"elementor-element elementor-element-338aa4a elementor-widget elementor-widget-heading\" data-id=\"338aa4a\" data-element_type=\"widget\" data-widget_type=\"heading.default\">\n\t\t\t\t<div class=\"elementor-widget-container\">\n\t\t\t<style>\/*! elementor - v3.22.0 - 26-06-2024 *\/\n.elementor-heading-title{padding:0;margin:0;line-height:1}.elementor-widget-heading .elementor-heading-title[class*=elementor-size-]>a{color:inherit;font-size:inherit;line-height:inherit}.elementor-widget-heading .elementor-heading-title.elementor-size-small{font-size:15px}.elementor-widget-heading .elementor-heading-title.elementor-size-medium{font-size:19px}.elementor-widget-heading .elementor-heading-title.elementor-size-large{font-size:29px}.elementor-widget-heading .elementor-heading-title.elementor-size-xl{font-size:39px}.elementor-widget-heading .elementor-heading-title.elementor-size-xxl{font-size:59px}<\/style><h1 class=\"elementor-heading-title elementor-size-default\">Y\u00dcZEY HAVALANDIRICI<\/h1>\t\t<\/div>\n\t\t\t\t<\/div>\n\t\t\t\t\t<\/div>\n\t\t\t\t<\/div>\n\t\t<div class=\"elementor-element elementor-element-41a4914 e-flex e-con-boxed e-con e-parent\" data-id=\"41a4914\" data-element_type=\"container\" data-settings=\"{&quot;background_background&quot;:&quot;classic&quot;}\">\n\t\t\t\t\t<div class=\"e-con-inner\">\n\t\t<div class=\"elementor-element elementor-element-3f7ada9 e-con-full e-flex e-con e-child\" data-id=\"3f7ada9\" data-element_type=\"container\">\n\t\t\t\t<div class=\"elementor-element elementor-element-5491efd elementor-widget elementor-widget-heading\" data-id=\"5491efd\" data-element_type=\"widget\" data-widget_type=\"heading.default\">\n\t\t\t\t<div class=\"elementor-widget-container\">\n\t\t\t<h5 class=\"elementor-heading-title elementor-size-default\">Y\u00dcZEY HAVALANDIRICI<\/h5>\t\t<\/div>\n\t\t\t\t<\/div>\n\t\t\t\t<div class=\"elementor-element elementor-element-5b813f7 elementor-widget__width-initial elementor-widget elementor-widget-text-editor\" data-id=\"5b813f7\" data-element_type=\"widget\" data-widget_type=\"text-editor.default\">\n\t\t\t\t<div class=\"elementor-widget-container\">\n\t\t\t<style>\/*! elementor - v3.22.0 - 26-06-2024 *\/\n.elementor-widget-text-editor.elementor-drop-cap-view-stacked .elementor-drop-cap{background-color:#69727d;color:#fff}.elementor-widget-text-editor.elementor-drop-cap-view-framed .elementor-drop-cap{color:#69727d;border:3px solid;background-color:transparent}.elementor-widget-text-editor:not(.elementor-drop-cap-view-default) .elementor-drop-cap{margin-top:8px}.elementor-widget-text-editor:not(.elementor-drop-cap-view-default) .elementor-drop-cap-letter{width:1em;height:1em}.elementor-widget-text-editor .elementor-drop-cap{float:left;text-align:center;line-height:1;font-size:50px}.elementor-widget-text-editor .elementor-drop-cap-letter{display:inline-block}<\/style>\t\t\t\t<h5>Y\u00fcksek h\u0131zl\u0131 y\u00fczey havaland\u0131r\u0131c\u0131 hatt\u0131, herhangi bir havaland\u0131rma cihaz\u0131n\u0131n en \u00f6nemli iki i\u015flevini en \u00fcst d\u00fczeye \u00e7\u0131karmak i\u00e7in tasarlanm\u0131\u015ft\u0131r: oksijen transferi ve at\u0131k suyun kar\u0131\u015ft\u0131r\u0131lmas\u0131. At\u0131k s\u0131v\u0131, oksijenin at\u0131k suya kar\u0131\u015fmas\u0131n\u0131 kolayla\u015ft\u0131rmak i\u00e7in en uygun p\u00fcsk\u00fcrtme modelini olu\u015fturacak \u015fekilde \u00fcniteden pompalan\u0131r.<\/h5>\n<h5>Ayn\u0131 zamanda, bu pompalama eylemi, i\u00e7eri\u011fin kar\u0131\u015fmas\u0131n\u0131 ve dolay\u0131s\u0131yla oksijen da\u011f\u0131l\u0131m\u0131n\u0131 sa\u011flayan bir tank h\u0131z modeli olu\u015fturur Kapsaml\u0131 ara\u015ft\u0131rma test tesisimizin t\u00fcm yetenekleriyle birle\u015ftirilmi\u015f mekanik havaland\u0131rma ekipman\u0131 tasar\u0131m\u0131 ve uygulamas\u0131nda y\u0131llar\u0131n deneyimi, yaln\u0131zca oksijen transferini ve tank kar\u0131\u015ft\u0131rma \u00f6zelliklerini en \u00fcst d\u00fczeye \u00e7\u0131karmakla kalmay\u0131p ayn\u0131 zamanda bunu ayn\u0131 zamanda en ekonomik ve g\u00fcvenilir yolu. Dalg\u0131\u00e7 motor, d\u00fc\u015f\u00fck g\u00fcr\u00fclt\u00fc, y\u00fcksek verim.yabanc\u0131 maddeler taraf\u0131ndan engellenebilir.<\/h5>\n\t\t\t\t\t\t<\/div>\n\t\t\t\t<\/div>\n\t\t\t\t<\/div>\n\t\t<div class=\"elementor-element elementor-element-1ea18ac e-con-full e-flex e-con e-child\" data-id=\"1ea18ac\" data-element_type=\"container\" data-settings=\"{&quot;background_background&quot;:&quot;classic&quot;}\">\n\t\t\t\t<div class=\"elementor-element elementor-element-80296be elementor-widget elementor-widget-image\" data-id=\"80296be\" data-element_type=\"widget\" data-widget_type=\"image.default\">\n\t\t\t\t<div class=\"elementor-widget-container\">\n\t\t\t<style>\/*! elementor - v3.22.0 - 26-06-2024 *\/\n.elementor-widget-image{text-align:center}.elementor-widget-image a{display:inline-block}.elementor-widget-image a img[src$=\".svg\"]{width:48px}.elementor-widget-image img{vertical-align:middle;display:inline-block}<\/style>\t\t\t\t\t\t\t\t\t\t<img fetchpriority=\"high\" decoding=\"async\" width=\"255\" height=\"295\" src=\"https:\/\/wtpartima.com\/wp-content\/uploads\/2024\/07\/43.jpg\" class=\"attachment-large size-large wp-image-988675\" alt=\"\" \/>\t\t\t\t\t\t\t\t\t\t\t\t\t<\/div>\n\t\t\t\t<\/div>\n\t\t\t\t<\/div>\n\t\t\t\t\t<\/div>\n\t\t\t\t<\/div>\n\t\t<div class=\"elementor-element elementor-element-1968873 e-flex e-con-boxed e-con e-parent\" data-id=\"1968873\" data-element_type=\"container\">\n\t\t\t\t\t<div class=\"e-con-inner\">\n\t\t\t\t<div class=\"elementor-element elementor-element-5462b59 elementor-widget elementor-widget-spacer\" data-id=\"5462b59\" data-element_type=\"widget\" data-widget_type=\"spacer.default\">\n\t\t\t\t<div class=\"elementor-widget-container\">\n\t\t\t<style>\/*! elementor - v3.22.0 - 26-06-2024 *\/\n.elementor-column .elementor-spacer-inner{height:var(--spacer-size)}.e-con{--container-widget-width:100%}.e-con-inner>.elementor-widget-spacer,.e-con>.elementor-widget-spacer{width:var(--container-widget-width,var(--spacer-size));--align-self:var(--container-widget-align-self,initial);--flex-shrink:0}.e-con-inner>.elementor-widget-spacer>.elementor-widget-container,.e-con>.elementor-widget-spacer>.elementor-widget-container{height:100%;width:100%}.e-con-inner>.elementor-widget-spacer>.elementor-widget-container>.elementor-spacer,.e-con>.elementor-widget-spacer>.elementor-widget-container>.elementor-spacer{height:100%}.e-con-inner>.elementor-widget-spacer>.elementor-widget-container>.elementor-spacer>.elementor-spacer-inner,.e-con>.elementor-widget-spacer>.elementor-widget-container>.elementor-spacer>.elementor-spacer-inner{height:var(--container-widget-height,var(--spacer-size))}.e-con-inner>.elementor-widget-spacer.elementor-widget-empty,.e-con>.elementor-widget-spacer.elementor-widget-empty{position:relative;min-height:22px;min-width:22px}.e-con-inner>.elementor-widget-spacer.elementor-widget-empty .elementor-widget-empty-icon,.e-con>.elementor-widget-spacer.elementor-widget-empty .elementor-widget-empty-icon{position:absolute;top:0;bottom:0;left:0;right:0;margin:auto;padding:0;width:22px;height:22px}<\/style>\t\t<div class=\"elementor-spacer\">\n\t\t\t<div class=\"elementor-spacer-inner\"><\/div>\n\t\t<\/div>\n\t\t\t\t<\/div>\n\t\t\t\t<\/div>\n\t\t\t\t\t<\/div>\n\t\t\t\t<\/div>\n\t\t<div class=\"elementor-element elementor-element-3497255 e-flex e-con-boxed e-con e-parent\" data-id=\"3497255\" data-element_type=\"container\" data-settings=\"{&quot;background_background&quot;:&quot;classic&quot;}\">\n\t\t\t\t\t<div class=\"e-con-inner\">\n\t\t<div class=\"elementor-element elementor-element-f3aa83f e-con-full e-flex e-con e-child\" data-id=\"f3aa83f\" data-element_type=\"container\">\n\t\t\t\t<div class=\"elementor-element elementor-element-5e93cd3 elementor-widget elementor-widget-heading\" data-id=\"5e93cd3\" data-element_type=\"widget\" data-widget_type=\"heading.default\">\n\t\t\t\t<div class=\"elementor-widget-container\">\n\t\t\t<h5 class=\"elementor-heading-title elementor-size-default\">UYGULAMA<\/h5>\t\t<\/div>\n\t\t\t\t<\/div>\n\t\t\t\t<div class=\"elementor-element elementor-element-cf3e36c elementor-widget__width-initial elementor-widget elementor-widget-text-editor\" data-id=\"cf3e36c\" data-element_type=\"widget\" data-widget_type=\"text-editor.default\">\n\t\t\t\t<div class=\"elementor-widget-container\">\n\t\t\t\t\t\t\t<h5>WTP ARTIMA y\u00fczey havaland\u0131r\u0131c\u0131 (SAR), at\u0131k suyu kanaldan su deflekt\u00f6r\u00fc arac\u0131l\u0131\u011f\u0131yla bo\u015faltan ve ince (veya su damlas\u0131 \u015feklinde) bir su perdesi olu\u015fturan eksenel ak\u0131\u015f \u00e7ark\u0131n\u0131 do\u011frudan tahrik etmek i\u00e7in bir motor kullan\u0131r Transfer s\u0131ras\u0131nda hava ile temas etti\u011finde, su y\u00fczeyine d\u00fc\u015fen ve t\u00fcrb\u00fclans ve kabarc\u0131klar olu\u015fturan su damlas\u0131 \u015feklini olu\u015fturacakt\u0131r Bu kabarc\u0131klar oksijen da\u011f\u0131l\u0131m\u0131n\u0131 iyile\u015ftirecek ve sudaki oksijeni art\u0131racakt\u0131r WTP ARTIMA SAR cihaz\u0131 suyu a\u015fa\u011f\u0131dan yukar\u0131ya pompalayarak sirk\u00fclasyon ak\u0131\u015flar\u0131 ve kar\u0131\u015ft\u0131rma prosesleri olu\u015fturur Evsel at\u0131k su ar\u0131tma , tar\u0131m ve su \u00fcr\u00fcnleri oksijen temini ve di\u011fer end\u00fcstriyel at\u0131k su havaland\u0131rma uygulamalar\u0131 i\u00e7in uygundur.<\/h5>\n\t\t\t\t\t\t<\/div>\n\t\t\t\t<\/div>\n\t\t\t\t<\/div>\n\t\t<div class=\"elementor-element elementor-element-663457e e-con-full e-flex e-con e-child\" data-id=\"663457e\" data-element_type=\"container\" data-settings=\"{&quot;background_background&quot;:&quot;classic&quot;}\">\n\t\t\t\t<div class=\"elementor-element elementor-element-c03e18d elementor-widget elementor-widget-image\" data-id=\"c03e18d\" data-element_type=\"widget\" data-widget_type=\"image.default\">\n\t\t\t\t<div class=\"elementor-widget-container\">\n\t\t\t\t\t\t\t\t\t\t\t\t\t<img decoding=\"async\" width=\"317\" height=\"224\" src=\"https:\/\/wtpartima.com\/wp-content\/uploads\/2024\/07\/24.jpg\" class=\"attachment-large size-large wp-image-988706\" alt=\"\" srcset=\"https:\/\/wtpartima.com\/wp-content\/uploads\/2024\/07\/24.jpg 317w, https:\/\/wtpartima.com\/wp-content\/uploads\/2024\/07\/24-300x212.jpg 300w\" sizes=\"(max-width: 317px) 100vw, 317px\" \/>\t\t\t\t\t\t\t\t\t\t\t\t\t<\/div>\n\t\t\t\t<\/div>\n\t\t\t\t<\/div>\n\t\t\t\t\t<\/div>\n\t\t\t\t<\/div>\n\t\t\t\t<\/div>\n\t\t","protected":false},"excerpt":{"rendered":"<p>Y\u00dcZEY HAVALANDIRICI Y\u00dcZEY HAVALANDIRICI Y\u00fcksek h\u0131zl\u0131 y\u00fczey havaland\u0131r\u0131c\u0131 hatt\u0131, herhangi bir havaland\u0131rma cihaz\u0131n\u0131n en \u00f6nemli iki i\u015flevini en \u00fcst d\u00fczeye \u00e7\u0131karmak i\u00e7in tasarlanm\u0131\u015ft\u0131r: oksijen transferi ve at\u0131k suyun kar\u0131\u015ft\u0131r\u0131lmas\u0131. At\u0131k s\u0131v\u0131, oksijenin at\u0131k suya kar\u0131\u015fmas\u0131n\u0131 kolayla\u015ft\u0131rmak i\u00e7in en uygun p\u00fcsk\u00fcrtme modelini olu\u015fturacak \u015fekilde \u00fcniteden pompalan\u0131r. Ayn\u0131 zamanda, bu pompalama eylemi, i\u00e7eri\u011fin kar\u0131\u015fmas\u0131n\u0131 ve dolay\u0131s\u0131yla oksijen&#8230;<\/p>\n","protected":false},"author":1,"featured_media":0,"parent":0,"menu_order":0,"comment_status":"closed","ping_status":"closed","template":"","meta":{"_uag_custom_page_level_css":"","footnotes":""},"aioseo_notices":[],"uagb_featured_image_src":{"full":false,"thumbnail":false,"medium":false,"medium_large":false,"large":false,"1536x1536":false,"2048x2048":false},"uagb_author_info":{"display_name":"ubeyda.saar@gmail.com","author_link":"https:\/\/wtpartima.com\/tr\/author\/ubeyda-saargmail-com\/"},"uagb_comment_info":0,"uagb_excerpt":"Y\u00dcZEY HAVALANDIRICI Y\u00dcZEY HAVALANDIRICI Y\u00fcksek h\u0131zl\u0131 y\u00fczey havaland\u0131r\u0131c\u0131 hatt\u0131, herhangi bir havaland\u0131rma cihaz\u0131n\u0131n en \u00f6nemli iki i\u015flevini en \u00fcst d\u00fczeye \u00e7\u0131karmak i\u00e7in tasarlanm\u0131\u015ft\u0131r: oksijen transferi ve at\u0131k suyun kar\u0131\u015ft\u0131r\u0131lmas\u0131. At\u0131k s\u0131v\u0131, oksijenin at\u0131k suya kar\u0131\u015fmas\u0131n\u0131 kolayla\u015ft\u0131rmak i\u00e7in en uygun p\u00fcsk\u00fcrtme modelini olu\u015fturacak \u015fekilde \u00fcniteden pompalan\u0131r. Ayn\u0131 zamanda, bu pompalama eylemi, i\u00e7eri\u011fin kar\u0131\u015fmas\u0131n\u0131 ve dolay\u0131s\u0131yla oksijen...","_links":{"self":[{"href":"https:\/\/wtpartima.com\/tr\/wp-json\/wp\/v2\/pages\/989832"}],"collection":[{"href":"https:\/\/wtpartima.com\/tr\/wp-json\/wp\/v2\/pages"}],"about":[{"href":"https:\/\/wtpartima.com\/tr\/wp-json\/wp\/v2\/types\/page"}],"author":[{"embeddable":true,"href":"https:\/\/wtpartima.com\/tr\/wp-json\/wp\/v2\/users\/1"}],"replies":[{"embeddable":true,"href":"https:\/\/wtpartima.com\/tr\/wp-json\/wp\/v2\/comments?post=989832"}],"version-history":[{"count":1,"href":"https:\/\/wtpartima.com\/tr\/wp-json\/wp\/v2\/pages\/989832\/revisions"}],"predecessor-version":[{"id":989833,"href":"https:\/\/wtpartima.com\/tr\/wp-json\/wp\/v2\/pages\/989832\/revisions\/989833"}],"wp:attachment":[{"href":"https:\/\/wtpartima.com\/tr\/wp-json\/wp\/v2\/media?parent=989832"}],"curies":[{"name":"wp","href":"https:\/\/api.w.org\/{rel}","templated":true}]}}