{"id":989830,"date":"2024-07-03T07:39:29","date_gmt":"2024-07-03T07:39:29","guid":{"rendered":"https:\/\/wtpartima.com\/siyirici-kopru\/"},"modified":"2024-07-10T03:29:37","modified_gmt":"2024-07-10T03:29:37","slug":"siyirici-kopru","status":"publish","type":"page","link":"https:\/\/wtpartima.com\/tr\/siyirici-kopru\/","title":{"rendered":"SIYIRICI K\u00d6PR\u00dc"},"content":{"rendered":"\t\t<div data-elementor-type=\"wp-page\" data-elementor-id=\"989830\" class=\"elementor elementor-989830 elementor-987981\" data-elementor-post-type=\"page\">\n\t\t\t\t<div class=\"elementor-element elementor-element-6adb300 e-flex e-con-boxed e-con e-parent\" data-id=\"6adb300\" data-element_type=\"container\">\n\t\t\t\t\t<div class=\"e-con-inner\">\n\t\t\t\t<div class=\"elementor-element elementor-element-8fa318d elementor-widget elementor-widget-heading\" data-id=\"8fa318d\" data-element_type=\"widget\" data-widget_type=\"heading.default\">\n\t\t\t\t<div class=\"elementor-widget-container\">\n\t\t\t<style>\/*! elementor - v3.22.0 - 26-06-2024 *\/\n.elementor-heading-title{padding:0;margin:0;line-height:1}.elementor-widget-heading .elementor-heading-title[class*=elementor-size-]>a{color:inherit;font-size:inherit;line-height:inherit}.elementor-widget-heading .elementor-heading-title.elementor-size-small{font-size:15px}.elementor-widget-heading .elementor-heading-title.elementor-size-medium{font-size:19px}.elementor-widget-heading .elementor-heading-title.elementor-size-large{font-size:29px}.elementor-widget-heading .elementor-heading-title.elementor-size-xl{font-size:39px}.elementor-widget-heading .elementor-heading-title.elementor-size-xxl{font-size:59px}<\/style><h1 class=\"elementor-heading-title elementor-size-default\">SIYIRICI K\u00d6PR\u00dc\n<\/h1>\t\t<\/div>\n\t\t\t\t<\/div>\n\t\t\t\t\t<\/div>\n\t\t\t\t<\/div>\n\t\t<div class=\"elementor-element elementor-element-facb513 e-flex e-con-boxed e-con e-parent\" data-id=\"facb513\" data-element_type=\"container\">\n\t\t\t\t\t<div class=\"e-con-inner\">\n\t\t<div class=\"elementor-element elementor-element-48a277a e-con-full e-flex e-con e-child\" data-id=\"48a277a\" data-element_type=\"container\">\n\t\t\t\t<div class=\"elementor-element elementor-element-20f3e2a elementor-widget elementor-widget-heading\" data-id=\"20f3e2a\" data-element_type=\"widget\" data-widget_type=\"heading.default\">\n\t\t\t\t<div class=\"elementor-widget-container\">\n\t\t\t<h5 class=\"elementor-heading-title elementor-size-default\">SIYIRICI K\u00d6PR\u00dc<\/h5>\t\t<\/div>\n\t\t\t\t<\/div>\n\t\t\t\t<div class=\"elementor-element elementor-element-c703eaf elementor-widget elementor-widget-text-editor\" data-id=\"c703eaf\" data-element_type=\"widget\" data-widget_type=\"text-editor.default\">\n\t\t\t\t<div class=\"elementor-widget-container\">\n\t\t\t<style>\/*! elementor - v3.22.0 - 26-06-2024 *\/\n.elementor-widget-text-editor.elementor-drop-cap-view-stacked .elementor-drop-cap{background-color:#69727d;color:#fff}.elementor-widget-text-editor.elementor-drop-cap-view-framed .elementor-drop-cap{color:#69727d;border:3px solid;background-color:transparent}.elementor-widget-text-editor:not(.elementor-drop-cap-view-default) .elementor-drop-cap{margin-top:8px}.elementor-widget-text-editor:not(.elementor-drop-cap-view-default) .elementor-drop-cap-letter{width:1em;height:1em}.elementor-widget-text-editor .elementor-drop-cap{float:left;text-align:center;line-height:1;font-size:50px}.elementor-widget-text-editor .elementor-drop-cap-letter{display:inline-block}<\/style>\t\t\t\t<h5><strong>HIZLI B\u0130R \u015eEK\u0130LDE \u00c7\u00d6KEB\u0130LEN VE DAHA SONRA \u00c7AMUR \u0130\u015eLEME \u0130\u00c7\u0130N EKSTRAKTE ED\u0130LEB\u0130LEN KATILAR \u0130\u00c7EREN KENTSEL VEYA END\u00dcSTR\u0130YEL ATIK SU ARITMA TES\u0130SLER\u0130NDE B\u0130R\u0130NC\u0130L VE \u0130K\u0130NC\u0130L \u00c7\u00d6KELTME TANKLARI \u0130\u00c7\u0130N TASARLANMI\u015e EK\u0130PMAN.<\/strong><\/h5>\n\t\t\t\t\t\t<\/div>\n\t\t\t\t<\/div>\n\t\t\t\t<div class=\"elementor-element elementor-element-82cc9ef elementor-widget elementor-widget-text-editor\" data-id=\"82cc9ef\" data-element_type=\"widget\" data-widget_type=\"text-editor.default\">\n\t\t\t\t<div class=\"elementor-widget-container\">\n\t\t\t\t\t\t\t<h5><strong>SON DERECE UZUN DAYANIKLILIK \u0130\u00c7\u0130N TAMAMEN AL\u00dcM\u0130NYUM GALVAN\u0130ZL\u0130 VEYA PASLANMAZ \u00c7EL\u0130KTEN YAPILMI\u015e SIYIRICI K\u00d6PR\u00dc (\u00d6ZELL\u0130KLE GALVAN\u0130ZL\u0130 \u00c7EL\u0130K \u00c7\u00d6Z\u00dcMLERE KIYASLA).<\/strong><\/h5>\n\t\t\t\t\t\t<\/div>\n\t\t\t\t<\/div>\n\t\t\t\t<div class=\"elementor-element elementor-element-59f0d70 elementor-widget elementor-widget-text-editor\" data-id=\"59f0d70\" data-element_type=\"widget\" data-widget_type=\"text-editor.default\">\n\t\t\t\t<div class=\"elementor-widget-container\">\n\t\t\t\t\t\t\t<h5><strong>SIYIRICI K\u00d6PR\u00dc, DA\u0130RESEL \u00c7\u00d6KELTME TANKLARINA KURULMAK \u00dcZERE TASARLANMI\u015eTIR.<\/strong><\/h5>\n\t\t\t\t\t\t<\/div>\n\t\t\t\t<\/div>\n\t\t\t\t<\/div>\n\t\t<div class=\"elementor-element elementor-element-3172a10 e-con-full e-flex e-con e-child\" data-id=\"3172a10\" data-element_type=\"container\">\n\t\t\t\t<div class=\"elementor-element elementor-element-3f005f8 elementor-widget elementor-widget-image\" data-id=\"3f005f8\" data-element_type=\"widget\" data-widget_type=\"image.default\">\n\t\t\t\t<div class=\"elementor-widget-container\">\n\t\t\t<style>\/*! elementor - v3.22.0 - 26-06-2024 *\/\n.elementor-widget-image{text-align:center}.elementor-widget-image a{display:inline-block}.elementor-widget-image a img[src$=\".svg\"]{width:48px}.elementor-widget-image img{vertical-align:middle;display:inline-block}<\/style>\t\t\t\t\t\t\t\t\t\t<img fetchpriority=\"high\" decoding=\"async\" width=\"465\" height=\"457\" src=\"https:\/\/wtpartima.com\/wp-content\/uploads\/2024\/07\/10.jpg\" class=\"attachment-large size-large wp-image-988637\" alt=\"\" srcset=\"https:\/\/wtpartima.com\/wp-content\/uploads\/2024\/07\/10.jpg 465w, https:\/\/wtpartima.com\/wp-content\/uploads\/2024\/07\/10-300x295.jpg 300w\" sizes=\"(max-width: 465px) 100vw, 465px\" \/>\t\t\t\t\t\t\t\t\t\t\t\t\t<\/div>\n\t\t\t\t<\/div>\n\t\t\t\t<\/div>\n\t\t\t\t\t<\/div>\n\t\t\t\t<\/div>\n\t\t<div class=\"elementor-element elementor-element-023d8fd e-flex e-con-boxed e-con e-parent\" data-id=\"023d8fd\" data-element_type=\"container\" data-settings=\"{&quot;background_background&quot;:&quot;classic&quot;}\">\n\t\t\t\t\t<div class=\"e-con-inner\">\n\t\t<div class=\"elementor-element elementor-element-33dd1e9 e-con-full e-flex e-con e-child\" data-id=\"33dd1e9\" data-element_type=\"container\">\n\t\t\t\t<div class=\"elementor-element elementor-element-0418ea6 elementor-widget elementor-widget-heading\" data-id=\"0418ea6\" data-element_type=\"widget\" data-widget_type=\"heading.default\">\n\t\t\t\t<div class=\"elementor-widget-container\">\n\t\t\t<h5 class=\"elementor-heading-title elementor-size-default\">TEMEL \u00d6ZELL\u0130KLER\u0130<\/h5>\t\t<\/div>\n\t\t\t\t<\/div>\n\t\t\t\t<div class=\"elementor-element elementor-element-cb33c5f elementor-widget elementor-widget-text-editor\" data-id=\"cb33c5f\" data-element_type=\"widget\" data-widget_type=\"text-editor.default\">\n\t\t\t\t<div class=\"elementor-widget-container\">\n\t\t\t\t\t\t\t<h5><strong>HIZLI B\u0130R \u015eEK\u0130LDE \u00c7\u00d6KEB\u0130LEN VE DAHA SONRA \u00c7AMUR \u0130\u015eLEME \u0130\u00c7\u0130N EKSTRAKTE ED\u0130LEB\u0130LEN KATILAR \u0130\u00c7EREN KENTSEL VEYA END\u00dcSTR\u0130YEL ATIK SU ARITMA TES\u0130SLER\u0130NDE B\u0130R\u0130NC\u0130L VE \u0130K\u0130NC\u0130L \u00c7\u00d6KELTME TANKLARI \u0130\u00c7\u0130N TASARLANMI\u015e EK\u0130PMAN<\/strong><\/h5>\n\t\t\t\t\t\t<\/div>\n\t\t\t\t<\/div>\n\t\t\t\t<div class=\"elementor-element elementor-element-b8fab4e elementor-widget elementor-widget-text-editor\" data-id=\"b8fab4e\" data-element_type=\"widget\" data-widget_type=\"text-editor.default\">\n\t\t\t\t<div class=\"elementor-widget-container\">\n\t\t\t\t\t\t\t<h5><strong>SON DERECE UZUN DAYANIKLILIK \u0130\u00c7\u0130N TAMAMEN AL\u00dcM\u0130NYUM VEYA PASLANMAZ \u00c7EL\u0130KTEN YAPILMI\u015e SIYIRICI K\u00d6PR\u00dc (\u00d6ZELL\u0130KLE GALVAN\u0130ZL\u0130 \u00c7EL\u0130K \u00c7\u00d6Z\u00dcMLERE KIYASLA).<\/strong><\/h5>\n\t\t\t\t\t\t<\/div>\n\t\t\t\t<\/div>\n\t\t\t\t<div class=\"elementor-element elementor-element-d718bf4 elementor-widget elementor-widget-text-editor\" data-id=\"d718bf4\" data-element_type=\"widget\" data-widget_type=\"text-editor.default\">\n\t\t\t\t<div class=\"elementor-widget-container\">\n\t\t\t\t\t\t\t<h5><strong>SA\u011eLAM VE G\u00dcVEN\u0130L\u0130R \u00c7\u00d6Z\u00dcM<\/strong><\/h5>\n<h5><strong>KAZIYICI K\u00d6PR\u00dc, A\u015eA\u011eIDAK\u0130LERE KURULMAK \u00dcZERE TASARLANMI\u015eTIR,DA\u0130RESEL \u00c7\u00d6KELTME TANKLARI.<\/strong><\/h5>\n<h5> <\/h5>\n<h5> <\/h5>\n\t\t\t\t\t\t<\/div>\n\t\t\t\t<\/div>\n\t\t\t\t<\/div>\n\t\t<div class=\"elementor-element elementor-element-56c5b87 e-con-full e-flex e-con e-child\" data-id=\"56c5b87\" data-element_type=\"container\">\n\t\t\t\t<div class=\"elementor-element elementor-element-3bbb737 elementor-widget elementor-widget-image\" data-id=\"3bbb737\" data-element_type=\"widget\" data-widget_type=\"image.default\">\n\t\t\t\t<div class=\"elementor-widget-container\">\n\t\t\t\t\t\t\t\t\t\t\t\t\t<img decoding=\"async\" width=\"383\" height=\"588\" src=\"https:\/\/wtpartima.com\/wp-content\/uploads\/2024\/07\/07.jpg\" class=\"attachment-large size-large wp-image-988641\" alt=\"\" srcset=\"https:\/\/wtpartima.com\/wp-content\/uploads\/2024\/07\/07.jpg 383w, https:\/\/wtpartima.com\/wp-content\/uploads\/2024\/07\/07-195x300.jpg 195w\" sizes=\"(max-width: 383px) 100vw, 383px\" \/>\t\t\t\t\t\t\t\t\t\t\t\t\t<\/div>\n\t\t\t\t<\/div>\n\t\t\t\t<\/div>\n\t\t\t\t\t<\/div>\n\t\t\t\t<\/div>\n\t\t<div class=\"elementor-element elementor-element-a085e23 e-flex e-con-boxed e-con e-parent\" data-id=\"a085e23\" data-element_type=\"container\">\n\t\t\t\t\t<div class=\"e-con-inner\">\n\t\t\t\t<div class=\"elementor-element elementor-element-5c829c4 elementor-widget elementor-widget-heading\" data-id=\"5c829c4\" data-element_type=\"widget\" data-widget_type=\"heading.default\">\n\t\t\t\t<div class=\"elementor-widget-container\">\n\t\t\t<h5 class=\"elementor-heading-title elementor-size-default\">B\u0130LE\u015eENLER<\/h5>\t\t<\/div>\n\t\t\t\t<\/div>\n\t\t\t\t<div class=\"elementor-element elementor-element-a408d0e elementor-widget elementor-widget-text-editor\" data-id=\"a408d0e\" data-element_type=\"widget\" data-widget_type=\"text-editor.default\">\n\t\t\t\t<div class=\"elementor-widget-container\">\n\t\t\t\t\t\t\t<h5>\u2022 Al\u00fcminyum y\u00fcr\u00fcme yolu ve korkuluk<br \/>\u2022 Al\u00fcminyum yap\u0131sal kiri\u015f<br \/>\u2022 Ar\u0131t\u0131lm\u0131\u015f su i\u00e7in paslanmaz \u00e7elik savak b\u0131\u00e7a\u011f\u0131 de\u015farj<br \/>\u2022 Paslanmaz \u00e7elik s\u0131y\u0131rma b\u0131\u00e7a\u011f\u0131 \u2013 yakalamak i\u00e7in y\u00fczen madde<br \/>\u2022 Pisli\u011fi y\u00f6nlendirmek i\u00e7in paslanmaz \u00e7elik y\u00fczey kaz\u0131y\u0131c\u0131 ve di\u011fer y\u00fczebilen par\u00e7ac\u0131klar de\u015farja huni<br \/>\u2022 Pislik tahliyesi i\u00e7in paslanmaz \u00e7elik hazne ve di\u011fer y\u00fczen malzemeler<br \/>\u2022 Rotasyona izin veren di\u015fli motor ve tahrik sonunda bulunan t\u00fcm k\u00f6pr\u00fcn\u00fcn ayn\u0131 zamanda bir \u00e7er\u00e7eve i\u00e7inde yer alan yap\u0131 destek g\u00f6revi g\u00f6r\u00fcr<br \/>\u2022 Dengeyi sa\u011flayan, s\u00fcr\u00fc\u015f yapmayan destek tekerle\u011fi d\u00f6nerken k\u00f6pr\u00fcn\u00fcn<br \/>\u2022 K\u00f6pr\u00fcn\u00fcn g\u00fc\u00e7 kayna\u011f\u0131 i\u00e7in halka toplay\u0131c\u0131 bile\u015fenler<br \/>\u2022 Mente\u015feli merkezi pivot<br \/>\u2022 At\u0131k suyu da\u011f\u0131tmak i\u00e7in paslanmaz \u00e7elik besleme kuyusu giri\u015f ak\u0131\u015f\u0131<br \/>\u2022 Paslanmaz \u00e7elik ve EPDM tank s\u0131y\u0131r\u0131c\u0131lar \u2013 hareket eder \u00e7amur, yer\u00e7ekimi ile bo\u015falt\u0131ld\u0131\u011f\u0131 merkezi bir toplay\u0131c\u0131ya<\/h5>\n\t\t\t\t\t\t<\/div>\n\t\t\t\t<\/div>\n\t\t\t\t\t<\/div>\n\t\t\t\t<\/div>\n\t\t<div class=\"elementor-element elementor-element-7fccb90 e-flex e-con-boxed e-con e-parent\" data-id=\"7fccb90\" data-element_type=\"container\">\n\t\t\t\t\t<div class=\"e-con-inner\">\n\t\t<div class=\"elementor-element elementor-element-0df68e4 e-con-full e-flex e-con e-child\" data-id=\"0df68e4\" data-element_type=\"container\">\n\t\t\t\t<div class=\"elementor-element elementor-element-b5ca14d elementor-widget elementor-widget-image\" data-id=\"b5ca14d\" data-element_type=\"widget\" data-widget_type=\"image.default\">\n\t\t\t\t<div class=\"elementor-widget-container\">\n\t\t\t\t\t\t\t\t\t\t\t\t\t<img decoding=\"async\" width=\"329\" height=\"259\" src=\"https:\/\/wtpartima.com\/wp-content\/uploads\/2024\/07\/23-Copy.jpg\" class=\"attachment-large size-large wp-image-988655\" alt=\"\" srcset=\"https:\/\/wtpartima.com\/wp-content\/uploads\/2024\/07\/23-Copy.jpg 329w, https:\/\/wtpartima.com\/wp-content\/uploads\/2024\/07\/23-Copy-300x236.jpg 300w\" sizes=\"(max-width: 329px) 100vw, 329px\" \/>\t\t\t\t\t\t\t\t\t\t\t\t\t<\/div>\n\t\t\t\t<\/div>\n\t\t\t\t<\/div>\n\t\t<div class=\"elementor-element elementor-element-0acd9ef e-con-full e-flex e-con e-child\" data-id=\"0acd9ef\" data-element_type=\"container\">\n\t\t\t\t<div class=\"elementor-element elementor-element-7a4b0f5 elementor-widget elementor-widget-image\" data-id=\"7a4b0f5\" data-element_type=\"widget\" data-widget_type=\"image.default\">\n\t\t\t\t<div class=\"elementor-widget-container\">\n\t\t\t\t\t\t\t\t\t\t\t\t\t<img loading=\"lazy\" decoding=\"async\" width=\"323\" height=\"278\" src=\"https:\/\/wtpartima.com\/wp-content\/uploads\/2024\/07\/22.jpg\" class=\"attachment-large size-large wp-image-988656\" alt=\"\" srcset=\"https:\/\/wtpartima.com\/wp-content\/uploads\/2024\/07\/22.jpg 323w, https:\/\/wtpartima.com\/wp-content\/uploads\/2024\/07\/22-300x258.jpg 300w\" sizes=\"(max-width: 323px) 100vw, 323px\" \/>\t\t\t\t\t\t\t\t\t\t\t\t\t<\/div>\n\t\t\t\t<\/div>\n\t\t\t\t<\/div>\n\t\t\t\t\t<\/div>\n\t\t\t\t<\/div>\n\t\t\t\t<\/div>\n\t\t","protected":false},"excerpt":{"rendered":"<p>SIYIRICI K\u00d6PR\u00dc SIYIRICI K\u00d6PR\u00dc HIZLI B\u0130R \u015eEK\u0130LDE \u00c7\u00d6KEB\u0130LEN VE DAHA SONRA \u00c7AMUR \u0130\u015eLEME \u0130\u00c7\u0130N EKSTRAKTE ED\u0130LEB\u0130LEN KATILAR \u0130\u00c7EREN KENTSEL VEYA END\u00dcSTR\u0130YEL ATIK SU ARITMA TES\u0130SLER\u0130NDE B\u0130R\u0130NC\u0130L VE \u0130K\u0130NC\u0130L \u00c7\u00d6KELTME TANKLARI \u0130\u00c7\u0130N TASARLANMI\u015e EK\u0130PMAN. SON DERECE UZUN DAYANIKLILIK \u0130\u00c7\u0130N TAMAMEN AL\u00dcM\u0130NYUM GALVAN\u0130ZL\u0130 VEYA PASLANMAZ \u00c7EL\u0130KTEN YAPILMI\u015e SIYIRICI K\u00d6PR\u00dc (\u00d6ZELL\u0130KLE GALVAN\u0130ZL\u0130 \u00c7EL\u0130K \u00c7\u00d6Z\u00dcMLERE KIYASLA). SIYIRICI K\u00d6PR\u00dc, DA\u0130RESEL&#8230;<\/p>\n","protected":false},"author":1,"featured_media":0,"parent":0,"menu_order":0,"comment_status":"closed","ping_status":"closed","template":"","meta":{"_uag_custom_page_level_css":"","footnotes":""},"aioseo_notices":[],"uagb_featured_image_src":{"full":false,"thumbnail":false,"medium":false,"medium_large":false,"large":false,"1536x1536":false,"2048x2048":false},"uagb_author_info":{"display_name":"ubeyda.saar@gmail.com","author_link":"https:\/\/wtpartima.com\/tr\/author\/ubeyda-saargmail-com\/"},"uagb_comment_info":0,"uagb_excerpt":"SIYIRICI K\u00d6PR\u00dc SIYIRICI K\u00d6PR\u00dc HIZLI B\u0130R \u015eEK\u0130LDE \u00c7\u00d6KEB\u0130LEN VE DAHA SONRA \u00c7AMUR \u0130\u015eLEME \u0130\u00c7\u0130N EKSTRAKTE ED\u0130LEB\u0130LEN KATILAR \u0130\u00c7EREN KENTSEL VEYA END\u00dcSTR\u0130YEL ATIK SU ARITMA TES\u0130SLER\u0130NDE B\u0130R\u0130NC\u0130L VE \u0130K\u0130NC\u0130L \u00c7\u00d6KELTME TANKLARI \u0130\u00c7\u0130N TASARLANMI\u015e EK\u0130PMAN. SON DERECE UZUN DAYANIKLILIK \u0130\u00c7\u0130N TAMAMEN AL\u00dcM\u0130NYUM GALVAN\u0130ZL\u0130 VEYA PASLANMAZ \u00c7EL\u0130KTEN YAPILMI\u015e SIYIRICI K\u00d6PR\u00dc (\u00d6ZELL\u0130KLE GALVAN\u0130ZL\u0130 \u00c7EL\u0130K \u00c7\u00d6Z\u00dcMLERE KIYASLA). SIYIRICI K\u00d6PR\u00dc, DA\u0130RESEL...","_links":{"self":[{"href":"https:\/\/wtpartima.com\/tr\/wp-json\/wp\/v2\/pages\/989830"}],"collection":[{"href":"https:\/\/wtpartima.com\/tr\/wp-json\/wp\/v2\/pages"}],"about":[{"href":"https:\/\/wtpartima.com\/tr\/wp-json\/wp\/v2\/types\/page"}],"author":[{"embeddable":true,"href":"https:\/\/wtpartima.com\/tr\/wp-json\/wp\/v2\/users\/1"}],"replies":[{"embeddable":true,"href":"https:\/\/wtpartima.com\/tr\/wp-json\/wp\/v2\/comments?post=989830"}],"version-history":[{"count":1,"href":"https:\/\/wtpartima.com\/tr\/wp-json\/wp\/v2\/pages\/989830\/revisions"}],"predecessor-version":[{"id":989831,"href":"https:\/\/wtpartima.com\/tr\/wp-json\/wp\/v2\/pages\/989830\/revisions\/989831"}],"wp:attachment":[{"href":"https:\/\/wtpartima.com\/tr\/wp-json\/wp\/v2\/media?parent=989830"}],"curies":[{"name":"wp","href":"https:\/\/api.w.org\/{rel}","templated":true}]}}