{"id":989828,"date":"2024-07-03T07:39:52","date_gmt":"2024-07-03T07:39:52","guid":{"rendered":"https:\/\/wtpartima.com\/tasiyicilar\/"},"modified":"2024-07-10T03:19:10","modified_gmt":"2024-07-10T03:19:10","slug":"tasiyicilar","status":"publish","type":"page","link":"https:\/\/wtpartima.com\/tr\/tasiyicilar\/","title":{"rendered":"TA\u015eIYICILAR"},"content":{"rendered":"\t\t<div data-elementor-type=\"wp-page\" data-elementor-id=\"989828\" class=\"elementor elementor-989828 elementor-987984\" data-elementor-post-type=\"page\">\n\t\t\t\t<div class=\"elementor-element elementor-element-bf5a590 e-flex e-con-boxed e-con e-parent\" data-id=\"bf5a590\" data-element_type=\"container\">\n\t\t\t\t\t<div class=\"e-con-inner\">\n\t\t\t\t<div class=\"elementor-element elementor-element-1ea8e73 elementor-widget elementor-widget-heading\" data-id=\"1ea8e73\" data-element_type=\"widget\" data-widget_type=\"heading.default\">\n\t\t\t\t<div class=\"elementor-widget-container\">\n\t\t\t<style>\/*! elementor - v3.22.0 - 26-06-2024 *\/\n.elementor-heading-title{padding:0;margin:0;line-height:1}.elementor-widget-heading .elementor-heading-title[class*=elementor-size-]>a{color:inherit;font-size:inherit;line-height:inherit}.elementor-widget-heading .elementor-heading-title.elementor-size-small{font-size:15px}.elementor-widget-heading .elementor-heading-title.elementor-size-medium{font-size:19px}.elementor-widget-heading .elementor-heading-title.elementor-size-large{font-size:29px}.elementor-widget-heading .elementor-heading-title.elementor-size-xl{font-size:39px}.elementor-widget-heading .elementor-heading-title.elementor-size-xxl{font-size:59px}<\/style><h1 class=\"elementor-heading-title elementor-size-default\">TA\u015eIYICILAR<\/h1>\t\t<\/div>\n\t\t\t\t<\/div>\n\t\t\t\t\t<\/div>\n\t\t\t\t<\/div>\n\t\t<div class=\"elementor-element elementor-element-4b75077 e-flex e-con-boxed e-con e-parent\" data-id=\"4b75077\" data-element_type=\"container\" data-settings=\"{&quot;background_background&quot;:&quot;classic&quot;}\">\n\t\t\t\t\t<div class=\"e-con-inner\">\n\t\t\t\t<div class=\"elementor-element elementor-element-47d9ad5 elementor-widget elementor-widget-heading\" data-id=\"47d9ad5\" data-element_type=\"widget\" data-widget_type=\"heading.default\">\n\t\t\t\t<div class=\"elementor-widget-container\">\n\t\t\t<h5 class=\"elementor-heading-title elementor-size-default\">HELEZON TA\u015eIYICI<\/h5>\t\t<\/div>\n\t\t\t\t<\/div>\n\t\t\t\t<div class=\"elementor-element elementor-element-94ecc13 elementor-widget elementor-widget-text-editor\" data-id=\"94ecc13\" data-element_type=\"widget\" data-widget_type=\"text-editor.default\">\n\t\t\t\t<div class=\"elementor-widget-container\">\n\t\t\t<style>\/*! elementor - v3.22.0 - 26-06-2024 *\/\n.elementor-widget-text-editor.elementor-drop-cap-view-stacked .elementor-drop-cap{background-color:#69727d;color:#fff}.elementor-widget-text-editor.elementor-drop-cap-view-framed .elementor-drop-cap{color:#69727d;border:3px solid;background-color:transparent}.elementor-widget-text-editor:not(.elementor-drop-cap-view-default) .elementor-drop-cap{margin-top:8px}.elementor-widget-text-editor:not(.elementor-drop-cap-view-default) .elementor-drop-cap-letter{width:1em;height:1em}.elementor-widget-text-editor .elementor-drop-cap{float:left;text-align:center;line-height:1;font-size:50px}.elementor-widget-text-editor .elementor-drop-cap-letter{display:inline-block}<\/style>\t\t\t\t<h5><strong>Helezon Ta\u015f\u0131y\u0131c\u0131, yar\u0131 kapal\u0131 bir tekne i\u00e7inde \u00e7al\u0131\u015fan ve konvey\u00f6r\u00fcn bo\u015faltma noktas\u0131nda bulunan bir elektrik motoru ile tahrik edilen bir vidadan olu\u015fur.<br \/>Kat\u0131 maddeler, bunker vas\u0131tas\u0131yla sisteme girer ve d\u00f6nd\u00fcr\u00fcld\u00fck\u00e7e vida taraf\u0131ndan giri\u015f bunkerinden \u00e7\u0131k\u0131\u015f olu\u011funa iletilir.<br \/>Sonunda ta\u015f\u0131nan malzemeler sistemden bo\u015falt\u0131l\u0131r<\/strong><\/h5>\n\t\t\t\t\t\t<\/div>\n\t\t\t\t<\/div>\n\t\t\t\t\t<\/div>\n\t\t\t\t<\/div>\n\t\t<div class=\"elementor-element elementor-element-b6d8604 e-flex e-con-boxed e-con e-parent\" data-id=\"b6d8604\" data-element_type=\"container\" data-settings=\"{&quot;background_background&quot;:&quot;classic&quot;}\">\n\t\t\t\t\t<div class=\"e-con-inner\">\n\t\t<div class=\"elementor-element elementor-element-35a9cd0 e-con-full e-flex e-con e-child\" data-id=\"35a9cd0\" data-element_type=\"container\">\n\t\t\t\t<div class=\"elementor-element elementor-element-b4b5de1 elementor-widget elementor-widget-image\" data-id=\"b4b5de1\" data-element_type=\"widget\" data-widget_type=\"image.default\">\n\t\t\t\t<div class=\"elementor-widget-container\">\n\t\t\t<style>\/*! elementor - v3.22.0 - 26-06-2024 *\/\n.elementor-widget-image{text-align:center}.elementor-widget-image a{display:inline-block}.elementor-widget-image a img[src$=\".svg\"]{width:48px}.elementor-widget-image img{vertical-align:middle;display:inline-block}<\/style>\t\t\t\t\t\t\t\t\t\t<img fetchpriority=\"high\" decoding=\"async\" width=\"372\" height=\"205\" src=\"https:\/\/wtpartima.com\/wp-content\/uploads\/2024\/07\/42.jpg\" class=\"attachment-large size-large wp-image-988619\" alt=\"\" srcset=\"https:\/\/wtpartima.com\/wp-content\/uploads\/2024\/07\/42.jpg 372w, https:\/\/wtpartima.com\/wp-content\/uploads\/2024\/07\/42-300x165.jpg 300w\" sizes=\"(max-width: 372px) 100vw, 372px\" \/>\t\t\t\t\t\t\t\t\t\t\t\t\t<\/div>\n\t\t\t\t<\/div>\n\t\t\t\t<\/div>\n\t\t<div class=\"elementor-element elementor-element-7ed149f e-con-full e-flex e-con e-child\" data-id=\"7ed149f\" data-element_type=\"container\">\n\t\t\t\t<div class=\"elementor-element elementor-element-acf968d elementor-widget elementor-widget-image\" data-id=\"acf968d\" data-element_type=\"widget\" data-widget_type=\"image.default\">\n\t\t\t\t<div class=\"elementor-widget-container\">\n\t\t\t\t\t\t\t\t\t\t\t\t\t<img decoding=\"async\" width=\"244\" height=\"197\" src=\"https:\/\/wtpartima.com\/wp-content\/uploads\/2024\/07\/45.jpg\" class=\"attachment-large size-large wp-image-988618\" alt=\"\" \/>\t\t\t\t\t\t\t\t\t\t\t\t\t<\/div>\n\t\t\t\t<\/div>\n\t\t\t\t<\/div>\n\t\t\t\t\t<\/div>\n\t\t\t\t<\/div>\n\t\t<div class=\"elementor-element elementor-element-39edf5e e-flex e-con-boxed e-con e-parent\" data-id=\"39edf5e\" data-element_type=\"container\" data-settings=\"{&quot;background_background&quot;:&quot;classic&quot;}\">\n\t\t\t\t\t<div class=\"e-con-inner\">\n\t\t\t\t<div class=\"elementor-element elementor-element-9517d1e elementor-widget elementor-widget-heading\" data-id=\"9517d1e\" data-element_type=\"widget\" data-widget_type=\"heading.default\">\n\t\t\t\t<div class=\"elementor-widget-container\">\n\t\t\t<h5 class=\"elementor-heading-title elementor-size-default\">KEMER TOKASI<\/h5>\t\t<\/div>\n\t\t\t\t<\/div>\n\t\t\t\t<div class=\"elementor-element elementor-element-fa3b3a8 elementor-widget elementor-widget-text-editor\" data-id=\"fa3b3a8\" data-element_type=\"widget\" data-widget_type=\"text-editor.default\">\n\t\t\t\t<div class=\"elementor-widget-container\">\n\t\t\t\t\t\t\t<h5><strong>Bantl\u0131 konvey\u00f6rler, esas olarak iki u\u00e7 nokta tamburu ve bir konvey\u00f6r banttan olu\u015fan ekipmanlard\u0131r D\u00f6nen konvey\u00f6r band\u0131 tahrik eden tambur tahrik tamburu, di\u011feri ise band\u0131 gererek verimli bir \u00e7al\u0131\u015fma sa\u011flayan gergi tamburudur.<br \/>Konvey\u00f6r bant, tahrik tamburu ve gergi tamburu etraf\u0131nda hareket eder ve bir\u00e7ok avara taraf\u0131ndan desteklenir \u00c7al\u0131\u015fma s\u0131ras\u0131nda, tahrik tamburu motor taraf\u0131ndan red\u00fckt\u00f6r vas\u0131tas\u0131yla tahrik edilir ve konvey\u00f6r kay\u0131\u015f\u0131, konvey\u00f6r kay\u0131\u015f\u0131 ile tahrik tamburu aras\u0131ndaki s\u00fcrt\u00fcnme kuvvetine g\u00f6re hareket eder. Bu \u015fekilde ta\u015f\u0131ma malzemeleri bo\u015faltma noktas\u0131na ula\u015ft\u0131r\u0131l\u0131r.<br \/>Ta\u015f\u0131ma malzemeleri, yan kapamalar vas\u0131tas\u0131yla d\u00fc\u015fmeye kar\u015f\u0131 korunur.<\/strong><\/h5>\n\t\t\t\t\t\t<\/div>\n\t\t\t\t<\/div>\n\t\t\t\t\t<\/div>\n\t\t\t\t<\/div>\n\t\t<div class=\"elementor-element elementor-element-6fa615b e-flex e-con-boxed e-con e-parent\" data-id=\"6fa615b\" data-element_type=\"container\" data-settings=\"{&quot;background_background&quot;:&quot;classic&quot;}\">\n\t\t\t\t\t<div class=\"e-con-inner\">\n\t\t\t\t<div class=\"elementor-element elementor-element-3ec6775 elementor-widget elementor-widget-image\" data-id=\"3ec6775\" data-element_type=\"widget\" data-widget_type=\"image.default\">\n\t\t\t\t<div class=\"elementor-widget-container\">\n\t\t\t\t\t\t\t\t\t\t\t\t\t<img decoding=\"async\" width=\"471\" height=\"150\" src=\"https:\/\/wtpartima.com\/wp-content\/uploads\/2024\/07\/17-1.jpg\" class=\"attachment-large size-large wp-image-988627\" alt=\"\" srcset=\"https:\/\/wtpartima.com\/wp-content\/uploads\/2024\/07\/17-1.jpg 471w, https:\/\/wtpartima.com\/wp-content\/uploads\/2024\/07\/17-1-300x96.jpg 300w\" sizes=\"(max-width: 471px) 100vw, 471px\" \/>\t\t\t\t\t\t\t\t\t\t\t\t\t<\/div>\n\t\t\t\t<\/div>\n\t\t\t\t\t<\/div>\n\t\t\t\t<\/div>\n\t\t\t\t<\/div>\n\t\t","protected":false},"excerpt":{"rendered":"<p>TA\u015eIYICILAR HELEZON TA\u015eIYICI Helezon Ta\u015f\u0131y\u0131c\u0131, yar\u0131 kapal\u0131 bir tekne i\u00e7inde \u00e7al\u0131\u015fan ve konvey\u00f6r\u00fcn bo\u015faltma noktas\u0131nda bulunan bir elektrik motoru ile tahrik edilen bir vidadan olu\u015fur.Kat\u0131 maddeler, bunker vas\u0131tas\u0131yla sisteme girer ve d\u00f6nd\u00fcr\u00fcld\u00fck\u00e7e vida taraf\u0131ndan giri\u015f bunkerinden \u00e7\u0131k\u0131\u015f olu\u011funa iletilir.Sonunda ta\u015f\u0131nan malzemeler sistemden bo\u015falt\u0131l\u0131r KEMER TOKASI Bantl\u0131 konvey\u00f6rler, esas olarak iki u\u00e7 nokta tamburu ve bir&#8230;<\/p>\n","protected":false},"author":1,"featured_media":0,"parent":0,"menu_order":0,"comment_status":"closed","ping_status":"closed","template":"","meta":{"_uag_custom_page_level_css":"","footnotes":""},"aioseo_notices":[],"uagb_featured_image_src":{"full":false,"thumbnail":false,"medium":false,"medium_large":false,"large":false,"1536x1536":false,"2048x2048":false},"uagb_author_info":{"display_name":"ubeyda.saar@gmail.com","author_link":"https:\/\/wtpartima.com\/tr\/author\/ubeyda-saargmail-com\/"},"uagb_comment_info":0,"uagb_excerpt":"TA\u015eIYICILAR HELEZON TA\u015eIYICI Helezon Ta\u015f\u0131y\u0131c\u0131, yar\u0131 kapal\u0131 bir tekne i\u00e7inde \u00e7al\u0131\u015fan ve konvey\u00f6r\u00fcn bo\u015faltma noktas\u0131nda bulunan bir elektrik motoru ile tahrik edilen bir vidadan olu\u015fur.Kat\u0131 maddeler, bunker vas\u0131tas\u0131yla sisteme girer ve d\u00f6nd\u00fcr\u00fcld\u00fck\u00e7e vida taraf\u0131ndan giri\u015f bunkerinden \u00e7\u0131k\u0131\u015f olu\u011funa iletilir.Sonunda ta\u015f\u0131nan malzemeler sistemden bo\u015falt\u0131l\u0131r KEMER TOKASI Bantl\u0131 konvey\u00f6rler, esas olarak iki u\u00e7 nokta tamburu ve bir...","_links":{"self":[{"href":"https:\/\/wtpartima.com\/tr\/wp-json\/wp\/v2\/pages\/989828"}],"collection":[{"href":"https:\/\/wtpartima.com\/tr\/wp-json\/wp\/v2\/pages"}],"about":[{"href":"https:\/\/wtpartima.com\/tr\/wp-json\/wp\/v2\/types\/page"}],"author":[{"embeddable":true,"href":"https:\/\/wtpartima.com\/tr\/wp-json\/wp\/v2\/users\/1"}],"replies":[{"embeddable":true,"href":"https:\/\/wtpartima.com\/tr\/wp-json\/wp\/v2\/comments?post=989828"}],"version-history":[{"count":1,"href":"https:\/\/wtpartima.com\/tr\/wp-json\/wp\/v2\/pages\/989828\/revisions"}],"predecessor-version":[{"id":989829,"href":"https:\/\/wtpartima.com\/tr\/wp-json\/wp\/v2\/pages\/989828\/revisions\/989829"}],"wp:attachment":[{"href":"https:\/\/wtpartima.com\/tr\/wp-json\/wp\/v2\/media?parent=989828"}],"curies":[{"name":"wp","href":"https:\/\/api.w.org\/{rel}","templated":true}]}}