{"id":989800,"date":"2024-07-03T07:40:10","date_gmt":"2024-07-03T07:40:10","guid":{"rendered":"https:\/\/wtpartima.com\/elek\/"},"modified":"2024-12-23T18:37:32","modified_gmt":"2024-12-23T18:37:32","slug":"elek","status":"publish","type":"page","link":"https:\/\/wtpartima.com\/tr\/elek\/","title":{"rendered":"ELEK"},"content":{"rendered":"\t\t<div data-elementor-type=\"wp-page\" data-elementor-id=\"989800\" class=\"elementor elementor-989800 elementor-987987\" data-elementor-post-type=\"page\">\n\t\t\t\t<div class=\"elementor-element elementor-element-dce2ce3 e-flex e-con-boxed e-con e-parent\" data-id=\"dce2ce3\" data-element_type=\"container\">\n\t\t\t\t\t<div class=\"e-con-inner\">\n\t\t\t\t<div class=\"elementor-element elementor-element-417050b elementor-widget elementor-widget-heading\" data-id=\"417050b\" data-element_type=\"widget\" data-widget_type=\"heading.default\">\n\t\t\t\t<div class=\"elementor-widget-container\">\n\t\t\t<style>\/*! elementor - v3.22.0 - 26-06-2024 *\/\n.elementor-heading-title{padding:0;margin:0;line-height:1}.elementor-widget-heading .elementor-heading-title[class*=elementor-size-]>a{color:inherit;font-size:inherit;line-height:inherit}.elementor-widget-heading .elementor-heading-title.elementor-size-small{font-size:15px}.elementor-widget-heading .elementor-heading-title.elementor-size-medium{font-size:19px}.elementor-widget-heading .elementor-heading-title.elementor-size-large{font-size:29px}.elementor-widget-heading .elementor-heading-title.elementor-size-xl{font-size:39px}.elementor-widget-heading .elementor-heading-title.elementor-size-xxl{font-size:59px}<\/style><h1 class=\"elementor-heading-title elementor-size-default\">ELEK<\/h1>\t\t<\/div>\n\t\t\t\t<\/div>\n\t\t\t\t\t<\/div>\n\t\t\t\t<\/div>\n\t\t<div class=\"elementor-element elementor-element-babbfbf e-flex e-con-boxed e-con e-parent\" data-id=\"babbfbf\" data-element_type=\"container\" data-settings=\"{&quot;background_background&quot;:&quot;classic&quot;}\">\n\t\t\t\t\t<div class=\"e-con-inner\">\n\t\t\t\t<div class=\"elementor-element elementor-element-3297145 elementor-widget elementor-widget-heading\" data-id=\"3297145\" data-element_type=\"widget\" data-widget_type=\"heading.default\">\n\t\t\t\t<div class=\"elementor-widget-container\">\n\t\t\t<h5 class=\"elementor-heading-title elementor-size-default\">KABA ELEK MAN\u00dcEL TEM\u0130ZLENM\u0130\u015e<\/h5>\t\t<\/div>\n\t\t\t\t<\/div>\n\t\t\t\t<div class=\"elementor-element elementor-element-8f2be97 elementor-widget elementor-widget-heading\" data-id=\"8f2be97\" data-element_type=\"widget\" data-widget_type=\"heading.default\">\n\t\t\t\t<div class=\"elementor-widget-container\">\n\t\t\t<h5 class=\"elementor-heading-title elementor-size-default\">MANUEL KABA ELEKLER, HER T\u00dcRL\u00dc SU VE KANAL\u0130ZASYON ARITMA TES\u0130SLER\u0130NDE VE POMPA \u0130STASYONLARINDA, B\u00dcY\u00dcK KATI PART\u0130K\u00dcLLER\u0130N TES\u0130SE G\u0130RMEDEN \u00d6NCE S\u0130STEMDEN UZAKLA\u015eTIRILMASI \u0130\u00c7\u0130N KULLANILAN EN BAS\u0130T ELEME MEKAN\u0130ZMALARINDAN B\u0130R\u0130D\u0130R. MEKAN\u0130K B\u0130LE\u015eENLER\u0130 YOKTUR. BU NEDENLE TEM\u0130ZLEME \u0130\u015eLEM\u0130 MAN\u00dcEL MALA YARDIMI \u0130LE MAN\u00dcEL OLARAK YAPILIR. \u0130HT\u0130YACA G\u00d6RE 550 \u0130LE 900 ARASI A\u00c7IYA SAH\u0130P KANALLARA MONTE ED\u0130L\u0130RLER.<\/h5>\t\t<\/div>\n\t\t\t\t<\/div>\n\t\t\t\t<div class=\"elementor-element elementor-element-2f817dd elementor-widget elementor-widget-heading\" data-id=\"2f817dd\" data-element_type=\"widget\" data-widget_type=\"heading.default\">\n\t\t\t\t<div class=\"elementor-widget-container\">\n\t\t\t<h5 class=\"elementor-heading-title elementor-size-default\">K\u00dc\u00c7\u00dcK ATIK SU ARITMA TES\u0130SLER\u0130NDE MANUEL KABA ELEKLER YAYGIN OLARAK KULLANILMAKTADIR. B\u0130R\u0130NC\u0130L ARITMA AMACIYLA MEKAN\u0130K OLARAK TEM\u0130ZLENM\u0130\u015e ELEKLER KULLANAN DAHA B\u00dcY\u00dcK TES\u0130SLER, TA\u015eMA BAYPAS KANALLARINDA MANUEL KABA ELEK KULLANMAYI DA TERC\u0130H EDEB\u0130L\u0130R.<\/h5>\t\t<\/div>\n\t\t\t\t<\/div>\n\t\t\t\t<div class=\"elementor-element elementor-element-fefd77b elementor-widget elementor-widget-heading\" data-id=\"fefd77b\" data-element_type=\"widget\" data-widget_type=\"heading.default\">\n\t\t\t\t<div class=\"elementor-widget-container\">\n\t\t\t<h5 class=\"elementor-heading-title elementor-size-default\"> BU T\u0130P ELEK, POMPALARDA VE MEKAN\u0130K EK\u0130PMANLARDA OLU\u015eAB\u0130LECEK BAZI HASARLARI ORTADAN KALDIRARAK ARITMA PROSES\u0130N\u0130N VER\u0130M\u0130N\u0130 ARTTIRIR. WTP ARTIMA MANUEL KABA ELEKLER ESAS OLARAK \u00c7ER\u00c7EVE, ELEK \u00c7UBUKLARI, EL TIRMI\u011eI VE (GEREK\u0130RSE) ATIK KONTEYNER\u0130NDEN OLU\u015eUR. GALVAN\u0130ZL\u0130 VEYA PASLANMAZ \u00c7EL\u0130K AISI 304 VEYA 316 KULLANDIK <\/h5>\t\t<\/div>\n\t\t\t\t<\/div>\n\t\t\t\t\t<\/div>\n\t\t\t\t<\/div>\n\t\t<div class=\"elementor-element elementor-element-3182cd3 e-flex e-con-boxed e-con e-parent\" data-id=\"3182cd3\" data-element_type=\"container\" data-settings=\"{&quot;background_background&quot;:&quot;classic&quot;}\">\n\t\t\t\t\t<div class=\"e-con-inner\">\n\t\t<div class=\"elementor-element elementor-element-98569d8 e-con-full e-flex e-con e-child\" data-id=\"98569d8\" data-element_type=\"container\">\n\t\t\t\t<div class=\"elementor-element elementor-element-6a402f1 elementor-widget elementor-widget-image\" data-id=\"6a402f1\" data-element_type=\"widget\" data-widget_type=\"image.default\">\n\t\t\t\t<div class=\"elementor-widget-container\">\n\t\t\t<style>\/*! elementor - v3.22.0 - 26-06-2024 *\/\n.elementor-widget-image{text-align:center}.elementor-widget-image a{display:inline-block}.elementor-widget-image a img[src$=\".svg\"]{width:48px}.elementor-widget-image img{vertical-align:middle;display:inline-block}<\/style>\t\t\t\t\t\t\t\t\t\t<img fetchpriority=\"high\" decoding=\"async\" width=\"250\" height=\"250\" src=\"https:\/\/wtpartima.com\/wp-content\/uploads\/2024\/07\/manual-bar-screen-250x250-1.webp\" class=\"attachment-large size-large wp-image-989807\" alt=\"\" srcset=\"https:\/\/wtpartima.com\/wp-content\/uploads\/2024\/07\/manual-bar-screen-250x250-1.webp 250w, https:\/\/wtpartima.com\/wp-content\/uploads\/2024\/07\/manual-bar-screen-250x250-1-150x150.webp 150w\" sizes=\"(max-width: 250px) 100vw, 250px\" \/>\t\t\t\t\t\t\t\t\t\t\t\t\t<\/div>\n\t\t\t\t<\/div>\n\t\t\t\t<\/div>\n\t\t<div class=\"elementor-element elementor-element-c9e1fcc e-con-full e-flex e-con e-child\" data-id=\"c9e1fcc\" data-element_type=\"container\">\n\t\t\t\t<div class=\"elementor-element elementor-element-e5becda elementor-widget elementor-widget-image\" data-id=\"e5becda\" data-element_type=\"widget\" data-widget_type=\"image.default\">\n\t\t\t\t<div class=\"elementor-widget-container\">\n\t\t\t\t\t\t\t\t\t\t<figure class=\"wp-caption\">\n\t\t\t\t\t\t\t\t\t\t<img decoding=\"async\" width=\"376\" height=\"255\" src=\"https:\/\/wtpartima.com\/wp-content\/uploads\/2024\/07\/1ew3.jpg\" class=\"attachment-large size-large wp-image-989809\" alt=\"\" srcset=\"https:\/\/wtpartima.com\/wp-content\/uploads\/2024\/07\/1ew3.jpg 376w, https:\/\/wtpartima.com\/wp-content\/uploads\/2024\/07\/1ew3-300x203.jpg 300w\" sizes=\"(max-width: 376px) 100vw, 376px\" \/>\t\t\t\t\t\t\t\t\t\t\t<figcaption class=\"widget-image-caption wp-caption-text\">SS WOVEN W\u0130RE MESH<\/figcaption>\n\t\t\t\t\t\t\t\t\t\t<\/figure>\n\t\t\t\t\t\t\t<\/div>\n\t\t\t\t<\/div>\n\t\t\t\t<\/div>\n\t\t<div class=\"elementor-element elementor-element-c41ff72 e-con-full e-flex e-con e-child\" data-id=\"c41ff72\" data-element_type=\"container\">\n\t\t\t\t<div class=\"elementor-element elementor-element-6f69d5d elementor-widget elementor-widget-image\" data-id=\"6f69d5d\" data-element_type=\"widget\" data-widget_type=\"image.default\">\n\t\t\t\t<div class=\"elementor-widget-container\">\n\t\t\t\t\t\t\t\t\t\t<figure class=\"wp-caption\">\n\t\t\t\t\t\t\t\t\t\t<img decoding=\"async\" width=\"386\" height=\"256\" src=\"https:\/\/wtpartima.com\/wp-content\/uploads\/2024\/07\/1ew2.jpg\" class=\"attachment-large size-large wp-image-989811\" alt=\"\" srcset=\"https:\/\/wtpartima.com\/wp-content\/uploads\/2024\/07\/1ew2.jpg 386w, https:\/\/wtpartima.com\/wp-content\/uploads\/2024\/07\/1ew2-300x199.jpg 300w\" sizes=\"(max-width: 386px) 100vw, 386px\" \/>\t\t\t\t\t\t\t\t\t\t\t<figcaption class=\"widget-image-caption wp-caption-text\">PERFORATED PLATE<\/figcaption>\n\t\t\t\t\t\t\t\t\t\t<\/figure>\n\t\t\t\t\t\t\t<\/div>\n\t\t\t\t<\/div>\n\t\t\t\t<\/div>\n\t\t<div class=\"elementor-element elementor-element-53cc7cb e-con-full e-flex e-con e-child\" data-id=\"53cc7cb\" data-element_type=\"container\">\n\t\t\t\t<div class=\"elementor-element elementor-element-93277ee elementor-widget elementor-widget-image\" data-id=\"93277ee\" data-element_type=\"widget\" data-widget_type=\"image.default\">\n\t\t\t\t<div class=\"elementor-widget-container\">\n\t\t\t\t\t\t\t\t\t\t<figure class=\"wp-caption\">\n\t\t\t\t\t\t\t\t\t\t<img loading=\"lazy\" decoding=\"async\" width=\"379\" height=\"262\" src=\"https:\/\/wtpartima.com\/wp-content\/uploads\/2024\/07\/120-2.jpg\" class=\"attachment-large size-large wp-image-989813\" alt=\"\" srcset=\"https:\/\/wtpartima.com\/wp-content\/uploads\/2024\/07\/120-2.jpg 379w, https:\/\/wtpartima.com\/wp-content\/uploads\/2024\/07\/120-2-300x207.jpg 300w\" sizes=\"(max-width: 379px) 100vw, 379px\" \/>\t\t\t\t\t\t\t\t\t\t\t<figcaption class=\"widget-image-caption wp-caption-text\">LACED L\u0130NKS<\/figcaption>\n\t\t\t\t\t\t\t\t\t\t<\/figure>\n\t\t\t\t\t\t\t<\/div>\n\t\t\t\t<\/div>\n\t\t\t\t<\/div>\n\t\t\t\t\t<\/div>\n\t\t\t\t<\/div>\n\t\t<div class=\"elementor-element elementor-element-5290a1c e-flex e-con-boxed e-con e-parent\" data-id=\"5290a1c\" data-element_type=\"container\" data-settings=\"{&quot;background_background&quot;:&quot;classic&quot;}\">\n\t\t\t\t\t<div class=\"e-con-inner\">\n\t\t\t\t<div class=\"elementor-element elementor-element-62e88fd elementor-widget elementor-widget-heading\" data-id=\"62e88fd\" data-element_type=\"widget\" data-widget_type=\"heading.default\">\n\t\t\t\t<div class=\"elementor-widget-container\">\n\t\t\t<h5 class=\"elementor-heading-title elementor-size-default\">OTOMAT\u0130K \u00c7ALI\u015eAN ELEK<\/h5>\t\t<\/div>\n\t\t\t\t<\/div>\n\t\t\t\t<div class=\"elementor-element elementor-element-39ceb21 elementor-widget elementor-widget-heading\" data-id=\"39ceb21\" data-element_type=\"widget\" data-widget_type=\"heading.default\">\n\t\t\t\t<div class=\"elementor-widget-container\">\n\t\t\t<h5 class=\"elementor-heading-title elementor-size-default\">V BAR ELE\u011e\u0130, POMPALARI TIKANMAYA KAR\u015eI KORUMAK \u0130\u00c7\u0130N POMPA VE KALDIRMA \u0130STASYONU VEYA KANAL \u0130\u00c7\u0130N TASARLANMI\u015e OTOMAT\u0130K B\u0130R D\u0130KEY F\u0130LTRELEME \u00c7\u00d6Z\u00dcM\u00dcD\u00dcR. SU ELEME, ATIKLARI YAKALAYAN D\u0130KEY \u00c7UBUKLARLA GER\u00c7EKLE\u015eT\u0130R\u0130L\u0130R EKRANDA KALAN KATILARI ALMAK \u0130\u00c7\u0130N B\u0130R TIRMIK YUKARI VE A\u015eA\u011eI GEL\u0130R. TIRMIK EN \u00dcSTTE OLDU\u011eUNDA, B\u0130R K\u00dcREK ATI\u011eI B\u0130R HAZNEYE ATAR VE ARDINDAN B\u0130R SIKI\u015eTIRMA \u00c7\u00d6ZELT\u0130S\u0130NE VEYA \u00c7\u00d6P KUTUSUNA BO\u015eALTIR RAKE SCREEN &amp; GRAB T\u0130P\u0130, \u0130STER S\u0130V\u0130L \u0130STER END\u00dcSTR\u0130YEL OLSUN, ATIK SUDAN KABA ELEKLER\u0130N AYRILMASI \u0130HT\u0130YACINI KAR\u015eILAR MAK\u0130NE<\/h5>\t\t<\/div>\n\t\t\t\t<\/div>\n\t\t\t\t<div class=\"elementor-element elementor-element-1090ba9 elementor-widget elementor-widget-heading\" data-id=\"1090ba9\" data-element_type=\"widget\" data-widget_type=\"heading.default\">\n\t\t\t\t<div class=\"elementor-widget-container\">\n\t\t\t<h5 class=\"elementor-heading-title elementor-size-default\">6 \u0130LA 40 MM ARASINDA DE\u011e\u0130\u015eEB\u0130LEN, ANCAK DEL\u0130KL\u0130 PLAKA \u0130LE DE YAPILAB\u0130LEN ARALIKLI B\u0130R ELEKTEN OLU\u015eMAKTADIR. ELEKLER F\u0130LTRASYON ALANININ TEM\u0130ZLENMES\u0130 \u0130\u00c7\u0130N DE UYGUN OLAN TIRMIKLAR KULLANILARAK KALDIRILIR TA\u015eINIR VE BO\u015eALTILIR TIRMIKLAR, HAM SUYA DALDIRILMI\u015e HERHANG\u0130 B\u0130R RULMAN\/MEKAN\u0130K B\u0130LE\u015eEN OLMADAN ALT KISIMDAK\u0130 RAYLAR TARAFINDAN Y\u00d6NLEND\u0130R\u0130L\u0130R<\/h5>\t\t<\/div>\n\t\t\t\t<\/div>\n\t\t\t\t\t<\/div>\n\t\t\t\t<\/div>\n\t\t<div class=\"elementor-element elementor-element-5456365 e-flex e-con-boxed e-con e-parent\" data-id=\"5456365\" data-element_type=\"container\" data-settings=\"{&quot;background_background&quot;:&quot;classic&quot;}\">\n\t\t\t\t\t<div class=\"e-con-inner\">\n\t\t<div class=\"elementor-element elementor-element-cf368cf e-con-full e-flex e-con e-child\" data-id=\"cf368cf\" data-element_type=\"container\">\n\t\t\t\t<div class=\"elementor-element elementor-element-7d9e247 elementor-widget elementor-widget-image\" data-id=\"7d9e247\" data-element_type=\"widget\" data-widget_type=\"image.default\">\n\t\t\t\t<div class=\"elementor-widget-container\">\n\t\t\t\t\t\t\t\t\t\t\t\t\t<img loading=\"lazy\" decoding=\"async\" width=\"242\" height=\"300\" src=\"https:\/\/wtpartima.com\/wp-content\/uploads\/2024\/07\/Screen-Shot-2024-07-07-at-5.44.41-PM-242x300.png\" class=\"attachment-medium size-medium wp-image-988825\" alt=\"\" srcset=\"https:\/\/wtpartima.com\/wp-content\/uploads\/2024\/07\/Screen-Shot-2024-07-07-at-5.44.41-PM-242x300.png 242w, https:\/\/wtpartima.com\/wp-content\/uploads\/2024\/07\/Screen-Shot-2024-07-07-at-5.44.41-PM.png 308w\" sizes=\"(max-width: 242px) 100vw, 242px\" \/>\t\t\t\t\t\t\t\t\t\t\t\t\t<\/div>\n\t\t\t\t<\/div>\n\t\t\t\t<\/div>\n\t\t<div class=\"elementor-element elementor-element-65e2a9f e-con-full e-flex e-con e-child\" data-id=\"65e2a9f\" data-element_type=\"container\">\n\t\t\t\t<div class=\"elementor-element elementor-element-b4281d0 elementor-widget elementor-widget-image\" data-id=\"b4281d0\" data-element_type=\"widget\" data-widget_type=\"image.default\">\n\t\t\t\t<div class=\"elementor-widget-container\">\n\t\t\t\t\t\t\t\t\t\t\t\t\t<img loading=\"lazy\" decoding=\"async\" width=\"225\" height=\"225\" src=\"https:\/\/wtpartima.com\/wp-content\/uploads\/2024\/07\/images.jpeg\" class=\"attachment-medium size-medium wp-image-988829\" alt=\"\" srcset=\"https:\/\/wtpartima.com\/wp-content\/uploads\/2024\/07\/images.jpeg 225w, https:\/\/wtpartima.com\/wp-content\/uploads\/2024\/07\/images-150x150.jpeg 150w, https:\/\/wtpartima.com\/wp-content\/uploads\/2024\/07\/elementor\/thumbs\/images-150x150.jpeg 800w\" sizes=\"(max-width: 225px) 100vw, 225px\" \/>\t\t\t\t\t\t\t\t\t\t\t\t\t<\/div>\n\t\t\t\t<\/div>\n\t\t\t\t<\/div>\n\t\t<div class=\"elementor-element elementor-element-5740cbf e-con-full e-flex e-con e-child\" data-id=\"5740cbf\" data-element_type=\"container\">\n\t\t\t\t<div class=\"elementor-element elementor-element-c9da7ef elementor-widget elementor-widget-image\" data-id=\"c9da7ef\" data-element_type=\"widget\" data-widget_type=\"image.default\">\n\t\t\t\t<div class=\"elementor-widget-container\">\n\t\t\t\t\t\t\t\t\t\t\t\t\t<img loading=\"lazy\" decoding=\"async\" width=\"750\" height=\"750\" src=\"https:\/\/wtpartima.com\/wp-content\/uploads\/2024\/12\/HTB1DCPGasnrK1RkHFrdq6xCoFXaJ.webp\" class=\"attachment-large size-large wp-image-989887\" alt=\"\" srcset=\"https:\/\/wtpartima.com\/wp-content\/uploads\/2024\/12\/HTB1DCPGasnrK1RkHFrdq6xCoFXaJ.webp 750w, https:\/\/wtpartima.com\/wp-content\/uploads\/2024\/12\/HTB1DCPGasnrK1RkHFrdq6xCoFXaJ-300x300.webp 300w, https:\/\/wtpartima.com\/wp-content\/uploads\/2024\/12\/HTB1DCPGasnrK1RkHFrdq6xCoFXaJ-150x150.webp 150w\" sizes=\"(max-width: 750px) 100vw, 750px\" \/>\t\t\t\t\t\t\t\t\t\t\t\t\t<\/div>\n\t\t\t\t<\/div>\n\t\t\t\t<\/div>\n\t\t\t\t\t<\/div>\n\t\t\t\t<\/div>\n\t\t<div class=\"elementor-element elementor-element-0902f0d e-flex e-con-boxed e-con e-parent\" data-id=\"0902f0d\" data-element_type=\"container\">\n\t\t\t\t\t<div class=\"e-con-inner\">\n\t\t\t\t<div class=\"elementor-element elementor-element-0a39b17 elementor-widget elementor-widget-heading\" data-id=\"0a39b17\" data-element_type=\"widget\" data-widget_type=\"heading.default\">\n\t\t\t\t<div class=\"elementor-widget-container\">\n\t\t\t<h5 class=\"elementor-heading-title elementor-size-default\"><span style=\"font-size:11.0pt;line-height:107%; font-family:\"Arial\",sans-serif;mso-fareast-font-family:Calibri;mso-fareast-theme-font: minor-latin;color:#343434;background:white;mso-ansi-language:EN-US;mso-fareast-language: EN-US;mso-bidi-language:AR-SA\"> <\/span> ESNEK TIRMIK ELEK <\/h5>\t\t<\/div>\n\t\t\t\t<\/div>\n\t\t\t\t<div class=\"elementor-element elementor-element-16a0622 elementor-widget elementor-widget-heading\" data-id=\"16a0622\" data-element_type=\"widget\" data-widget_type=\"heading.default\">\n\t\t\t\t<div class=\"elementor-widget-container\">\n\t\t\t<h5 class=\"elementor-heading-title elementor-size-default\">Tam Penetrasyon \u0130nce Eleme (FPFS) modeli, \u00bc in\u00e7 ila \u00bd in\u00e7 a\u00e7\u0131kl\u0131klar i\u00e7in \u00e7oklu e\u011fim hassasiyetinde eleme sunar. Flex Rake'in ta\u015fk\u0131n kontrol k\u00f6kenlerinden gelen sa\u011flam adaptif teknolojiyi bir araya getirir ve yap\u0131\u015fkan veya yakalanmas\u0131 zor d\u00f6k\u00fcnt\u00fcleri y\u00f6netmek i\u00e7in \u00f6zel olarak tasarlanm\u0131\u015ft\u0131r, bu da onu at\u0131k su ve end\u00fcstriyel uygulamalar i\u00e7in ideal hale getirir. <\/h5>\t\t<\/div>\n\t\t\t\t<\/div>\n\t\t\t\t\t<\/div>\n\t\t\t\t<\/div>\n\t\t<div class=\"elementor-element elementor-element-a057d86 e-flex e-con-boxed e-con e-parent\" data-id=\"a057d86\" data-element_type=\"container\" data-settings=\"{&quot;background_background&quot;:&quot;classic&quot;}\">\n\t\t\t\t\t<div class=\"e-con-inner\">\n\t\t<div class=\"elementor-element elementor-element-83aa5d8 e-con-full e-flex e-con e-child\" data-id=\"83aa5d8\" data-element_type=\"container\">\n\t\t\t\t<div class=\"elementor-element elementor-element-5984404 elementor-widget elementor-widget-text-editor\" data-id=\"5984404\" data-element_type=\"widget\" data-widget_type=\"text-editor.default\">\n\t\t\t\t<div class=\"elementor-widget-container\">\n\t\t\t<style>\/*! elementor - v3.22.0 - 26-06-2024 *\/\n.elementor-widget-text-editor.elementor-drop-cap-view-stacked .elementor-drop-cap{background-color:#69727d;color:#fff}.elementor-widget-text-editor.elementor-drop-cap-view-framed .elementor-drop-cap{color:#69727d;border:3px solid;background-color:transparent}.elementor-widget-text-editor:not(.elementor-drop-cap-view-default) .elementor-drop-cap{margin-top:8px}.elementor-widget-text-editor:not(.elementor-drop-cap-view-default) .elementor-drop-cap-letter{width:1em;height:1em}.elementor-widget-text-editor .elementor-drop-cap{float:left;text-align:center;line-height:1;font-size:50px}.elementor-widget-text-editor .elementor-drop-cap-letter{display:inline-block}<\/style>\t\t\t\t<h6>Geni\u015flik W : 500-3000 mm<br \/>Y\u00fckseklik H : 1500 -15000mm<br \/>Bo\u015faltma Y\u00fcksekli\u011fi H : 1500 mm<br \/>\u00c7ubuk Derinli\u011fi \u00a9 : 40mm<br \/>Montaj A\u00e7\u0131s\u0131 : 70\/75\/80 Derece<br \/>\u00c7er\u00e7eve \/Ekran \u00c7ubu\u011fu \/Plaka : AISI 304<br \/>T\u0131rm\u0131k \/ Bant\/Saya\u00e7 Silecek : AISI 304<br \/>Kal\u0131nl\u0131k : 5-6mm<br \/>Kay\u0131\u015f Tamburu : Karbon \u00c7elik<br \/>MOTOR : NORD veya I-MECK<br \/>MOTOR Tarih Sayfas\u0131 : 3Ph \/400V \/ IP 55<br \/>Seviye Sens\u00f6r\u00fc : ASD<br \/>Kontrol Paneli : Semen\u2019s veya ABB<\/h6>\n\t\t\t\t\t\t<\/div>\n\t\t\t\t<\/div>\n\t\t\t\t<\/div>\n\t\t<div class=\"elementor-element elementor-element-305f3c2 e-con-full e-flex e-con e-child\" data-id=\"305f3c2\" data-element_type=\"container\">\n\t\t\t\t<div class=\"elementor-element elementor-element-00acacb elementor-widget elementor-widget-image\" data-id=\"00acacb\" data-element_type=\"widget\" data-widget_type=\"image.default\">\n\t\t\t\t<div class=\"elementor-widget-container\">\n\t\t\t\t\t\t\t\t\t\t\t\t\t<img loading=\"lazy\" decoding=\"async\" width=\"1024\" height=\"1024\" src=\"https:\/\/wtpartima.com\/wp-content\/uploads\/2024\/12\/screen-021-1024x1024.png\" class=\"attachment-large size-large wp-image-989881\" alt=\"\" srcset=\"https:\/\/wtpartima.com\/wp-content\/uploads\/2024\/12\/screen-021-1024x1024.png 1024w, https:\/\/wtpartima.com\/wp-content\/uploads\/2024\/12\/screen-021-300x300.png 300w, https:\/\/wtpartima.com\/wp-content\/uploads\/2024\/12\/screen-021-150x150.png 150w, https:\/\/wtpartima.com\/wp-content\/uploads\/2024\/12\/screen-021-768x768.png 768w, https:\/\/wtpartima.com\/wp-content\/uploads\/2024\/12\/screen-021.png 1080w\" sizes=\"(max-width: 1024px) 100vw, 1024px\" \/>\t\t\t\t\t\t\t\t\t\t\t\t\t<\/div>\n\t\t\t\t<\/div>\n\t\t\t\t<\/div>\n\t\t\t\t\t<\/div>\n\t\t\t\t<\/div>\n\t\t<div class=\"elementor-element elementor-element-1b10342 e-flex e-con-boxed e-con e-parent\" data-id=\"1b10342\" data-element_type=\"container\" data-settings=\"{&quot;background_background&quot;:&quot;classic&quot;}\">\n\t\t\t\t\t<div class=\"e-con-inner\">\n\t\t<div class=\"elementor-element elementor-element-d4b11d1 e-con-full e-flex e-con e-child\" data-id=\"d4b11d1\" data-element_type=\"container\">\n\t\t\t\t<div class=\"elementor-element elementor-element-aa75a73 elementor-widget elementor-widget-image\" data-id=\"aa75a73\" data-element_type=\"widget\" data-widget_type=\"image.default\">\n\t\t\t\t<div class=\"elementor-widget-container\">\n\t\t\t\t\t\t\t\t\t\t\t\t\t<img loading=\"lazy\" decoding=\"async\" width=\"300\" height=\"300\" src=\"https:\/\/wtpartima.com\/wp-content\/uploads\/2024\/12\/2-300x300.png\" class=\"attachment-medium size-medium wp-image-989903\" alt=\"\" srcset=\"https:\/\/wtpartima.com\/wp-content\/uploads\/2024\/12\/2-300x300.png 300w, https:\/\/wtpartima.com\/wp-content\/uploads\/2024\/12\/2-1024x1024.png 1024w, https:\/\/wtpartima.com\/wp-content\/uploads\/2024\/12\/2-150x150.png 150w, https:\/\/wtpartima.com\/wp-content\/uploads\/2024\/12\/2-768x768.png 768w, https:\/\/wtpartima.com\/wp-content\/uploads\/2024\/12\/2.png 1080w\" sizes=\"(max-width: 300px) 100vw, 300px\" \/>\t\t\t\t\t\t\t\t\t\t\t\t\t<\/div>\n\t\t\t\t<\/div>\n\t\t\t\t<\/div>\n\t\t<div class=\"elementor-element elementor-element-6eb87d4 e-con-full e-flex e-con e-child\" data-id=\"6eb87d4\" data-element_type=\"container\">\n\t\t\t\t<div class=\"elementor-element elementor-element-af41718 elementor-widget elementor-widget-image\" data-id=\"af41718\" data-element_type=\"widget\" data-widget_type=\"image.default\">\n\t\t\t\t<div class=\"elementor-widget-container\">\n\t\t\t\t\t\t\t\t\t\t\t\t\t<img loading=\"lazy\" decoding=\"async\" width=\"300\" height=\"300\" src=\"https:\/\/wtpartima.com\/wp-content\/uploads\/2024\/12\/1-300x300.png\" class=\"attachment-medium size-medium wp-image-989901\" alt=\"\" srcset=\"https:\/\/wtpartima.com\/wp-content\/uploads\/2024\/12\/1-300x300.png 300w, https:\/\/wtpartima.com\/wp-content\/uploads\/2024\/12\/1-1024x1024.png 1024w, https:\/\/wtpartima.com\/wp-content\/uploads\/2024\/12\/1-150x150.png 150w, https:\/\/wtpartima.com\/wp-content\/uploads\/2024\/12\/1-768x768.png 768w, https:\/\/wtpartima.com\/wp-content\/uploads\/2024\/12\/1.png 1080w\" sizes=\"(max-width: 300px) 100vw, 300px\" \/>\t\t\t\t\t\t\t\t\t\t\t\t\t<\/div>\n\t\t\t\t<\/div>\n\t\t\t\t<\/div>\n\t\t\t\t\t<\/div>\n\t\t\t\t<\/div>\n\t\t\t\t<\/div>\n\t\t","protected":false},"excerpt":{"rendered":"<p>ELEK KABA ELEK MAN\u00dcEL TEM\u0130ZLENM\u0130\u015e MANUEL KABA ELEKLER, HER T\u00dcRL\u00dc SU VE KANAL\u0130ZASYON ARITMA TES\u0130SLER\u0130NDE VE POMPA \u0130STASYONLARINDA, B\u00dcY\u00dcK KATI PART\u0130K\u00dcLLER\u0130N TES\u0130SE G\u0130RMEDEN \u00d6NCE S\u0130STEMDEN UZAKLA\u015eTIRILMASI \u0130\u00c7\u0130N KULLANILAN EN BAS\u0130T ELEME MEKAN\u0130ZMALARINDAN B\u0130R\u0130D\u0130R. MEKAN\u0130K B\u0130LE\u015eENLER\u0130 YOKTUR. BU NEDENLE TEM\u0130ZLEME \u0130\u015eLEM\u0130 MAN\u00dcEL MALA YARDIMI \u0130LE MAN\u00dcEL OLARAK YAPILIR. \u0130HT\u0130YACA G\u00d6RE 550 \u0130LE 900 ARASI A\u00c7IYA SAH\u0130P&#8230;<\/p>\n","protected":false},"author":1,"featured_media":0,"parent":0,"menu_order":0,"comment_status":"closed","ping_status":"closed","template":"","meta":{"_uag_custom_page_level_css":"","footnotes":""},"aioseo_notices":[],"uagb_featured_image_src":{"full":false,"thumbnail":false,"medium":false,"medium_large":false,"large":false,"1536x1536":false,"2048x2048":false},"uagb_author_info":{"display_name":"ubeyda.saar@gmail.com","author_link":"https:\/\/wtpartima.com\/tr\/author\/ubeyda-saargmail-com\/"},"uagb_comment_info":0,"uagb_excerpt":"ELEK KABA ELEK MAN\u00dcEL TEM\u0130ZLENM\u0130\u015e MANUEL KABA ELEKLER, HER T\u00dcRL\u00dc SU VE KANAL\u0130ZASYON ARITMA TES\u0130SLER\u0130NDE VE POMPA \u0130STASYONLARINDA, B\u00dcY\u00dcK KATI PART\u0130K\u00dcLLER\u0130N TES\u0130SE G\u0130RMEDEN \u00d6NCE S\u0130STEMDEN UZAKLA\u015eTIRILMASI \u0130\u00c7\u0130N KULLANILAN EN BAS\u0130T ELEME MEKAN\u0130ZMALARINDAN B\u0130R\u0130D\u0130R. MEKAN\u0130K B\u0130LE\u015eENLER\u0130 YOKTUR. BU NEDENLE TEM\u0130ZLEME \u0130\u015eLEM\u0130 MAN\u00dcEL MALA YARDIMI \u0130LE MAN\u00dcEL OLARAK YAPILIR. \u0130HT\u0130YACA G\u00d6RE 550 \u0130LE 900 ARASI A\u00c7IYA SAH\u0130P...","_links":{"self":[{"href":"https:\/\/wtpartima.com\/tr\/wp-json\/wp\/v2\/pages\/989800"}],"collection":[{"href":"https:\/\/wtpartima.com\/tr\/wp-json\/wp\/v2\/pages"}],"about":[{"href":"https:\/\/wtpartima.com\/tr\/wp-json\/wp\/v2\/types\/page"}],"author":[{"embeddable":true,"href":"https:\/\/wtpartima.com\/tr\/wp-json\/wp\/v2\/users\/1"}],"replies":[{"embeddable":true,"href":"https:\/\/wtpartima.com\/tr\/wp-json\/wp\/v2\/comments?post=989800"}],"version-history":[{"count":3,"href":"https:\/\/wtpartima.com\/tr\/wp-json\/wp\/v2\/pages\/989800\/revisions"}],"predecessor-version":[{"id":989931,"href":"https:\/\/wtpartima.com\/tr\/wp-json\/wp\/v2\/pages\/989800\/revisions\/989931"}],"wp:attachment":[{"href":"https:\/\/wtpartima.com\/tr\/wp-json\/wp\/v2\/media?parent=989800"}],"curies":[{"name":"wp","href":"https:\/\/api.w.org\/{rel}","templated":true}]}}