{"id":989794,"date":"2024-07-03T07:40:28","date_gmt":"2024-07-03T07:40:28","guid":{"rendered":"https:\/\/wtpartima.com\/kapilar-cebri-borular\/"},"modified":"2024-07-10T02:32:55","modified_gmt":"2024-07-10T02:32:55","slug":"kapilar-cebri-borular","status":"publish","type":"page","link":"https:\/\/wtpartima.com\/tr\/kapilar-cebri-borular\/","title":{"rendered":"KAPILAR \/ CEBR\u0130 BORULAR"},"content":{"rendered":"\t\t<div data-elementor-type=\"wp-page\" data-elementor-id=\"989794\" class=\"elementor elementor-989794 elementor-987990\" data-elementor-post-type=\"page\">\n\t\t\t\t<div class=\"elementor-element elementor-element-2f09637 e-flex e-con-boxed e-con e-parent\" data-id=\"2f09637\" data-element_type=\"container\">\n\t\t\t\t\t<div class=\"e-con-inner\">\n\t\t\t\t<div class=\"elementor-element elementor-element-5dd227e elementor-widget elementor-widget-heading\" data-id=\"5dd227e\" data-element_type=\"widget\" data-widget_type=\"heading.default\">\n\t\t\t\t<div class=\"elementor-widget-container\">\n\t\t\t<style>\/*! elementor - v3.22.0 - 26-06-2024 *\/\n.elementor-heading-title{padding:0;margin:0;line-height:1}.elementor-widget-heading .elementor-heading-title[class*=elementor-size-]>a{color:inherit;font-size:inherit;line-height:inherit}.elementor-widget-heading .elementor-heading-title.elementor-size-small{font-size:15px}.elementor-widget-heading .elementor-heading-title.elementor-size-medium{font-size:19px}.elementor-widget-heading .elementor-heading-title.elementor-size-large{font-size:29px}.elementor-widget-heading .elementor-heading-title.elementor-size-xl{font-size:39px}.elementor-widget-heading .elementor-heading-title.elementor-size-xxl{font-size:59px}<\/style><h1 class=\"elementor-heading-title elementor-size-default\">KAPILAR \/ CEBR\u0130 BORULAR<\/h1>\t\t<\/div>\n\t\t\t\t<\/div>\n\t\t\t\t\t<\/div>\n\t\t\t\t<\/div>\n\t\t<div class=\"elementor-element elementor-element-5167999 e-flex e-con-boxed e-con e-parent\" data-id=\"5167999\" data-element_type=\"container\" data-settings=\"{&quot;background_background&quot;:&quot;classic&quot;}\">\n\t\t\t\t\t<div class=\"e-con-inner\">\n\t\t<div class=\"elementor-element elementor-element-604a7a8 e-con-full e-flex e-con e-child\" data-id=\"604a7a8\" data-element_type=\"container\">\n\t\t\t\t<div class=\"elementor-element elementor-element-e59f44b elementor-widget elementor-widget-heading\" data-id=\"e59f44b\" data-element_type=\"widget\" data-widget_type=\"heading.default\">\n\t\t\t\t<div class=\"elementor-widget-container\">\n\t\t\t<h5 class=\"elementor-heading-title elementor-size-default\">SU AKI\u015eI \u0130\u00c7\u0130N CEBR\u0130 BORULAR <\/h5>\t\t<\/div>\n\t\t\t\t<\/div>\n\t\t\t\t<div class=\"elementor-element elementor-element-732bb13 elementor-widget elementor-widget-text-editor\" data-id=\"732bb13\" data-element_type=\"widget\" data-widget_type=\"text-editor.default\">\n\t\t\t\t<div class=\"elementor-widget-container\">\n\t\t\t<style>\/*! elementor - v3.22.0 - 26-06-2024 *\/\n.elementor-widget-text-editor.elementor-drop-cap-view-stacked .elementor-drop-cap{background-color:#69727d;color:#fff}.elementor-widget-text-editor.elementor-drop-cap-view-framed .elementor-drop-cap{color:#69727d;border:3px solid;background-color:transparent}.elementor-widget-text-editor:not(.elementor-drop-cap-view-default) .elementor-drop-cap{margin-top:8px}.elementor-widget-text-editor:not(.elementor-drop-cap-view-default) .elementor-drop-cap-letter{width:1em;height:1em}.elementor-widget-text-editor .elementor-drop-cap{float:left;text-align:center;line-height:1;font-size:50px}.elementor-widget-text-editor .elementor-drop-cap-letter{display:inline-block}<\/style>\t\t\t\t<h5>T\u00dcKENMEZ KALEMLER\u0130M\u0130Z, FARKLI UYGULAMALARI, FARKLI BOYUTLARI VE AYNI ZAMANDA T\u00dcRK\u0130YE\u2019DE \u00dcRET\u0130LEN EN Y\u00dcKSEK KAL\u0130TE VE STANDARTLARIYLA TANINMAKTADIR. P\u0130YASADA BULAB\u0130LECE\u011e\u0130N\u0130Z EN KAL\u0130TEL\u0130 T\u00dcKENMEZ KALEMLER. TAMAMEN M\u00dc\u015eTER\u0130 ODAKLI KEND\u0130 B\u00dcNYEM\u0130ZDE GER\u00c7EKLE\u015eT\u0130RD\u0130\u011e\u0130M\u0130Z \u00dcRET\u0130M SAYES\u0130NDE FORM\u00dcLASYONLARIMIZDA SADECE M\u00dcKEMMEL B\u0130REYSELL\u0130K ELDE ETMEKLE KALMIYOR<\/h5>\n<h5>AYNI ZAMANDA A\u011eIRLI\u011eI, \u00c7ALI\u015eMA S\u00dcRES\u0130N\u0130 VE DOLAYISIYLA MAL\u0130YETLER\u0130 DE %30 ORANINDA AZALTIYORUZ.<\/h5>\n\t\t\t\t\t\t<\/div>\n\t\t\t\t<\/div>\n\t\t\t\t<\/div>\n\t\t<div class=\"elementor-element elementor-element-161af9c e-con-full e-flex e-con e-child\" data-id=\"161af9c\" data-element_type=\"container\">\n\t\t\t\t<div class=\"elementor-element elementor-element-7dabfa6 elementor-widget elementor-widget-heading\" data-id=\"7dabfa6\" data-element_type=\"widget\" data-widget_type=\"heading.default\">\n\t\t\t\t<div class=\"elementor-widget-container\">\n\t\t\t<h5 class=\"elementor-heading-title elementor-size-default\">CEBR\u0130 BORULAR<\/h5>\t\t<\/div>\n\t\t\t\t<\/div>\n\t\t\t\t<div class=\"elementor-element elementor-element-157d62f elementor-widget elementor-widget-text-editor\" data-id=\"157d62f\" data-element_type=\"widget\" data-widget_type=\"text-editor.default\">\n\t\t\t\t<div class=\"elementor-widget-container\">\n\t\t\t\t\t\t\t<h5>IBS CEBR\u0130 BORULAR S\u00dcRG\u00dcL\u00dc VANALAR, AKI\u015eIN HER Y\u00d6N\u00dcNDE KAPSAMLI KORUMA SA\u011eLAR. STANDART BA\u011eLANTI PAR\u00c7ALARI YUVARLAK VE KARE KES\u0130TLER \u0130\u00c7\u0130N UYGUNDUR VE OLA\u011eAN\u00dcST\u00dc UZUN \u00d6M\u00dcR GARANT\u0130 EDER KULLANILAN MALZEME GALVAN\u0130Z VEYA PASLANMAZ \u00c7EL\u0130K 304\/304L TASARIMDIR.<\/h5>\n\t\t\t\t\t\t<\/div>\n\t\t\t\t<\/div>\n\t\t\t\t<\/div>\n\t\t\t\t\t<\/div>\n\t\t\t\t<\/div>\n\t\t<div class=\"elementor-element elementor-element-b002343 e-flex e-con-boxed e-con e-parent\" data-id=\"b002343\" data-element_type=\"container\">\n\t\t\t\t\t<div class=\"e-con-inner\">\n\t\t<div class=\"elementor-element elementor-element-0efbec6 e-con-full e-flex e-con e-child\" data-id=\"0efbec6\" data-element_type=\"container\">\n\t\t\t\t<div class=\"vamtam-has-theme-widget-styles elementor-element elementor-element-c854352 elementor-position-top elementor-widget elementor-widget-image-box\" data-id=\"c854352\" data-element_type=\"widget\" data-widget_type=\"image-box.default\">\n\t\t\t\t<div class=\"elementor-widget-container\">\n\t\t\t<style>\/*! elementor - v3.22.0 - 26-06-2024 *\/\n.elementor-widget-image-box .elementor-image-box-content{width:100%}@media (min-width:768px){.elementor-widget-image-box.elementor-position-left .elementor-image-box-wrapper,.elementor-widget-image-box.elementor-position-right .elementor-image-box-wrapper{display:flex}.elementor-widget-image-box.elementor-position-right .elementor-image-box-wrapper{text-align:end;flex-direction:row-reverse}.elementor-widget-image-box.elementor-position-left .elementor-image-box-wrapper{text-align:start;flex-direction:row}.elementor-widget-image-box.elementor-position-top .elementor-image-box-img{margin:auto}.elementor-widget-image-box.elementor-vertical-align-top .elementor-image-box-wrapper{align-items:flex-start}.elementor-widget-image-box.elementor-vertical-align-middle .elementor-image-box-wrapper{align-items:center}.elementor-widget-image-box.elementor-vertical-align-bottom .elementor-image-box-wrapper{align-items:flex-end}}@media (max-width:767px){.elementor-widget-image-box .elementor-image-box-img{margin-left:auto!important;margin-right:auto!important;margin-bottom:15px}}.elementor-widget-image-box .elementor-image-box-img{display:inline-block}.elementor-widget-image-box .elementor-image-box-title a{color:inherit}.elementor-widget-image-box .elementor-image-box-wrapper{text-align:center}.elementor-widget-image-box .elementor-image-box-description{margin:0}<\/style><div class=\"elementor-image-box-wrapper\"><figure class=\"elementor-image-box-img\"><img decoding=\"async\" width=\"158\" height=\"212\" src=\"https:\/\/wtpartima.com\/wp-content\/uploads\/2024\/07\/57.jpg\" class=\"attachment-full size-full wp-image-988516\" alt=\"\" \/><\/figure><div class=\"elementor-image-box-content\"><h6 class=\"elementor-image-box-title\">CEBR\u0130 BORU KAYDIRMA\"S\u00dcR\u00dcM\"<\/h6><\/div><\/div>\t\t<\/div>\n\t\t\t\t<\/div>\n\t\t\t\t<\/div>\n\t\t<div class=\"elementor-element elementor-element-3c5bacd e-con-full e-flex e-con e-child\" data-id=\"3c5bacd\" data-element_type=\"container\">\n\t\t\t\t<div class=\"vamtam-has-theme-widget-styles elementor-element elementor-element-783df13 elementor-position-top elementor-widget elementor-widget-image-box\" data-id=\"783df13\" data-element_type=\"widget\" data-widget_type=\"image-box.default\">\n\t\t\t\t<div class=\"elementor-widget-container\">\n\t\t\t<div class=\"elementor-image-box-wrapper\"><figure class=\"elementor-image-box-img\"><img decoding=\"async\" width=\"158\" height=\"212\" src=\"https:\/\/wtpartima.com\/wp-content\/uploads\/2024\/07\/53.jpg\" class=\"attachment-full size-full wp-image-988523\" alt=\"\" \/><\/figure><div class=\"elementor-image-box-content\"><h6 class=\"elementor-image-box-title\">SAVAK CEBR\u0130 BORU \"S\u00dcR\u00dcM\"<\/h6><\/div><\/div>\t\t<\/div>\n\t\t\t\t<\/div>\n\t\t\t\t<\/div>\n\t\t<div class=\"elementor-element elementor-element-8212db7 e-con-full e-flex e-con e-child\" data-id=\"8212db7\" data-element_type=\"container\">\n\t\t\t\t<div class=\"vamtam-has-theme-widget-styles elementor-element elementor-element-8b951a2 elementor-position-top elementor-widget elementor-widget-image-box\" data-id=\"8b951a2\" data-element_type=\"widget\" data-widget_type=\"image-box.default\">\n\t\t\t\t<div class=\"elementor-widget-container\">\n\t\t\t<div class=\"elementor-image-box-wrapper\"><figure class=\"elementor-image-box-img\"><img decoding=\"async\" width=\"158\" height=\"212\" src=\"https:\/\/wtpartima.com\/wp-content\/uploads\/2024\/07\/52.jpg\" class=\"attachment-full size-full wp-image-988527\" alt=\"\" \/><\/figure><div class=\"elementor-image-box-content\"><h6 class=\"elementor-image-box-title\">S\u00dcRG\u00dcL\u00dc CEBR\u0130 BORU \u0130LE KAYAR RAYLAR<\/h6><\/div><\/div>\t\t<\/div>\n\t\t\t\t<\/div>\n\t\t\t\t<\/div>\n\t\t\t\t\t<\/div>\n\t\t\t\t<\/div>\n\t\t<div class=\"elementor-element elementor-element-d3d29dc e-flex e-con-boxed e-con e-parent\" data-id=\"d3d29dc\" data-element_type=\"container\" data-settings=\"{&quot;background_background&quot;:&quot;classic&quot;}\">\n\t\t\t\t\t<div class=\"e-con-inner\">\n\t\t<div class=\"elementor-element elementor-element-8124a43 e-con-full e-flex e-con e-child\" data-id=\"8124a43\" data-element_type=\"container\">\n\t\t\t\t<div class=\"elementor-element elementor-element-a15cb5e elementor-widget elementor-widget-heading\" data-id=\"a15cb5e\" data-element_type=\"widget\" data-widget_type=\"heading.default\">\n\t\t\t\t<div class=\"elementor-widget-container\">\n\t\t\t<h5 class=\"elementor-heading-title elementor-size-default\">KANAL CEBR\u0130 BORULAR<\/h5>\t\t<\/div>\n\t\t\t\t<\/div>\n\t\t\t\t<div class=\"elementor-element elementor-element-3e098c3 elementor-widget elementor-widget-text-editor\" data-id=\"3e098c3\" data-element_type=\"widget\" data-widget_type=\"text-editor.default\">\n\t\t\t\t<div class=\"elementor-widget-container\">\n\t\t\t\t\t\t\t<h5>WTP ARTIMA\u2019NIN KANAL CEBR\u0130 BORULARI, YUVARLAK VE KARE KES\u0130TLER \u0130\u00c7\u0130N UYGUN, G\u00dcVEN\u0130L\u0130R KONTROL VANALARIDIR.<\/h5>\n\t\t\t\t\t\t<\/div>\n\t\t\t\t<\/div>\n\t\t\t\t<\/div>\n\t\t\t\t\t<\/div>\n\t\t\t\t<\/div>\n\t\t<div class=\"elementor-element elementor-element-c435ef7 e-flex e-con-boxed e-con e-parent\" data-id=\"c435ef7\" data-element_type=\"container\">\n\t\t\t\t\t<div class=\"e-con-inner\">\n\t\t<div class=\"elementor-element elementor-element-8e776df e-con-full e-flex e-con e-child\" data-id=\"8e776df\" data-element_type=\"container\">\n\t\t\t\t<div class=\"vamtam-has-theme-widget-styles elementor-element elementor-element-b30295f elementor-position-top elementor-widget elementor-widget-image-box\" data-id=\"b30295f\" data-element_type=\"widget\" data-widget_type=\"image-box.default\">\n\t\t\t\t<div class=\"elementor-widget-container\">\n\t\t\t<div class=\"elementor-image-box-wrapper\"><figure class=\"elementor-image-box-img\"><img loading=\"lazy\" decoding=\"async\" width=\"158\" height=\"212\" src=\"https:\/\/wtpartima.com\/wp-content\/uploads\/2024\/07\/54.jpg\" class=\"attachment-full size-full wp-image-988547\" alt=\"\" \/><\/figure><div class=\"elementor-image-box-content\"><h6 class=\"elementor-image-box-title\">KANAL SET\u0130 CEBR\u0130 BORU \"S\u00dcR\u00dcM\"<\/h6><\/div><\/div>\t\t<\/div>\n\t\t\t\t<\/div>\n\t\t\t\t<\/div>\n\t\t<div class=\"elementor-element elementor-element-0861706 e-con-full e-flex e-con e-child\" data-id=\"0861706\" data-element_type=\"container\">\n\t\t\t\t<div class=\"vamtam-has-theme-widget-styles elementor-element elementor-element-8236b87 elementor-position-top elementor-widget elementor-widget-image-box\" data-id=\"8236b87\" data-element_type=\"widget\" data-widget_type=\"image-box.default\">\n\t\t\t\t<div class=\"elementor-widget-container\">\n\t\t\t<div class=\"elementor-image-box-wrapper\"><figure class=\"elementor-image-box-img\"><img loading=\"lazy\" decoding=\"async\" width=\"158\" height=\"212\" src=\"https:\/\/wtpartima.com\/wp-content\/uploads\/2024\/07\/56.jpg\" class=\"attachment-full size-full wp-image-988548\" alt=\"\" \/><\/figure><div class=\"elementor-image-box-content\"><h6 class=\"elementor-image-box-title\">KANAL CEBR\u0130 BORU \"S\u00dcR\u00dcM\"<\/h6><\/div><\/div>\t\t<\/div>\n\t\t\t\t<\/div>\n\t\t\t\t<\/div>\n\t\t<div class=\"elementor-element elementor-element-a9dbc84 e-con-full e-flex e-con e-child\" data-id=\"a9dbc84\" data-element_type=\"container\">\n\t\t\t\t<div class=\"vamtam-has-theme-widget-styles elementor-element elementor-element-f37de3b elementor-position-top elementor-widget elementor-widget-image-box\" data-id=\"f37de3b\" data-element_type=\"widget\" data-widget_type=\"image-box.default\">\n\t\t\t\t<div class=\"elementor-widget-container\">\n\t\t\t<div class=\"elementor-image-box-wrapper\"><figure class=\"elementor-image-box-img\"><img loading=\"lazy\" decoding=\"async\" width=\"158\" height=\"212\" src=\"https:\/\/wtpartima.com\/wp-content\/uploads\/2024\/07\/51.jpg\" class=\"attachment-full size-full wp-image-988549\" alt=\"\" \/><\/figure><div class=\"elementor-image-box-content\"><h6 class=\"elementor-image-box-title\">S\u00dcRG\u00dcL\u00dc RAYLI KANAL CEBR\u0130 BORU<\/h6><\/div><\/div>\t\t<\/div>\n\t\t\t\t<\/div>\n\t\t\t\t<\/div>\n\t\t\t\t\t<\/div>\n\t\t\t\t<\/div>\n\t\t<div class=\"elementor-element elementor-element-76cef45 e-flex e-con-boxed e-con e-parent\" data-id=\"76cef45\" data-element_type=\"container\" data-settings=\"{&quot;background_background&quot;:&quot;classic&quot;}\">\n\t\t\t\t\t<div class=\"e-con-inner\">\n\t\t<div class=\"elementor-element elementor-element-ca55d38 e-con-full e-flex e-con e-child\" data-id=\"ca55d38\" data-element_type=\"container\">\n\t\t\t\t<div class=\"elementor-element elementor-element-cd0b0ee elementor-widget elementor-widget-heading\" data-id=\"cd0b0ee\" data-element_type=\"widget\" data-widget_type=\"heading.default\">\n\t\t\t\t<div class=\"elementor-widget-container\">\n\t\t\t<h5 class=\"elementor-heading-title elementor-size-default\">TALEP ALTINDA \u00c7\u00d6Z\u00dcMLER<\/h5>\t\t<\/div>\n\t\t\t\t<\/div>\n\t\t\t\t<div class=\"elementor-element elementor-element-790a2ef elementor-widget elementor-widget-text-editor\" data-id=\"790a2ef\" data-element_type=\"widget\" data-widget_type=\"text-editor.default\">\n\t\t\t\t<div class=\"elementor-widget-container\">\n\t\t\t\t\t\t\t<h5>DAHA B\u00dcY\u00dcK BOYUTLAR \u0130\u00c7\u0130N, WTP ARTIMA CEBR\u0130 BORULAR, ARTIRILMI\u015e DUVAR KALINLI\u011eI, \u0130\u011e SAYISI, USTACA KONSTR\u00dcKS\u0130YONLAR VB.<\/h5>\n\t\t\t\t\t\t<\/div>\n\t\t\t\t<\/div>\n\t\t\t\t<div class=\"elementor-element elementor-element-32804eb elementor-widget elementor-widget-text-editor\" data-id=\"32804eb\" data-element_type=\"widget\" data-widget_type=\"text-editor.default\">\n\t\t\t\t<div class=\"elementor-widget-container\">\n\t\t\t\t\t\t\t<h6>ARACILI\u011eIYLA KURUM \u0130\u00c7\u0130 TASARIMIMIZ \/ \u00dcRET\u0130M\u0130M\u0130Z TARAFINDAN YAPILAN ISMARLAMA \u00c7\u00d6Z\u00dcMLER SUNAR. ELBETTE WTP ARTIMA CEBR\u0130 BORULAR, TELESKOP\u0130K S\u00dcRG\u00dc G\u0130B\u0130 \u00d6ZEL KONSTR\u00dcKS\u0130YONLARA DA SAH\u0130PT\u0130R. BU, SU SEV\u0130YES\u0130N\u0130 D\u00dcZENLEMEK \u0130\u00c7\u0130N B\u0130RB\u0130R\u0130NE YERLE\u015eT\u0130R\u0130LM\u0130\u015e \u0130K\u0130 SIZDIRMAZ PASLANMAZ \u00c7EL\u0130K BORUDAN OLU\u015eUR. AYRICA KONTAKT\u00d6RLER, GER\u0130 AKI\u015e KLAPELER\u0130 (KANATLI VALFLAR) VE BASKIN KLAPEL\u0130 T\u00dcFEKLER DE SUNUYORUZ<\/h6>\n\t\t\t\t\t\t<\/div>\n\t\t\t\t<\/div>\n\t\t\t\t<\/div>\n\t\t\t\t\t<\/div>\n\t\t\t\t<\/div>\n\t\t<div class=\"elementor-element elementor-element-fa06095 e-flex e-con-boxed e-con e-parent\" data-id=\"fa06095\" data-element_type=\"container\">\n\t\t\t\t\t<div class=\"e-con-inner\">\n\t\t\t\t<div class=\"elementor-element elementor-element-ea4c54c elementor-widget elementor-widget-spacer\" data-id=\"ea4c54c\" data-element_type=\"widget\" data-widget_type=\"spacer.default\">\n\t\t\t\t<div class=\"elementor-widget-container\">\n\t\t\t<style>\/*! elementor - v3.22.0 - 26-06-2024 *\/\n.elementor-column .elementor-spacer-inner{height:var(--spacer-size)}.e-con{--container-widget-width:100%}.e-con-inner>.elementor-widget-spacer,.e-con>.elementor-widget-spacer{width:var(--container-widget-width,var(--spacer-size));--align-self:var(--container-widget-align-self,initial);--flex-shrink:0}.e-con-inner>.elementor-widget-spacer>.elementor-widget-container,.e-con>.elementor-widget-spacer>.elementor-widget-container{height:100%;width:100%}.e-con-inner>.elementor-widget-spacer>.elementor-widget-container>.elementor-spacer,.e-con>.elementor-widget-spacer>.elementor-widget-container>.elementor-spacer{height:100%}.e-con-inner>.elementor-widget-spacer>.elementor-widget-container>.elementor-spacer>.elementor-spacer-inner,.e-con>.elementor-widget-spacer>.elementor-widget-container>.elementor-spacer>.elementor-spacer-inner{height:var(--container-widget-height,var(--spacer-size))}.e-con-inner>.elementor-widget-spacer.elementor-widget-empty,.e-con>.elementor-widget-spacer.elementor-widget-empty{position:relative;min-height:22px;min-width:22px}.e-con-inner>.elementor-widget-spacer.elementor-widget-empty .elementor-widget-empty-icon,.e-con>.elementor-widget-spacer.elementor-widget-empty .elementor-widget-empty-icon{position:absolute;top:0;bottom:0;left:0;right:0;margin:auto;padding:0;width:22px;height:22px}<\/style>\t\t<div class=\"elementor-spacer\">\n\t\t\t<div class=\"elementor-spacer-inner\"><\/div>\n\t\t<\/div>\n\t\t\t\t<\/div>\n\t\t\t\t<\/div>\n\t\t\t\t\t<\/div>\n\t\t\t\t<\/div>\n\t\t<div class=\"elementor-element elementor-element-ebd1fc6 e-flex e-con-boxed e-con e-parent\" data-id=\"ebd1fc6\" data-element_type=\"container\" data-settings=\"{&quot;background_background&quot;:&quot;classic&quot;}\">\n\t\t\t\t\t<div class=\"e-con-inner\">\n\t\t<div class=\"elementor-element elementor-element-887323b e-con-full e-flex e-con e-child\" data-id=\"887323b\" data-element_type=\"container\">\n\t\t\t\t<div class=\"elementor-element elementor-element-8d84698 elementor-widget elementor-widget-heading\" data-id=\"8d84698\" data-element_type=\"widget\" data-widget_type=\"heading.default\">\n\t\t\t\t<div class=\"elementor-widget-container\">\n\t\t\t<h5 class=\"elementor-heading-title elementor-size-default\">G\u00dcNL\u00dcK DURAKLATMAYI KAPATMAK<\/h5>\t\t<\/div>\n\t\t\t\t<\/div>\n\t\t\t\t<div class=\"elementor-element elementor-element-964c254 elementor-widget elementor-widget-text-editor\" data-id=\"964c254\" data-element_type=\"widget\" data-widget_type=\"text-editor.default\">\n\t\t\t\t<div class=\"elementor-widget-container\">\n\t\t\t\t\t\t\t<h5>END\u00dcSTR\u0130 STANDARDI KAPATMA G\u00dcNL\u00dcKLER\u0130 YELPAZEM\u0130Z HAKKINDA B\u0130LG\u0130 ED\u0130N\u0130N AYRINTILAR \u0130\u00c7\u0130N RES\u0130MLERE TIKLAYIN .<\/h5>\n\t\t\t\t\t\t<\/div>\n\t\t\t\t<\/div>\n\t\t\t\t<div class=\"elementor-element elementor-element-c199e5b elementor-widget elementor-widget-text-editor\" data-id=\"c199e5b\" data-element_type=\"widget\" data-widget_type=\"text-editor.default\">\n\t\t\t\t<div class=\"elementor-widget-container\">\n\t\t\t\t\t\t\t<h6>B\u0130R C\u0130HAZLA \u0130LG\u0130LEN\u0130YORSANIZ VEYA \u00d6ZEL GEREKS\u0130N\u0130MLER VE D\u00dcZENLER \u0130\u00c7\u0130N B\u0130R TALEB\u0130N\u0130Z VARSA<\/h6>\n\t\t\t\t\t\t<\/div>\n\t\t\t\t<\/div>\n\t\t\t\t<\/div>\n\t\t<div class=\"elementor-element elementor-element-b245257 e-con-full e-flex e-con e-child\" data-id=\"b245257\" data-element_type=\"container\">\n\t\t\t\t<div class=\"vamtam-has-theme-widget-styles elementor-element elementor-element-a14a06a elementor-position-top elementor-widget elementor-widget-image-box\" data-id=\"a14a06a\" data-element_type=\"widget\" data-widget_type=\"image-box.default\">\n\t\t\t\t<div class=\"elementor-widget-container\">\n\t\t\t<div class=\"elementor-image-box-wrapper\"><figure class=\"elementor-image-box-img\"><img loading=\"lazy\" decoding=\"async\" width=\"158\" height=\"182\" src=\"https:\/\/wtpartima.com\/wp-content\/uploads\/2024\/07\/50.jpg\" class=\"attachment-full size-full wp-image-988568\" alt=\"\" \/><\/figure><\/div>\t\t<\/div>\n\t\t\t\t<\/div>\n\t\t\t\t<\/div>\n\t\t\t\t\t<\/div>\n\t\t\t\t<\/div>\n\t\t\t\t<\/div>\n\t\t","protected":false},"excerpt":{"rendered":"<p>KAPILAR \/ CEBR\u0130 BORULAR SU AKI\u015eI \u0130\u00c7\u0130N CEBR\u0130 BORULAR T\u00dcKENMEZ KALEMLER\u0130M\u0130Z, FARKLI UYGULAMALARI, FARKLI BOYUTLARI VE AYNI ZAMANDA T\u00dcRK\u0130YE\u2019DE \u00dcRET\u0130LEN EN Y\u00dcKSEK KAL\u0130TE VE STANDARTLARIYLA TANINMAKTADIR. P\u0130YASADA BULAB\u0130LECE\u011e\u0130N\u0130Z EN KAL\u0130TEL\u0130 T\u00dcKENMEZ KALEMLER. TAMAMEN M\u00dc\u015eTER\u0130 ODAKLI KEND\u0130 B\u00dcNYEM\u0130ZDE GER\u00c7EKLE\u015eT\u0130RD\u0130\u011e\u0130M\u0130Z \u00dcRET\u0130M SAYES\u0130NDE FORM\u00dcLASYONLARIMIZDA SADECE M\u00dcKEMMEL B\u0130REYSELL\u0130K ELDE ETMEKLE KALMIYOR AYNI ZAMANDA A\u011eIRLI\u011eI, \u00c7ALI\u015eMA S\u00dcRES\u0130N\u0130 VE DOLAYISIYLA MAL\u0130YETLER\u0130&#8230;<\/p>\n","protected":false},"author":1,"featured_media":0,"parent":0,"menu_order":0,"comment_status":"closed","ping_status":"closed","template":"","meta":{"_uag_custom_page_level_css":"","footnotes":""},"aioseo_notices":[],"uagb_featured_image_src":{"full":false,"thumbnail":false,"medium":false,"medium_large":false,"large":false,"1536x1536":false,"2048x2048":false},"uagb_author_info":{"display_name":"ubeyda.saar@gmail.com","author_link":"https:\/\/wtpartima.com\/tr\/author\/ubeyda-saargmail-com\/"},"uagb_comment_info":0,"uagb_excerpt":"KAPILAR \/ CEBR\u0130 BORULAR SU AKI\u015eI \u0130\u00c7\u0130N CEBR\u0130 BORULAR T\u00dcKENMEZ KALEMLER\u0130M\u0130Z, FARKLI UYGULAMALARI, FARKLI BOYUTLARI VE AYNI ZAMANDA T\u00dcRK\u0130YE\u2019DE \u00dcRET\u0130LEN EN Y\u00dcKSEK KAL\u0130TE VE STANDARTLARIYLA TANINMAKTADIR. P\u0130YASADA BULAB\u0130LECE\u011e\u0130N\u0130Z EN KAL\u0130TEL\u0130 T\u00dcKENMEZ KALEMLER. TAMAMEN M\u00dc\u015eTER\u0130 ODAKLI KEND\u0130 B\u00dcNYEM\u0130ZDE GER\u00c7EKLE\u015eT\u0130RD\u0130\u011e\u0130M\u0130Z \u00dcRET\u0130M SAYES\u0130NDE FORM\u00dcLASYONLARIMIZDA SADECE M\u00dcKEMMEL B\u0130REYSELL\u0130K ELDE ETMEKLE KALMIYOR AYNI ZAMANDA A\u011eIRLI\u011eI, \u00c7ALI\u015eMA S\u00dcRES\u0130N\u0130 VE DOLAYISIYLA MAL\u0130YETLER\u0130...","_links":{"self":[{"href":"https:\/\/wtpartima.com\/tr\/wp-json\/wp\/v2\/pages\/989794"}],"collection":[{"href":"https:\/\/wtpartima.com\/tr\/wp-json\/wp\/v2\/pages"}],"about":[{"href":"https:\/\/wtpartima.com\/tr\/wp-json\/wp\/v2\/types\/page"}],"author":[{"embeddable":true,"href":"https:\/\/wtpartima.com\/tr\/wp-json\/wp\/v2\/users\/1"}],"replies":[{"embeddable":true,"href":"https:\/\/wtpartima.com\/tr\/wp-json\/wp\/v2\/comments?post=989794"}],"version-history":[{"count":3,"href":"https:\/\/wtpartima.com\/tr\/wp-json\/wp\/v2\/pages\/989794\/revisions"}],"predecessor-version":[{"id":989797,"href":"https:\/\/wtpartima.com\/tr\/wp-json\/wp\/v2\/pages\/989794\/revisions\/989797"}],"wp:attachment":[{"href":"https:\/\/wtpartima.com\/tr\/wp-json\/wp\/v2\/media?parent=989794"}],"curies":[{"name":"wp","href":"https:\/\/api.w.org\/{rel}","templated":true}]}}