{"id":989786,"date":"2024-07-07T01:15:07","date_gmt":"2024-07-07T01:15:07","guid":{"rendered":"https:\/\/wtpartima.com\/hakkimizda\/"},"modified":"2024-07-10T02:16:27","modified_gmt":"2024-07-10T02:16:27","slug":"hakkimizda","status":"publish","type":"page","link":"https:\/\/wtpartima.com\/tr\/hakkimizda\/","title":{"rendered":"HAKKIMIZDA"},"content":{"rendered":"\t\t<div data-elementor-type=\"wp-page\" data-elementor-id=\"989786\" class=\"elementor elementor-989786 elementor-988109\" data-elementor-post-type=\"page\">\n\t\t\t\t<div class=\"elementor-element elementor-element-ad01d54 e-con-full e-flex e-con e-parent\" data-id=\"ad01d54\" data-element_type=\"container\" data-settings=\"{&quot;background_background&quot;:&quot;gradient&quot;,&quot;background_motion_fx_motion_fx_scrolling&quot;:&quot;yes&quot;,&quot;background_motion_fx_translateX_effect&quot;:&quot;yes&quot;,&quot;background_motion_fx_translateX_speed&quot;:{&quot;unit&quot;:&quot;px&quot;,&quot;size&quot;:6.5,&quot;sizes&quot;:[]},&quot;background_motion_fx_translateX_affectedRange&quot;:{&quot;unit&quot;:&quot;%&quot;,&quot;size&quot;:&quot;&quot;,&quot;sizes&quot;:{&quot;start&quot;:0,&quot;end&quot;:100}},&quot;background_motion_fx_devices&quot;:[&quot;desktop&quot;,&quot;tablet&quot;,&quot;mobile&quot;]}\">\n\t\t<div class=\"elementor-element elementor-element-5be96faf animated-fast e-flex e-con-boxed elementor-invisible e-con e-child\" data-id=\"5be96faf\" data-element_type=\"container\" data-settings=\"{&quot;animation&quot;:&quot;slideInUp&quot;,&quot;animation_delay&quot;:150}\">\n\t\t\t\t\t<div class=\"e-con-inner\">\n\t\t\t\t<div class=\"elementor-element elementor-element-1df29b3f elementor-widget__width-initial elementor-widget elementor-widget-elementskit-heading\" data-id=\"1df29b3f\" data-element_type=\"widget\" data-widget_type=\"elementskit-heading.default\">\n\t\t\t\t<div class=\"elementor-widget-container\">\n\t\t\t<div class=\"ekit-wid-con\" ><div class=\"ekit-heading elementskit-section-title-wraper text_center   ekit_heading_tablet-   ekit_heading_mobile-\"><h2 class=\"ekit-heading--title elementskit-section-title text_fill\">HAKKIMIZDA <span><span>WTP ARTIMA<\/span><\/h2><\/div><\/div>\t\t<\/div>\n\t\t\t\t<\/div>\n\t\t\t\t\t<\/div>\n\t\t\t\t<\/div>\n\t\t\t\t<\/div>\n\t\t<div class=\"elementor-element elementor-element-f1919ca animated-fast e-flex e-con-boxed elementor-invisible e-con e-parent\" data-id=\"f1919ca\" data-element_type=\"container\" data-settings=\"{&quot;background_background&quot;:&quot;classic&quot;,&quot;background_motion_fx_motion_fx_scrolling&quot;:&quot;yes&quot;,&quot;background_motion_fx_translateY_effect&quot;:&quot;yes&quot;,&quot;animation&quot;:&quot;slideInUp&quot;,&quot;animation_delay&quot;:200,&quot;background_motion_fx_translateY_speed&quot;:{&quot;unit&quot;:&quot;px&quot;,&quot;size&quot;:4,&quot;sizes&quot;:[]},&quot;background_motion_fx_translateY_affectedRange&quot;:{&quot;unit&quot;:&quot;%&quot;,&quot;size&quot;:&quot;&quot;,&quot;sizes&quot;:{&quot;start&quot;:0,&quot;end&quot;:100}},&quot;background_motion_fx_devices&quot;:[&quot;desktop&quot;,&quot;tablet&quot;,&quot;mobile&quot;]}\">\n\t\t\t\t\t<div class=\"e-con-inner\">\n\t\t\t\t<div class=\"elementor-element elementor-element-5cb6ec95 elementor-widget elementor-widget-spacer\" data-id=\"5cb6ec95\" data-element_type=\"widget\" data-widget_type=\"spacer.default\">\n\t\t\t\t<div class=\"elementor-widget-container\">\n\t\t\t<style>\/*! elementor - v3.22.0 - 26-06-2024 *\/\n.elementor-column .elementor-spacer-inner{height:var(--spacer-size)}.e-con{--container-widget-width:100%}.e-con-inner>.elementor-widget-spacer,.e-con>.elementor-widget-spacer{width:var(--container-widget-width,var(--spacer-size));--align-self:var(--container-widget-align-self,initial);--flex-shrink:0}.e-con-inner>.elementor-widget-spacer>.elementor-widget-container,.e-con>.elementor-widget-spacer>.elementor-widget-container{height:100%;width:100%}.e-con-inner>.elementor-widget-spacer>.elementor-widget-container>.elementor-spacer,.e-con>.elementor-widget-spacer>.elementor-widget-container>.elementor-spacer{height:100%}.e-con-inner>.elementor-widget-spacer>.elementor-widget-container>.elementor-spacer>.elementor-spacer-inner,.e-con>.elementor-widget-spacer>.elementor-widget-container>.elementor-spacer>.elementor-spacer-inner{height:var(--container-widget-height,var(--spacer-size))}.e-con-inner>.elementor-widget-spacer.elementor-widget-empty,.e-con>.elementor-widget-spacer.elementor-widget-empty{position:relative;min-height:22px;min-width:22px}.e-con-inner>.elementor-widget-spacer.elementor-widget-empty .elementor-widget-empty-icon,.e-con>.elementor-widget-spacer.elementor-widget-empty .elementor-widget-empty-icon{position:absolute;top:0;bottom:0;left:0;right:0;margin:auto;padding:0;width:22px;height:22px}<\/style>\t\t<div class=\"elementor-spacer\">\n\t\t\t<div class=\"elementor-spacer-inner\"><\/div>\n\t\t<\/div>\n\t\t\t\t<\/div>\n\t\t\t\t<\/div>\n\t\t\t\t\t<\/div>\n\t\t\t\t<\/div>\n\t\t<div class=\"elementor-element elementor-element-1aae74b e-flex e-con-boxed e-con e-parent\" data-id=\"1aae74b\" data-element_type=\"container\">\n\t\t\t\t\t<div class=\"e-con-inner\">\n\t\t<div class=\"elementor-element elementor-element-823dcb1 e-con-full e-flex e-con e-child\" data-id=\"823dcb1\" data-element_type=\"container\">\n\t\t<div class=\"elementor-element elementor-element-14c9f8b4 e-con-full elementor-hidden-mobile e-flex e-con e-child\" data-id=\"14c9f8b4\" data-element_type=\"container\">\n\t\t\t\t<div class=\"elementor-element elementor-element-7c612a7 elementor-widget__width-initial elementor-widget elementor-widget-text-editor\" data-id=\"7c612a7\" data-element_type=\"widget\" data-widget_type=\"text-editor.default\">\n\t\t\t\t<div class=\"elementor-widget-container\">\n\t\t\t<style>\/*! elementor - v3.22.0 - 26-06-2024 *\/\n.elementor-widget-text-editor.elementor-drop-cap-view-stacked .elementor-drop-cap{background-color:#69727d;color:#fff}.elementor-widget-text-editor.elementor-drop-cap-view-framed .elementor-drop-cap{color:#69727d;border:3px solid;background-color:transparent}.elementor-widget-text-editor:not(.elementor-drop-cap-view-default) .elementor-drop-cap{margin-top:8px}.elementor-widget-text-editor:not(.elementor-drop-cap-view-default) .elementor-drop-cap-letter{width:1em;height:1em}.elementor-widget-text-editor .elementor-drop-cap{float:left;text-align:center;line-height:1;font-size:50px}.elementor-widget-text-editor .elementor-drop-cap-letter{display:inline-block}<\/style>\t\t\t\t<h4>WTP ARTIMA, END\u00dcSTR\u0130YEL VE BELED\u0130YE PAZARLARI \u0130\u00c7\u0130N GELENEKSELDEN Y\u00dcKSEK TEKNOLOJ\u0130YE KADAR SU ARITMA \u00c7\u00d6Z\u00dcMLER\u0130 SUNAR VE M\u00dc\u015eTER\u0130LER\u0130NE YEDEK PAR\u00c7A VE H\u0130ZMETLER SA\u011eLAMAK \u0130\u00c7\u0130N D\u00dcNYA \u00c7APINDA KURULU GEN\u0130\u015e EK\u0130PMAN TABANINDAN YARARLANIR.<\/h4>\n\t\t\t\t\t\t<\/div>\n\t\t\t\t<\/div>\n\t\t\t\t<\/div>\n\t\t\t\t<\/div>\n\t\t<div class=\"elementor-element elementor-element-dad8ce8 e-con-full e-flex e-con e-child\" data-id=\"dad8ce8\" data-element_type=\"container\">\n\t\t<div class=\"elementor-element elementor-element-9eab000 e-con-full e-flex e-con e-child\" data-id=\"9eab000\" data-element_type=\"container\" data-settings=\"{&quot;background_background&quot;:&quot;classic&quot;}\">\n\t\t\t\t<div class=\"elementor-element elementor-element-b748a20 elementor-widget elementor-widget-text-editor\" data-id=\"b748a20\" data-element_type=\"widget\" data-widget_type=\"text-editor.default\">\n\t\t\t\t<div class=\"elementor-widget-container\">\n\t\t\t\t\t\t\t<h4>WTP ARTIMA, KEND\u0130N\u0130 UYGUN MAL\u0130YETL\u0130, ENERJ\u0130 A\u00c7ISINDAN VER\u0130ML\u0130 VE \u00c7EVRESEL A\u00c7IDAN S\u00dcRD\u00dcR\u00dcLEB\u0130L\u0130R SU ARITMA \u00c7\u00d6Z\u00dcMLER\u0130 SUNAN S\u00dcREKL\u0130 GEL\u0130\u015eEN B\u0130R END\u00dcSTR\u0130DE YEN\u0130L\u0130\u011eE ADAMI\u015eTIR<\/h4>\n\t\t\t\t\t\t<\/div>\n\t\t\t\t<\/div>\n\t\t\t\t<\/div>\n\t\t\t\t<\/div>\n\t\t\t\t\t<\/div>\n\t\t\t\t<\/div>\n\t\t<div class=\"elementor-element elementor-element-3457639 animated-fast e-flex e-con-boxed elementor-invisible e-con e-parent\" data-id=\"3457639\" data-element_type=\"container\" data-settings=\"{&quot;background_background&quot;:&quot;classic&quot;,&quot;animation&quot;:&quot;slideInUp&quot;,&quot;animation_delay&quot;:200}\">\n\t\t\t\t\t<div class=\"e-con-inner\">\n\t\t\t\t<div class=\"elementor-element elementor-element-9b56b75 elementor-widget elementor-widget-spacer\" data-id=\"9b56b75\" data-element_type=\"widget\" data-widget_type=\"spacer.default\">\n\t\t\t\t<div class=\"elementor-widget-container\">\n\t\t\t\t\t<div class=\"elementor-spacer\">\n\t\t\t<div class=\"elementor-spacer-inner\"><\/div>\n\t\t<\/div>\n\t\t\t\t<\/div>\n\t\t\t\t<\/div>\n\t\t\t\t\t<\/div>\n\t\t\t\t<\/div>\n\t\t<div class=\"elementor-element elementor-element-42a7d67 e-flex e-con-boxed e-con e-parent\" data-id=\"42a7d67\" data-element_type=\"container\" data-settings=\"{&quot;background_background&quot;:&quot;classic&quot;}\">\n\t\t\t\t\t<div class=\"e-con-inner\">\n\t\t<div class=\"elementor-element elementor-element-4b0a5273 e-con-full e-flex e-con e-child\" data-id=\"4b0a5273\" data-element_type=\"container\">\n\t\t\t\t<div class=\"elementor-element elementor-element-c7fe41e elementor-widget__width-initial elementor-widget elementor-widget-text-editor\" data-id=\"c7fe41e\" data-element_type=\"widget\" data-widget_type=\"text-editor.default\">\n\t\t\t\t<div class=\"elementor-widget-container\">\n\t\t\t\t\t\t\t<h6>WTP ART\u0130MA, POMPALAR, KAPILAR, VANALAR, STOPLOG, ELEK, CEBR\u0130 BORULAR, V\u0130N\u00c7LER, KONVEY\u00d6R, SIYIRICI K\u00d6PR\u00dc, HAVALANDIRICI VAN, MBR F\u0130LTRE, BLOWERLAR VE PLC S\u0130STEM\u0130 G\u0130B\u0130<\/h6>\n\t\t\t\t\t\t<\/div>\n\t\t\t\t<\/div>\n\t\t\t\t<div class=\"elementor-element elementor-element-7f82dfb elementor-widget__width-initial elementor-widget elementor-widget-text-editor\" data-id=\"7f82dfb\" data-element_type=\"widget\" data-widget_type=\"text-editor.default\">\n\t\t\t\t<div class=\"elementor-widget-container\">\n\t\t\t\t\t\t\t<p><span style=\"color: #ffffff;\">\u0130\u00c7ME SUYU VE ATIK SU PROJELER\u0130NDE YER ALAN T\u00dcM EK\u0130PMANLARI TEDAR\u0130K ETMEKTED\u0130R. .VB. WTP ART\u0130MA, KOKU G\u0130DERME S\u0130STEM\u0130 EK\u0130PMANI, AKT\u0130F KARBON F\u0130LTRES\u0130, B\u0130YOF\u0130LTRE S\u0130STEM\u0130 VE B\u0130YO-TEM\u0130ZLEME C\u0130HAZI SA\u011eLAR.<\/span><\/p>\n\t\t\t\t\t\t<\/div>\n\t\t\t\t<\/div>\n\t\t\t\t<div class=\"elementor-element elementor-element-35d0bf4 elementor-widget__width-initial elementor-widget elementor-widget-text-editor\" data-id=\"35d0bf4\" data-element_type=\"widget\" data-widget_type=\"text-editor.default\">\n\t\t\t\t<div class=\"elementor-widget-container\">\n\t\t\t\t\t\t\t<p><span style=\"color: #ffffff;\">WTP ART\u0130MA BESLEME TERS OSMOZ S\u0130STEM\u0130 1 M3\/H\u2019DEN 20 M3\/H\u2019YE, SU ARITMA KAPAS\u0130TES\u0130 25 M3\/H\u2019DEN 2000\u2019E<\/span><\/p>\n\t\t\t\t\t\t<\/div>\n\t\t\t\t<\/div>\n\t\t\t\t<\/div>\n\t\t\t\t\t<\/div>\n\t\t\t\t<\/div>\n\t\t<div class=\"elementor-element elementor-element-62dc92d animated-fast e-flex e-con-boxed elementor-invisible e-con e-parent\" data-id=\"62dc92d\" data-element_type=\"container\" data-settings=\"{&quot;background_background&quot;:&quot;classic&quot;,&quot;animation&quot;:&quot;slideInUp&quot;,&quot;animation_delay&quot;:200}\">\n\t\t\t\t\t<div class=\"e-con-inner\">\n\t\t\t\t<div class=\"elementor-element elementor-element-adcc0b7 elementor-widget elementor-widget-spacer\" data-id=\"adcc0b7\" data-element_type=\"widget\" data-widget_type=\"spacer.default\">\n\t\t\t\t<div class=\"elementor-widget-container\">\n\t\t\t\t\t<div class=\"elementor-spacer\">\n\t\t\t<div class=\"elementor-spacer-inner\"><\/div>\n\t\t<\/div>\n\t\t\t\t<\/div>\n\t\t\t\t<\/div>\n\t\t\t\t\t<\/div>\n\t\t\t\t<\/div>\n\t\t<div class=\"elementor-element elementor-element-eec354e e-flex e-con-boxed e-con e-parent\" data-id=\"eec354e\" data-element_type=\"container\">\n\t\t\t\t\t<div class=\"e-con-inner\">\n\t\t<div class=\"elementor-element elementor-element-d7aed16 e-con-full e-flex e-con e-child\" data-id=\"d7aed16\" data-element_type=\"container\">\n\t\t\t\t<div class=\"elementor-element elementor-element-5047646 elementor-widget elementor-widget-text-editor\" data-id=\"5047646\" data-element_type=\"widget\" data-widget_type=\"text-editor.default\">\n\t\t\t\t<div class=\"elementor-widget-container\">\n\t\t\t\t\t\t\t<h4><span style=\"color: #000000;\">WTP ART\u0130MA SUPPL\u0130NG MOB\u0130LE PACKAGE ARITMA TES\u0130SLER\u0130, \u0130HT\u0130YA\u00c7 DUYULAN KULLANIM ALANLARINA UYGUN OLARAK 25 \u0130LA 10.000 K\u0130\u015e\u0130 KAPAS\u0130TELERDE \u00dcRET\u0130LEB\u0130LMEKTED\u0130R.<\/span><\/h4>\n\t\t\t\t\t\t<\/div>\n\t\t\t\t<\/div>\n\t\t\t\t<\/div>\n\t\t<div class=\"elementor-element elementor-element-f03a1b9 e-con-full e-flex e-con e-child\" data-id=\"f03a1b9\" data-element_type=\"container\">\n\t\t\t\t<div class=\"elementor-element elementor-element-ee59a13 elementor-widget elementor-widget-text-editor\" data-id=\"ee59a13\" data-element_type=\"widget\" data-widget_type=\"text-editor.default\">\n\t\t\t\t<div class=\"elementor-widget-container\">\n\t\t\t\t\t\t\t<h6>TALEP ED\u0130LEN TES\u0130S VE EK\u0130PMANLAR, \u015e\u0130RKET B\u00dcNYES\u0130NDEK\u0130 M\u00dcHEND\u0130S VE TEKN\u0130K PERSONEL TARAFINDAN TASARLANIR, PLANLANIR, \u00dcRET\u0130L\u0130R VE DEVREYE ALINIR. . \u00c7EVRE TEKNOLOJ\u0130LER\u0130NDE \u00dcST D\u00dcZEY \u00c7\u00d6Z\u00dcMLER SUNAN WTP ARTIMA SU ARITMA S\u0130STEMLER\u0130, \u00dcRET\u0130LEN VE TESL\u0130M ED\u0130LEN TES\u0130S VE \u00dcR\u00dcNLER\u0130N KAL\u0130TE VE VER\u0130ML\u0130L\u0130\u011e\u0130N\u0130 EN \u00dcST SEV\u0130YEDE TUTMAK \u0130\u00c7\u0130N 7\/24 H\u0130ZMET VEREN UZMAN TEKN\u0130K SERV\u0130S KADROSU \u0130LE HER ZAMAN G\u00dcVEN\u0130L\u0130RL\u0130\u011e\u0130N\u0130 GARANT\u0130 ETMEKTED\u0130R. WTP ARTIMA ARITMA S\u0130STEMLER\u0130<\/h6>\n\t\t\t\t\t\t<\/div>\n\t\t\t\t<\/div>\n\t\t\t\t<\/div>\n\t\t\t\t\t<\/div>\n\t\t\t\t<\/div>\n\t\t<div class=\"elementor-element elementor-element-43a9a13a e-con-full e-flex e-con e-parent\" data-id=\"43a9a13a\" data-element_type=\"container\" data-settings=\"{&quot;background_background&quot;:&quot;classic&quot;}\">\n\t\t<div class=\"elementor-element elementor-element-497042b8 e-flex e-con-boxed e-con e-child\" data-id=\"497042b8\" data-element_type=\"container\">\n\t\t\t\t\t<div class=\"e-con-inner\">\n\t\t\t\t<div class=\"elementor-element elementor-element-51a8e67 elementor-widget elementor-widget-elementskit-heading\" data-id=\"51a8e67\" data-element_type=\"widget\" data-widget_type=\"elementskit-heading.default\">\n\t\t\t\t<div class=\"elementor-widget-container\">\n\t\t\t<div class=\"ekit-wid-con\" ><div class=\"ekit-heading elementskit-section-title-wraper text_center   ekit_heading_tablet-   ekit_heading_mobile-\"><h3 class=\"ekit-heading--title elementskit-section-title text_fill\">V\u0130ZYON <span><span>VE M\u0130SYON<\/span><\/span><\/h3><\/div><\/div>\t\t<\/div>\n\t\t\t\t<\/div>\n\t\t\t\t<div class=\"elementor-element elementor-element-eb7f13d elementor-widget elementor-widget-text-editor\" data-id=\"eb7f13d\" data-element_type=\"widget\" data-widget_type=\"text-editor.default\">\n\t\t\t\t<div class=\"elementor-widget-container\">\n\t\t\t\t\t\t\t<h6><span style=\"color: #ffffff;\">MEVCUT TEKNOLOJ\u0130K GEL\u0130\u015eMELER\u0130 KULLANARAK, DAHA VER\u0130ML\u0130, KAL\u0130TEL\u0130 VE EKONOM\u0130K \u00dcR\u00dcNLER \u00dcRETMEK, DO\u011eAYA VE \u00c7EVREYE VER\u0130LEN ZARARI ORTADAN KALDIRMAK<\/span><\/h6>\n\t\t\t\t\t\t<\/div>\n\t\t\t\t<\/div>\n\t\t\t\t<div class=\"elementor-element elementor-element-d857130 elementor-widget elementor-widget-text-editor\" data-id=\"d857130\" data-element_type=\"widget\" data-widget_type=\"text-editor.default\">\n\t\t\t\t<div class=\"elementor-widget-container\">\n\t\t\t\t\t\t\t<h6>YEN\u0130 F\u0130K\u0130RLERE A\u00c7ILAN YEN\u0130L\u0130K\u00c7\u0130 B\u0130R \u0130\u015e S\u0130STEM\u0130 \u0130LE \u00c7EVRE TEKNOLOJ\u0130LER\u0130 SEKT\u00d6R\u00dcNDE \u00d6NC\u00dc OLMAK.<\/h6>\n\t\t\t\t\t\t<\/div>\n\t\t\t\t<\/div>\n\t\t\t\t\t<\/div>\n\t\t\t\t<\/div>\n\t\t\t\t<\/div>\n\t\t\t\t<\/div>\n\t\t","protected":false},"excerpt":{"rendered":"<p>HAKKIMIZDA WTP ARTIMA WTP ARTIMA, END\u00dcSTR\u0130YEL VE BELED\u0130YE PAZARLARI \u0130\u00c7\u0130N GELENEKSELDEN Y\u00dcKSEK TEKNOLOJ\u0130YE KADAR SU ARITMA \u00c7\u00d6Z\u00dcMLER\u0130 SUNAR VE M\u00dc\u015eTER\u0130LER\u0130NE YEDEK PAR\u00c7A VE H\u0130ZMETLER SA\u011eLAMAK \u0130\u00c7\u0130N D\u00dcNYA \u00c7APINDA KURULU GEN\u0130\u015e EK\u0130PMAN TABANINDAN YARARLANIR. WTP ARTIMA, KEND\u0130N\u0130 UYGUN MAL\u0130YETL\u0130, ENERJ\u0130 A\u00c7ISINDAN VER\u0130ML\u0130 VE \u00c7EVRESEL A\u00c7IDAN S\u00dcRD\u00dcR\u00dcLEB\u0130L\u0130R SU ARITMA \u00c7\u00d6Z\u00dcMLER\u0130 SUNAN S\u00dcREKL\u0130 GEL\u0130\u015eEN B\u0130R END\u00dcSTR\u0130DE YEN\u0130L\u0130\u011eE ADAMI\u015eTIR&#8230;<\/p>\n","protected":false},"author":1,"featured_media":0,"parent":0,"menu_order":0,"comment_status":"closed","ping_status":"closed","template":"","meta":{"_uag_custom_page_level_css":"","footnotes":""},"aioseo_notices":[],"uagb_featured_image_src":{"full":false,"thumbnail":false,"medium":false,"medium_large":false,"large":false,"1536x1536":false,"2048x2048":false},"uagb_author_info":{"display_name":"ubeyda.saar@gmail.com","author_link":"https:\/\/wtpartima.com\/tr\/author\/ubeyda-saargmail-com\/"},"uagb_comment_info":0,"uagb_excerpt":"HAKKIMIZDA WTP ARTIMA WTP ARTIMA, END\u00dcSTR\u0130YEL VE BELED\u0130YE PAZARLARI \u0130\u00c7\u0130N GELENEKSELDEN Y\u00dcKSEK TEKNOLOJ\u0130YE KADAR SU ARITMA \u00c7\u00d6Z\u00dcMLER\u0130 SUNAR VE M\u00dc\u015eTER\u0130LER\u0130NE YEDEK PAR\u00c7A VE H\u0130ZMETLER SA\u011eLAMAK \u0130\u00c7\u0130N D\u00dcNYA \u00c7APINDA KURULU GEN\u0130\u015e EK\u0130PMAN TABANINDAN YARARLANIR. WTP ARTIMA, KEND\u0130N\u0130 UYGUN MAL\u0130YETL\u0130, ENERJ\u0130 A\u00c7ISINDAN VER\u0130ML\u0130 VE \u00c7EVRESEL A\u00c7IDAN S\u00dcRD\u00dcR\u00dcLEB\u0130L\u0130R SU ARITMA \u00c7\u00d6Z\u00dcMLER\u0130 SUNAN S\u00dcREKL\u0130 GEL\u0130\u015eEN B\u0130R END\u00dcSTR\u0130DE YEN\u0130L\u0130\u011eE ADAMI\u015eTIR...","_links":{"self":[{"href":"https:\/\/wtpartima.com\/tr\/wp-json\/wp\/v2\/pages\/989786"}],"collection":[{"href":"https:\/\/wtpartima.com\/tr\/wp-json\/wp\/v2\/pages"}],"about":[{"href":"https:\/\/wtpartima.com\/tr\/wp-json\/wp\/v2\/types\/page"}],"author":[{"embeddable":true,"href":"https:\/\/wtpartima.com\/tr\/wp-json\/wp\/v2\/users\/1"}],"replies":[{"embeddable":true,"href":"https:\/\/wtpartima.com\/tr\/wp-json\/wp\/v2\/comments?post=989786"}],"version-history":[{"count":1,"href":"https:\/\/wtpartima.com\/tr\/wp-json\/wp\/v2\/pages\/989786\/revisions"}],"predecessor-version":[{"id":989787,"href":"https:\/\/wtpartima.com\/tr\/wp-json\/wp\/v2\/pages\/989786\/revisions\/989787"}],"wp:attachment":[{"href":"https:\/\/wtpartima.com\/tr\/wp-json\/wp\/v2\/media?parent=989786"}],"curies":[{"name":"wp","href":"https:\/\/api.w.org\/{rel}","templated":true}]}}