{"id":989784,"date":"2024-07-03T07:06:27","date_gmt":"2024-07-03T07:06:27","guid":{"rendered":"https:\/\/wtpartima.com\/sbr-kanalizasyon-aritma\/"},"modified":"2024-07-10T02:09:57","modified_gmt":"2024-07-10T02:09:57","slug":"sbr-kanalizasyon-aritma","status":"publish","type":"page","link":"https:\/\/wtpartima.com\/tr\/sbr-kanalizasyon-aritma\/","title":{"rendered":"SBR KANAL\u0130ZASYON ARITMA"},"content":{"rendered":"\t\t<div data-elementor-type=\"wp-page\" data-elementor-id=\"989784\" class=\"elementor elementor-989784 elementor-987920\" data-elementor-post-type=\"page\">\n\t\t\t\t<div class=\"elementor-element elementor-element-67c1369 e-flex e-con-boxed e-con e-parent\" data-id=\"67c1369\" data-element_type=\"container\">\n\t\t\t\t\t<div class=\"e-con-inner\">\n\t\t\t\t<div class=\"elementor-element elementor-element-1d2fb86 elementor-widget elementor-widget-heading\" data-id=\"1d2fb86\" data-element_type=\"widget\" data-widget_type=\"heading.default\">\n\t\t\t\t<div class=\"elementor-widget-container\">\n\t\t\t<style>\/*! elementor - v3.22.0 - 26-06-2024 *\/\n.elementor-heading-title{padding:0;margin:0;line-height:1}.elementor-widget-heading .elementor-heading-title[class*=elementor-size-]>a{color:inherit;font-size:inherit;line-height:inherit}.elementor-widget-heading .elementor-heading-title.elementor-size-small{font-size:15px}.elementor-widget-heading .elementor-heading-title.elementor-size-medium{font-size:19px}.elementor-widget-heading .elementor-heading-title.elementor-size-large{font-size:29px}.elementor-widget-heading .elementor-heading-title.elementor-size-xl{font-size:39px}.elementor-widget-heading .elementor-heading-title.elementor-size-xxl{font-size:59px}<\/style><h1 class=\"elementor-heading-title elementor-size-default\">SBR KANAL\u0130ZASYON ARITMA<\/h1>\t\t<\/div>\n\t\t\t\t<\/div>\n\t\t\t\t\t<\/div>\n\t\t\t\t<\/div>\n\t\t<div class=\"elementor-element elementor-element-46d1367 e-flex e-con-boxed e-con e-parent\" data-id=\"46d1367\" data-element_type=\"container\">\n\t\t\t\t\t<div class=\"e-con-inner\">\n\t\t<div class=\"elementor-element elementor-element-ad1bafe e-con-full e-flex e-con e-child\" data-id=\"ad1bafe\" data-element_type=\"container\">\n\t\t\t\t<div class=\"elementor-element elementor-element-e80f0a2 elementor-widget elementor-widget-text-editor\" data-id=\"e80f0a2\" data-element_type=\"widget\" data-widget_type=\"text-editor.default\">\n\t\t\t\t<div class=\"elementor-widget-container\">\n\t\t\t<style>\/*! elementor - v3.22.0 - 26-06-2024 *\/\n.elementor-widget-text-editor.elementor-drop-cap-view-stacked .elementor-drop-cap{background-color:#69727d;color:#fff}.elementor-widget-text-editor.elementor-drop-cap-view-framed .elementor-drop-cap{color:#69727d;border:3px solid;background-color:transparent}.elementor-widget-text-editor:not(.elementor-drop-cap-view-default) .elementor-drop-cap{margin-top:8px}.elementor-widget-text-editor:not(.elementor-drop-cap-view-default) .elementor-drop-cap-letter{width:1em;height:1em}.elementor-widget-text-editor .elementor-drop-cap{float:left;text-align:center;line-height:1;font-size:50px}.elementor-widget-text-editor .elementor-drop-cap-letter{display:inline-block}<\/style>\t\t\t\t<h4>WTP ARTIMA, T\u00dcRK\u0130YE\u2019DE VEYA AVRUPA\u2019DA \u00dcRET\u0130M YAPAN FARKLI T\u0130PTE SBR KANAL\u0130ZASYON ARITMA \u00dcR\u00dcNLER\u0130 TEDAR\u0130K EDEB\u0130L\u0130R T\u00dcRK\u0130YE\u2019DE VEYA AVRUPA\u2019DA \u00dcRET\u0130M YAPANLAR. 100 M3\/G\u00dcN\u2019DEN BA\u015eLAYAN KAPAS\u0130TE, 50.000 M3\/G\u00dcN OLDU\u011eUNU S\u00d6YL\u00dcYOR<\/h4>\n\t\t\t\t\t\t<\/div>\n\t\t\t\t<\/div>\n\t\t\t\t<\/div>\n\t\t<div class=\"elementor-element elementor-element-b946c6a e-con-full e-flex e-con e-child\" data-id=\"b946c6a\" data-element_type=\"container\">\n\t\t\t\t<div class=\"elementor-element elementor-element-1c36442 elementor-widget elementor-widget-image\" data-id=\"1c36442\" data-element_type=\"widget\" data-widget_type=\"image.default\">\n\t\t\t\t<div class=\"elementor-widget-container\">\n\t\t\t<style>\/*! elementor - v3.22.0 - 26-06-2024 *\/\n.elementor-widget-image{text-align:center}.elementor-widget-image a{display:inline-block}.elementor-widget-image a img[src$=\".svg\"]{width:48px}.elementor-widget-image img{vertical-align:middle;display:inline-block}<\/style>\t\t\t\t\t\t\t\t\t\t<img fetchpriority=\"high\" decoding=\"async\" width=\"499\" height=\"380\" src=\"https:\/\/wtpartima.com\/wp-content\/uploads\/2024\/07\/SBR-SEWAGE-TREATMENT-2.jpg\" class=\"attachment-2048x2048 size-2048x2048 wp-image-988432\" alt=\"\" srcset=\"https:\/\/wtpartima.com\/wp-content\/uploads\/2024\/07\/SBR-SEWAGE-TREATMENT-2.jpg 499w, https:\/\/wtpartima.com\/wp-content\/uploads\/2024\/07\/SBR-SEWAGE-TREATMENT-2-300x228.jpg 300w\" sizes=\"(max-width: 499px) 100vw, 499px\" \/>\t\t\t\t\t\t\t\t\t\t\t\t\t<\/div>\n\t\t\t\t<\/div>\n\t\t\t\t<\/div>\n\t\t\t\t\t<\/div>\n\t\t\t\t<\/div>\n\t\t<div class=\"elementor-element elementor-element-39f5825 e-flex e-con-boxed e-con e-parent\" data-id=\"39f5825\" data-element_type=\"container\">\n\t\t\t\t\t<div class=\"e-con-inner\">\n\t\t<div class=\"elementor-element elementor-element-bb99b8f e-con-full e-flex e-con e-child\" data-id=\"bb99b8f\" data-element_type=\"container\">\n\t\t\t\t<div class=\"elementor-element elementor-element-574a8fa elementor-widget elementor-widget-text-editor\" data-id=\"574a8fa\" data-element_type=\"widget\" data-widget_type=\"text-editor.default\">\n\t\t\t\t<div class=\"elementor-widget-container\">\n\t\t\t\t\t\t\t<h4>SIRALI KES\u0130KL\u0130 REAKT\u00d6RLER VEYA SBR\u2019LER, KATILARI MEKAN\u0130K OLARAK TUTMAK \u0130\u00c7\u0130N AYRI B\u0130R \u00d6N ARITMA B\u00d6L\u00dcM\u00dc VE B\u0130YOLOJ\u0130K B\u0130R HAVALANDIRMA VE \u00c7\u00d6KELTME TANKI KULLANIR. K\u00dc\u00c7\u00dcK SBR ATIK SU ARITMA S\u0130STEMLER\u0130 GELEN ATIK SUYU B\u0130RKA\u00c7 D\u00d6NG\u00dcDE TEM\u0130ZLER. WTP ARTIMA \u00dcR\u00dcNLER\u0130 %98\u2019E KADAR TEM\u0130ZLEME PERFORMANSI SA\u011eLAR BU A\u00c7IDAN PROFESYONEL YASAL ASGAR\u0130 GEREKL\u0130L\u0130KLER\u0130 FAZLASIYLA A\u015eMAKTADIR.<\/h4>\n\t\t\t\t\t\t<\/div>\n\t\t\t\t<\/div>\n\t\t\t\t<\/div>\n\t\t<div class=\"elementor-element elementor-element-d182b67 e-con-full e-flex e-con e-child\" data-id=\"d182b67\" data-element_type=\"container\">\n\t\t\t\t<div class=\"elementor-element elementor-element-11010f2 elementor-widget elementor-widget-image\" data-id=\"11010f2\" data-element_type=\"widget\" data-widget_type=\"image.default\">\n\t\t\t\t<div class=\"elementor-widget-container\">\n\t\t\t\t\t\t\t\t\t\t\t\t\t<img decoding=\"async\" width=\"500\" height=\"390\" src=\"https:\/\/wtpartima.com\/wp-content\/uploads\/2024\/07\/SBR-SEWAGE-TREATMENT-1.jpg\" class=\"attachment-2048x2048 size-2048x2048 wp-image-988433\" alt=\"\" srcset=\"https:\/\/wtpartima.com\/wp-content\/uploads\/2024\/07\/SBR-SEWAGE-TREATMENT-1.jpg 500w, https:\/\/wtpartima.com\/wp-content\/uploads\/2024\/07\/SBR-SEWAGE-TREATMENT-1-300x234.jpg 300w\" sizes=\"(max-width: 500px) 100vw, 500px\" \/>\t\t\t\t\t\t\t\t\t\t\t\t\t<\/div>\n\t\t\t\t<\/div>\n\t\t\t\t<\/div>\n\t\t\t\t\t<\/div>\n\t\t\t\t<\/div>\n\t\t\t\t<\/div>\n\t\t","protected":false},"excerpt":{"rendered":"<p>SBR KANAL\u0130ZASYON ARITMA WTP ARTIMA, T\u00dcRK\u0130YE\u2019DE VEYA AVRUPA\u2019DA \u00dcRET\u0130M YAPAN FARKLI T\u0130PTE SBR KANAL\u0130ZASYON ARITMA \u00dcR\u00dcNLER\u0130 TEDAR\u0130K EDEB\u0130L\u0130R T\u00dcRK\u0130YE\u2019DE VEYA AVRUPA\u2019DA \u00dcRET\u0130M YAPANLAR. 100 M3\/G\u00dcN\u2019DEN BA\u015eLAYAN KAPAS\u0130TE, 50.000 M3\/G\u00dcN OLDU\u011eUNU S\u00d6YL\u00dcYOR SIRALI KES\u0130KL\u0130 REAKT\u00d6RLER VEYA SBR\u2019LER, KATILARI MEKAN\u0130K OLARAK TUTMAK \u0130\u00c7\u0130N AYRI B\u0130R \u00d6N ARITMA B\u00d6L\u00dcM\u00dc VE B\u0130YOLOJ\u0130K B\u0130R HAVALANDIRMA VE \u00c7\u00d6KELTME TANKI KULLANIR. K\u00dc\u00c7\u00dcK&#8230;<\/p>\n","protected":false},"author":1,"featured_media":0,"parent":0,"menu_order":0,"comment_status":"closed","ping_status":"closed","template":"","meta":{"_uag_custom_page_level_css":"","footnotes":""},"aioseo_notices":[],"uagb_featured_image_src":{"full":false,"thumbnail":false,"medium":false,"medium_large":false,"large":false,"1536x1536":false,"2048x2048":false},"uagb_author_info":{"display_name":"ubeyda.saar@gmail.com","author_link":"https:\/\/wtpartima.com\/tr\/author\/ubeyda-saargmail-com\/"},"uagb_comment_info":0,"uagb_excerpt":"SBR KANAL\u0130ZASYON ARITMA WTP ARTIMA, T\u00dcRK\u0130YE\u2019DE VEYA AVRUPA\u2019DA \u00dcRET\u0130M YAPAN FARKLI T\u0130PTE SBR KANAL\u0130ZASYON ARITMA \u00dcR\u00dcNLER\u0130 TEDAR\u0130K EDEB\u0130L\u0130R T\u00dcRK\u0130YE\u2019DE VEYA AVRUPA\u2019DA \u00dcRET\u0130M YAPANLAR. 100 M3\/G\u00dcN\u2019DEN BA\u015eLAYAN KAPAS\u0130TE, 50.000 M3\/G\u00dcN OLDU\u011eUNU S\u00d6YL\u00dcYOR SIRALI KES\u0130KL\u0130 REAKT\u00d6RLER VEYA SBR\u2019LER, KATILARI MEKAN\u0130K OLARAK TUTMAK \u0130\u00c7\u0130N AYRI B\u0130R \u00d6N ARITMA B\u00d6L\u00dcM\u00dc VE B\u0130YOLOJ\u0130K B\u0130R HAVALANDIRMA VE \u00c7\u00d6KELTME TANKI KULLANIR. K\u00dc\u00c7\u00dcK...","_links":{"self":[{"href":"https:\/\/wtpartima.com\/tr\/wp-json\/wp\/v2\/pages\/989784"}],"collection":[{"href":"https:\/\/wtpartima.com\/tr\/wp-json\/wp\/v2\/pages"}],"about":[{"href":"https:\/\/wtpartima.com\/tr\/wp-json\/wp\/v2\/types\/page"}],"author":[{"embeddable":true,"href":"https:\/\/wtpartima.com\/tr\/wp-json\/wp\/v2\/users\/1"}],"replies":[{"embeddable":true,"href":"https:\/\/wtpartima.com\/tr\/wp-json\/wp\/v2\/comments?post=989784"}],"version-history":[{"count":1,"href":"https:\/\/wtpartima.com\/tr\/wp-json\/wp\/v2\/pages\/989784\/revisions"}],"predecessor-version":[{"id":989785,"href":"https:\/\/wtpartima.com\/tr\/wp-json\/wp\/v2\/pages\/989784\/revisions\/989785"}],"wp:attachment":[{"href":"https:\/\/wtpartima.com\/tr\/wp-json\/wp\/v2\/media?parent=989784"}],"curies":[{"name":"wp","href":"https:\/\/api.w.org\/{rel}","templated":true}]}}