{"id":989782,"date":"2024-07-03T07:08:00","date_gmt":"2024-07-03T07:08:00","guid":{"rendered":"https:\/\/wtpartima.com\/ro-su-aritma\/"},"modified":"2024-07-10T02:06:55","modified_gmt":"2024-07-10T02:06:55","slug":"ro-su-aritma","status":"publish","type":"page","link":"https:\/\/wtpartima.com\/tr\/ro-su-aritma\/","title":{"rendered":"RO-SU ARITMA"},"content":{"rendered":"\t\t<div data-elementor-type=\"wp-page\" data-elementor-id=\"989782\" class=\"elementor elementor-989782 elementor-987929\" data-elementor-post-type=\"page\">\n\t\t\t\t<div class=\"elementor-element elementor-element-6ec97ec e-flex e-con-boxed e-con e-parent\" data-id=\"6ec97ec\" data-element_type=\"container\">\n\t\t\t\t\t<div class=\"e-con-inner\">\n\t\t\t\t<div class=\"elementor-element elementor-element-c445c4d elementor-widget elementor-widget-heading\" data-id=\"c445c4d\" data-element_type=\"widget\" data-widget_type=\"heading.default\">\n\t\t\t\t<div class=\"elementor-widget-container\">\n\t\t\t<style>\/*! elementor - v3.22.0 - 26-06-2024 *\/\n.elementor-heading-title{padding:0;margin:0;line-height:1}.elementor-widget-heading .elementor-heading-title[class*=elementor-size-]>a{color:inherit;font-size:inherit;line-height:inherit}.elementor-widget-heading .elementor-heading-title.elementor-size-small{font-size:15px}.elementor-widget-heading .elementor-heading-title.elementor-size-medium{font-size:19px}.elementor-widget-heading .elementor-heading-title.elementor-size-large{font-size:29px}.elementor-widget-heading .elementor-heading-title.elementor-size-xl{font-size:39px}.elementor-widget-heading .elementor-heading-title.elementor-size-xxl{font-size:59px}<\/style><h1 class=\"elementor-heading-title elementor-size-default\">RO-SU ARITMA<\/h1>\t\t<\/div>\n\t\t\t\t<\/div>\n\t\t\t\t\t<\/div>\n\t\t\t\t<\/div>\n\t\t<div class=\"elementor-element elementor-element-10b4ab0 e-flex e-con-boxed e-con e-parent\" data-id=\"10b4ab0\" data-element_type=\"container\">\n\t\t\t\t\t<div class=\"e-con-inner\">\n\t\t<div class=\"elementor-element elementor-element-bf6504d e-con-full e-flex e-con e-child\" data-id=\"bf6504d\" data-element_type=\"container\">\n\t\t\t\t<div class=\"elementor-element elementor-element-c7626d7 elementor-widget elementor-widget-text-editor\" data-id=\"c7626d7\" data-element_type=\"widget\" data-widget_type=\"text-editor.default\">\n\t\t\t\t<div class=\"elementor-widget-container\">\n\t\t\t<style>\/*! elementor - v3.22.0 - 26-06-2024 *\/\n.elementor-widget-text-editor.elementor-drop-cap-view-stacked .elementor-drop-cap{background-color:#69727d;color:#fff}.elementor-widget-text-editor.elementor-drop-cap-view-framed .elementor-drop-cap{color:#69727d;border:3px solid;background-color:transparent}.elementor-widget-text-editor:not(.elementor-drop-cap-view-default) .elementor-drop-cap{margin-top:8px}.elementor-widget-text-editor:not(.elementor-drop-cap-view-default) .elementor-drop-cap-letter{width:1em;height:1em}.elementor-widget-text-editor .elementor-drop-cap{float:left;text-align:center;line-height:1;font-size:50px}.elementor-widget-text-editor .elementor-drop-cap-letter{display:inline-block}<\/style>\t\t\t\t<h4>WTP ARTIMA, T\u00dcRK\u0130YE\u2019DE VEYA AVRUPA\u2019DA \u00dcRET\u0130LEN FARKLI T\u0130PTE RO-SU ARITMA KOMPAKTI TEDAR\u0130K EDEB\u0130L\u0130R. M3\/SAATTEN BA\u015eLAYAN KAPAS\u0130TE, 100 M3\/SAAT\u0130 \u0130FADE EDER.<\/h4>\n\t\t\t\t\t\t<\/div>\n\t\t\t\t<\/div>\n\t\t\t\t<div class=\"elementor-element elementor-element-687eba2 elementor-widget elementor-widget-text-editor\" data-id=\"687eba2\" data-element_type=\"widget\" data-widget_type=\"text-editor.default\">\n\t\t\t\t<div class=\"elementor-widget-container\">\n\t\t\t\t\t\t\t<h5>TERS OZMOZ, BASIN\u00c7 ONU YARI GE\u00c7\u0130RGEN B\u0130R ZARDAN GE\u00c7MEYE ZORLADI\u011eI ZAMAN, F\u0130LTRELENMEM\u0130\u015e SUDAN VEYA BESLEME SUYUNDAN K\u0130RLET\u0130C\u0130LER\u0130 UZAKLA\u015eTIRIR. SU, TEM\u0130Z \u0130\u00c7ME SUYU SA\u011eLAMAK \u0130\u00c7\u0130N RO MEMBRANININ DAHA KONSANTRE TARAFINDAN (DAHA FAZLA K\u0130RLET\u0130C\u0130) DAHA AZ KONSANTRE TARAFINA (DAHA AZ K\u0130RLET\u0130C\u0130) AKAR \u00dcRET\u0130LEN TATLI SUYA PERMEAT DEN\u0130R. KALAN KONSANTRE SUYA ATIK VEYA TUZLU SU DEN\u0130R. YARI GE\u00c7\u0130RGEN B\u0130R ZAR, K\u0130RLET\u0130C\u0130LER\u0130 BLOKE EDEN ANCAK SU<\/h5>\n\t\t\t\t\t\t<\/div>\n\t\t\t\t<\/div>\n\t\t\t\t<\/div>\n\t\t<div class=\"elementor-element elementor-element-4af0d3c e-con-full e-flex e-con e-child\" data-id=\"4af0d3c\" data-element_type=\"container\">\n\t\t\t\t<div class=\"elementor-element elementor-element-e357f68 elementor-widget elementor-widget-image\" data-id=\"e357f68\" data-element_type=\"widget\" data-widget_type=\"image.default\">\n\t\t\t\t<div class=\"elementor-widget-container\">\n\t\t\t<style>\/*! elementor - v3.22.0 - 26-06-2024 *\/\n.elementor-widget-image{text-align:center}.elementor-widget-image a{display:inline-block}.elementor-widget-image a img[src$=\".svg\"]{width:48px}.elementor-widget-image img{vertical-align:middle;display:inline-block}<\/style>\t\t\t\t\t\t\t\t\t\t<img fetchpriority=\"high\" decoding=\"async\" width=\"1024\" height=\"575\" src=\"https:\/\/wtpartima.com\/wp-content\/uploads\/2024\/07\/RO-WATER-TREATMENT-1024x575.webp\" class=\"attachment-large size-large wp-image-988320\" alt=\"\" srcset=\"https:\/\/wtpartima.com\/wp-content\/uploads\/2024\/07\/RO-WATER-TREATMENT-1024x575.webp 1024w, https:\/\/wtpartima.com\/wp-content\/uploads\/2024\/07\/RO-WATER-TREATMENT-300x169.webp 300w, https:\/\/wtpartima.com\/wp-content\/uploads\/2024\/07\/RO-WATER-TREATMENT-768x432.webp 768w, https:\/\/wtpartima.com\/wp-content\/uploads\/2024\/07\/RO-WATER-TREATMENT.webp 1500w\" sizes=\"(max-width: 1024px) 100vw, 1024px\" \/>\t\t\t\t\t\t\t\t\t\t\t\t\t<\/div>\n\t\t\t\t<\/div>\n\t\t\t\t<\/div>\n\t\t\t\t\t<\/div>\n\t\t\t\t<\/div>\n\t\t<div class=\"elementor-element elementor-element-cff54b9 e-flex e-con-boxed e-con e-parent\" data-id=\"cff54b9\" data-element_type=\"container\">\n\t\t\t\t\t<div class=\"e-con-inner\">\n\t\t<div class=\"elementor-element elementor-element-6cc25de e-con-full e-flex e-con e-child\" data-id=\"6cc25de\" data-element_type=\"container\">\n\t\t\t\t<div class=\"elementor-element elementor-element-9f2d887 elementor-widget elementor-widget-text-editor\" data-id=\"9f2d887\" data-element_type=\"widget\" data-widget_type=\"text-editor.default\">\n\t\t\t\t<div class=\"elementor-widget-container\">\n\t\t\t\t\t\t\t<h4>MOLEK\u00dcLLER\u0130N\u0130N AKMASINA \u0130Z\u0130N VEREN K\u00dc\u00c7\u00dcK G\u00d6ZENEKLERE SAH\u0130PT\u0130R. OZMOZDA SU HER \u0130K\u0130 TARAFTA DENGEY\u0130 SA\u011eLAMAK \u0130\u00c7\u0130N ZARDAN GE\u00c7ERKEN DAHA KONSANTRE HALE GEL\u0130R. ANCAK TERS OZMOZ, K\u0130RLET\u0130C\u0130LER\u0130N ZARIN DAHA AZ KONSANTRE TARAFINA G\u0130RMES\u0130N\u0130 ENGELLER \u00d6RNE\u011e\u0130N, TERS OZMOZ SIRASINDA B\u0130R HAC\u0130M TUZLU SUYA BASIN\u00c7 UYGULANDI\u011eINDA, TUZ GER\u0130DE KALIR VE SADECE TEM\u0130Z SU AKAR.<\/h4>\n\t\t\t\t\t\t<\/div>\n\t\t\t\t<\/div>\n\t\t\t\t<\/div>\n\t\t<div class=\"elementor-element elementor-element-72fe80e e-con-full e-flex e-con e-child\" data-id=\"72fe80e\" data-element_type=\"container\">\n\t\t\t\t<div class=\"elementor-element elementor-element-10a0a7f elementor-widget elementor-widget-image\" data-id=\"10a0a7f\" data-element_type=\"widget\" data-widget_type=\"image.default\">\n\t\t\t\t<div class=\"elementor-widget-container\">\n\t\t\t\t\t\t\t\t\t\t\t\t\t<img decoding=\"async\" width=\"478\" height=\"311\" src=\"https:\/\/wtpartima.com\/wp-content\/uploads\/2024\/07\/RO-WATER-TREATMENT.jpg\" class=\"attachment-large size-large wp-image-988475\" alt=\"\" srcset=\"https:\/\/wtpartima.com\/wp-content\/uploads\/2024\/07\/RO-WATER-TREATMENT.jpg 478w, https:\/\/wtpartima.com\/wp-content\/uploads\/2024\/07\/RO-WATER-TREATMENT-300x195.jpg 300w\" sizes=\"(max-width: 478px) 100vw, 478px\" \/>\t\t\t\t\t\t\t\t\t\t\t\t\t<\/div>\n\t\t\t\t<\/div>\n\t\t\t\t<\/div>\n\t\t\t\t\t<\/div>\n\t\t\t\t<\/div>\n\t\t\t\t<\/div>\n\t\t","protected":false},"excerpt":{"rendered":"<p>RO-SU ARITMA WTP ARTIMA, T\u00dcRK\u0130YE\u2019DE VEYA AVRUPA\u2019DA \u00dcRET\u0130LEN FARKLI T\u0130PTE RO-SU ARITMA KOMPAKTI TEDAR\u0130K EDEB\u0130L\u0130R. M3\/SAATTEN BA\u015eLAYAN KAPAS\u0130TE, 100 M3\/SAAT\u0130 \u0130FADE EDER. TERS OZMOZ, BASIN\u00c7 ONU YARI GE\u00c7\u0130RGEN B\u0130R ZARDAN GE\u00c7MEYE ZORLADI\u011eI ZAMAN, F\u0130LTRELENMEM\u0130\u015e SUDAN VEYA BESLEME SUYUNDAN K\u0130RLET\u0130C\u0130LER\u0130 UZAKLA\u015eTIRIR. SU, TEM\u0130Z \u0130\u00c7ME SUYU SA\u011eLAMAK \u0130\u00c7\u0130N RO MEMBRANININ DAHA KONSANTRE TARAFINDAN (DAHA FAZLA K\u0130RLET\u0130C\u0130) DAHA&#8230;<\/p>\n","protected":false},"author":1,"featured_media":0,"parent":0,"menu_order":0,"comment_status":"closed","ping_status":"closed","template":"","meta":{"_uag_custom_page_level_css":"","footnotes":""},"aioseo_notices":[],"uagb_featured_image_src":{"full":false,"thumbnail":false,"medium":false,"medium_large":false,"large":false,"1536x1536":false,"2048x2048":false},"uagb_author_info":{"display_name":"ubeyda.saar@gmail.com","author_link":"https:\/\/wtpartima.com\/tr\/author\/ubeyda-saargmail-com\/"},"uagb_comment_info":0,"uagb_excerpt":"RO-SU ARITMA WTP ARTIMA, T\u00dcRK\u0130YE\u2019DE VEYA AVRUPA\u2019DA \u00dcRET\u0130LEN FARKLI T\u0130PTE RO-SU ARITMA KOMPAKTI TEDAR\u0130K EDEB\u0130L\u0130R. M3\/SAATTEN BA\u015eLAYAN KAPAS\u0130TE, 100 M3\/SAAT\u0130 \u0130FADE EDER. TERS OZMOZ, BASIN\u00c7 ONU YARI GE\u00c7\u0130RGEN B\u0130R ZARDAN GE\u00c7MEYE ZORLADI\u011eI ZAMAN, F\u0130LTRELENMEM\u0130\u015e SUDAN VEYA BESLEME SUYUNDAN K\u0130RLET\u0130C\u0130LER\u0130 UZAKLA\u015eTIRIR. SU, TEM\u0130Z \u0130\u00c7ME SUYU SA\u011eLAMAK \u0130\u00c7\u0130N RO MEMBRANININ DAHA KONSANTRE TARAFINDAN (DAHA FAZLA K\u0130RLET\u0130C\u0130) DAHA...","_links":{"self":[{"href":"https:\/\/wtpartima.com\/tr\/wp-json\/wp\/v2\/pages\/989782"}],"collection":[{"href":"https:\/\/wtpartima.com\/tr\/wp-json\/wp\/v2\/pages"}],"about":[{"href":"https:\/\/wtpartima.com\/tr\/wp-json\/wp\/v2\/types\/page"}],"author":[{"embeddable":true,"href":"https:\/\/wtpartima.com\/tr\/wp-json\/wp\/v2\/users\/1"}],"replies":[{"embeddable":true,"href":"https:\/\/wtpartima.com\/tr\/wp-json\/wp\/v2\/comments?post=989782"}],"version-history":[{"count":1,"href":"https:\/\/wtpartima.com\/tr\/wp-json\/wp\/v2\/pages\/989782\/revisions"}],"predecessor-version":[{"id":989783,"href":"https:\/\/wtpartima.com\/tr\/wp-json\/wp\/v2\/pages\/989782\/revisions\/989783"}],"wp:attachment":[{"href":"https:\/\/wtpartima.com\/tr\/wp-json\/wp\/v2\/media?parent=989782"}],"curies":[{"name":"wp","href":"https:\/\/api.w.org\/{rel}","templated":true}]}}