{"id":989780,"date":"2024-07-03T07:07:27","date_gmt":"2024-07-03T07:07:27","guid":{"rendered":"https:\/\/wtpartima.com\/nehir-suyu-aritma\/"},"modified":"2024-07-10T02:02:18","modified_gmt":"2024-07-10T02:02:18","slug":"nehir-suyu-aritma","status":"publish","type":"page","link":"https:\/\/wtpartima.com\/tr\/nehir-suyu-aritma\/","title":{"rendered":"NEH\u0130R SUYU ARITMA"},"content":{"rendered":"\t\t<div data-elementor-type=\"wp-page\" data-elementor-id=\"989780\" class=\"elementor elementor-989780 elementor-987926\" data-elementor-post-type=\"page\">\n\t\t\t\t<div class=\"elementor-element elementor-element-54628b7 e-flex e-con-boxed e-con e-parent\" data-id=\"54628b7\" data-element_type=\"container\">\n\t\t\t\t\t<div class=\"e-con-inner\">\n\t\t\t\t<div class=\"elementor-element elementor-element-92f60db elementor-widget elementor-widget-heading\" data-id=\"92f60db\" data-element_type=\"widget\" data-widget_type=\"heading.default\">\n\t\t\t\t<div class=\"elementor-widget-container\">\n\t\t\t<style>\/*! elementor - v3.22.0 - 26-06-2024 *\/\n.elementor-heading-title{padding:0;margin:0;line-height:1}.elementor-widget-heading .elementor-heading-title[class*=elementor-size-]>a{color:inherit;font-size:inherit;line-height:inherit}.elementor-widget-heading .elementor-heading-title.elementor-size-small{font-size:15px}.elementor-widget-heading .elementor-heading-title.elementor-size-medium{font-size:19px}.elementor-widget-heading .elementor-heading-title.elementor-size-large{font-size:29px}.elementor-widget-heading .elementor-heading-title.elementor-size-xl{font-size:39px}.elementor-widget-heading .elementor-heading-title.elementor-size-xxl{font-size:59px}<\/style><h1 class=\"elementor-heading-title elementor-size-default\">NEH\u0130R SUYU ARITMA<\/h1>\t\t<\/div>\n\t\t\t\t<\/div>\n\t\t\t\t\t<\/div>\n\t\t\t\t<\/div>\n\t\t<div class=\"elementor-element elementor-element-ffbab0e e-flex e-con-boxed e-con e-parent\" data-id=\"ffbab0e\" data-element_type=\"container\">\n\t\t\t\t\t<div class=\"e-con-inner\">\n\t\t<div class=\"elementor-element elementor-element-3b7c76a e-con-full e-flex e-con e-child\" data-id=\"3b7c76a\" data-element_type=\"container\">\n\t\t\t\t<div class=\"elementor-element elementor-element-cf9651e elementor-widget elementor-widget-text-editor\" data-id=\"cf9651e\" data-element_type=\"widget\" data-widget_type=\"text-editor.default\">\n\t\t\t\t<div class=\"elementor-widget-container\">\n\t\t\t<style>\/*! elementor - v3.22.0 - 26-06-2024 *\/\n.elementor-widget-text-editor.elementor-drop-cap-view-stacked .elementor-drop-cap{background-color:#69727d;color:#fff}.elementor-widget-text-editor.elementor-drop-cap-view-framed .elementor-drop-cap{color:#69727d;border:3px solid;background-color:transparent}.elementor-widget-text-editor:not(.elementor-drop-cap-view-default) .elementor-drop-cap{margin-top:8px}.elementor-widget-text-editor:not(.elementor-drop-cap-view-default) .elementor-drop-cap-letter{width:1em;height:1em}.elementor-widget-text-editor .elementor-drop-cap{float:left;text-align:center;line-height:1;font-size:50px}.elementor-widget-text-editor .elementor-drop-cap-letter{display:inline-block}<\/style>\t\t\t\t<h4>WTP ARTIMA, T\u00dcRK\u0130YE\u2019DE VEYA AVRUPA\u2019DA \u00dcRET\u0130LEN FARKLI T\u0130PTE NEH\u0130R SUYU ARITMA KOMPAKT TEDAR\u0130K EDEB\u0130L\u0130R . 50 M3\/G\u00dcN\u2019DEN BA\u015eLAYAN KAPAS\u0130TE, 1000 M3\/G\u00dcN OLDU\u011eUNU S\u00d6YL\u00dcYOR<\/h4>\n\t\t\t\t\t\t<\/div>\n\t\t\t\t<\/div>\n\t\t\t\t<\/div>\n\t\t<div class=\"elementor-element elementor-element-8fd7fe9 e-con-full e-flex e-con e-child\" data-id=\"8fd7fe9\" data-element_type=\"container\">\n\t\t\t\t<div class=\"elementor-element elementor-element-416c6ed elementor-widget elementor-widget-image\" data-id=\"416c6ed\" data-element_type=\"widget\" data-widget_type=\"image.default\">\n\t\t\t\t<div class=\"elementor-widget-container\">\n\t\t\t<style>\/*! elementor - v3.22.0 - 26-06-2024 *\/\n.elementor-widget-image{text-align:center}.elementor-widget-image a{display:inline-block}.elementor-widget-image a img[src$=\".svg\"]{width:48px}.elementor-widget-image img{vertical-align:middle;display:inline-block}<\/style>\t\t\t\t\t\t\t\t\t\t<img fetchpriority=\"high\" decoding=\"async\" width=\"1024\" height=\"575\" src=\"https:\/\/wtpartima.com\/wp-content\/uploads\/2024\/07\/RIVER-WATER-TREATMENT-1024x575.webp\" class=\"attachment-large size-large wp-image-988322\" alt=\"\" srcset=\"https:\/\/wtpartima.com\/wp-content\/uploads\/2024\/07\/RIVER-WATER-TREATMENT-1024x575.webp 1024w, https:\/\/wtpartima.com\/wp-content\/uploads\/2024\/07\/RIVER-WATER-TREATMENT-300x169.webp 300w, https:\/\/wtpartima.com\/wp-content\/uploads\/2024\/07\/RIVER-WATER-TREATMENT-768x432.webp 768w, https:\/\/wtpartima.com\/wp-content\/uploads\/2024\/07\/RIVER-WATER-TREATMENT.webp 1500w\" sizes=\"(max-width: 1024px) 100vw, 1024px\" \/>\t\t\t\t\t\t\t\t\t\t\t\t\t<\/div>\n\t\t\t\t<\/div>\n\t\t\t\t<\/div>\n\t\t\t\t\t<\/div>\n\t\t\t\t<\/div>\n\t\t<div class=\"elementor-element elementor-element-8385acb e-flex e-con-boxed e-con e-parent\" data-id=\"8385acb\" data-element_type=\"container\">\n\t\t\t\t\t<div class=\"e-con-inner\">\n\t\t<div class=\"elementor-element elementor-element-8994783 e-con-full e-flex e-con e-child\" data-id=\"8994783\" data-element_type=\"container\">\n\t\t\t\t<div class=\"elementor-element elementor-element-788e18e elementor-widget elementor-widget-text-editor\" data-id=\"788e18e\" data-element_type=\"widget\" data-widget_type=\"text-editor.default\">\n\t\t\t\t<div class=\"elementor-widget-container\">\n\t\t\t\t\t\t\t<h5>\u0130\u015eLETMEYE ALINACAK PERSONEL SAYISI NEH\u0130R SUYU ARITMA TES\u0130SLER\u0130N\u0130N \u0130\u015eLETME KAPAS\u0130TES\u0130 (KAPAS\u0130TEYE BA\u011eLI EK\u0130PMAN SAYISI) D\u0130KKATE ALINARAK BEL\u0130RLEN\u0130R. MONTAJ SONRASI BEL\u0130RLENEN \u0130\u015eLETME PERSONEL\u0130NE TES\u0130STE UYGULAMALI E\u011e\u0130T\u0130M VER\u0130L\u0130R . BU E\u011e\u0130T\u0130M KAPSAMINDA PAKET NEH\u0130R SUYU ARITMA TES\u0130S\u0130NDE KAR\u015eILA\u015eILAB\u0130LECEK SORUNLAR, K\u0130MYASAL HAMMADDELER\u0130N NASIL TAK\u0130P ED\u0130LECE\u011e\u0130 G\u0130B\u0130 \u0130\u015eLETME \u0130\u00c7\u0130N GEREKL\u0130 T\u00dcM B\u0130LG\u0130LER UYGULAMALI OLARAK VER\u0130LMEKTED\u0130R.<\/h5>\n\t\t\t\t\t\t<\/div>\n\t\t\t\t<\/div>\n\t\t\t\t<\/div>\n\t\t<div class=\"elementor-element elementor-element-6eeff53 e-con-full e-flex e-con e-child\" data-id=\"6eeff53\" data-element_type=\"container\">\n\t\t\t\t<div class=\"elementor-element elementor-element-1313400 elementor-widget elementor-widget-image\" data-id=\"1313400\" data-element_type=\"widget\" data-widget_type=\"image.default\">\n\t\t\t\t<div class=\"elementor-widget-container\">\n\t\t\t\t\t\t\t\t\t\t\t\t\t<img decoding=\"async\" width=\"485\" height=\"312\" src=\"https:\/\/wtpartima.com\/wp-content\/uploads\/2024\/07\/05.jpg\" class=\"attachment-large size-large wp-image-988462\" alt=\"\" srcset=\"https:\/\/wtpartima.com\/wp-content\/uploads\/2024\/07\/05.jpg 485w, https:\/\/wtpartima.com\/wp-content\/uploads\/2024\/07\/05-300x193.jpg 300w\" sizes=\"(max-width: 485px) 100vw, 485px\" \/>\t\t\t\t\t\t\t\t\t\t\t\t\t<\/div>\n\t\t\t\t<\/div>\n\t\t\t\t<\/div>\n\t\t\t\t\t<\/div>\n\t\t\t\t<\/div>\n\t\t\t\t<\/div>\n\t\t","protected":false},"excerpt":{"rendered":"<p>NEH\u0130R SUYU ARITMA WTP ARTIMA, T\u00dcRK\u0130YE\u2019DE VEYA AVRUPA\u2019DA \u00dcRET\u0130LEN FARKLI T\u0130PTE NEH\u0130R SUYU ARITMA KOMPAKT TEDAR\u0130K EDEB\u0130L\u0130R . 50 M3\/G\u00dcN\u2019DEN BA\u015eLAYAN KAPAS\u0130TE, 1000 M3\/G\u00dcN OLDU\u011eUNU S\u00d6YL\u00dcYOR \u0130\u015eLETMEYE ALINACAK PERSONEL SAYISI NEH\u0130R SUYU ARITMA TES\u0130SLER\u0130N\u0130N \u0130\u015eLETME KAPAS\u0130TES\u0130 (KAPAS\u0130TEYE BA\u011eLI EK\u0130PMAN SAYISI) D\u0130KKATE ALINARAK BEL\u0130RLEN\u0130R. MONTAJ SONRASI BEL\u0130RLENEN \u0130\u015eLETME PERSONEL\u0130NE TES\u0130STE UYGULAMALI E\u011e\u0130T\u0130M VER\u0130L\u0130R . BU E\u011e\u0130T\u0130M&#8230;<\/p>\n","protected":false},"author":1,"featured_media":0,"parent":0,"menu_order":0,"comment_status":"closed","ping_status":"closed","template":"","meta":{"_uag_custom_page_level_css":"","footnotes":""},"aioseo_notices":[],"uagb_featured_image_src":{"full":false,"thumbnail":false,"medium":false,"medium_large":false,"large":false,"1536x1536":false,"2048x2048":false},"uagb_author_info":{"display_name":"ubeyda.saar@gmail.com","author_link":"https:\/\/wtpartima.com\/tr\/author\/ubeyda-saargmail-com\/"},"uagb_comment_info":0,"uagb_excerpt":"NEH\u0130R SUYU ARITMA WTP ARTIMA, T\u00dcRK\u0130YE\u2019DE VEYA AVRUPA\u2019DA \u00dcRET\u0130LEN FARKLI T\u0130PTE NEH\u0130R SUYU ARITMA KOMPAKT TEDAR\u0130K EDEB\u0130L\u0130R . 50 M3\/G\u00dcN\u2019DEN BA\u015eLAYAN KAPAS\u0130TE, 1000 M3\/G\u00dcN OLDU\u011eUNU S\u00d6YL\u00dcYOR \u0130\u015eLETMEYE ALINACAK PERSONEL SAYISI NEH\u0130R SUYU ARITMA TES\u0130SLER\u0130N\u0130N \u0130\u015eLETME KAPAS\u0130TES\u0130 (KAPAS\u0130TEYE BA\u011eLI EK\u0130PMAN SAYISI) D\u0130KKATE ALINARAK BEL\u0130RLEN\u0130R. MONTAJ SONRASI BEL\u0130RLENEN \u0130\u015eLETME PERSONEL\u0130NE TES\u0130STE UYGULAMALI E\u011e\u0130T\u0130M VER\u0130L\u0130R . BU E\u011e\u0130T\u0130M...","_links":{"self":[{"href":"https:\/\/wtpartima.com\/tr\/wp-json\/wp\/v2\/pages\/989780"}],"collection":[{"href":"https:\/\/wtpartima.com\/tr\/wp-json\/wp\/v2\/pages"}],"about":[{"href":"https:\/\/wtpartima.com\/tr\/wp-json\/wp\/v2\/types\/page"}],"author":[{"embeddable":true,"href":"https:\/\/wtpartima.com\/tr\/wp-json\/wp\/v2\/users\/1"}],"replies":[{"embeddable":true,"href":"https:\/\/wtpartima.com\/tr\/wp-json\/wp\/v2\/comments?post=989780"}],"version-history":[{"count":1,"href":"https:\/\/wtpartima.com\/tr\/wp-json\/wp\/v2\/pages\/989780\/revisions"}],"predecessor-version":[{"id":989781,"href":"https:\/\/wtpartima.com\/tr\/wp-json\/wp\/v2\/pages\/989780\/revisions\/989781"}],"wp:attachment":[{"href":"https:\/\/wtpartima.com\/tr\/wp-json\/wp\/v2\/media?parent=989780"}],"curies":[{"name":"wp","href":"https:\/\/api.w.org\/{rel}","templated":true}]}}