{"id":989778,"date":"2024-07-03T07:07:02","date_gmt":"2024-07-03T07:07:02","guid":{"rendered":"https:\/\/wtpartima.com\/mbr-mbbr-kanalizasyon-aritma\/"},"modified":"2024-07-10T01:57:42","modified_gmt":"2024-07-10T01:57:42","slug":"mbr-mbbr-kanalizasyon-aritma","status":"publish","type":"page","link":"https:\/\/wtpartima.com\/tr\/mbr-mbbr-kanalizasyon-aritma\/","title":{"rendered":"MBR \/MBBR KANAL\u0130ZASYON ARITMA"},"content":{"rendered":"\t\t<div data-elementor-type=\"wp-page\" data-elementor-id=\"989778\" class=\"elementor elementor-989778 elementor-987923\" data-elementor-post-type=\"page\">\n\t\t\t\t<div class=\"elementor-element elementor-element-d26b9b3 e-flex e-con-boxed e-con e-parent\" data-id=\"d26b9b3\" data-element_type=\"container\">\n\t\t\t\t\t<div class=\"e-con-inner\">\n\t\t\t\t<div class=\"elementor-element elementor-element-c911c8b elementor-widget elementor-widget-heading\" data-id=\"c911c8b\" data-element_type=\"widget\" data-widget_type=\"heading.default\">\n\t\t\t\t<div class=\"elementor-widget-container\">\n\t\t\t<style>\/*! elementor - v3.22.0 - 26-06-2024 *\/\n.elementor-heading-title{padding:0;margin:0;line-height:1}.elementor-widget-heading .elementor-heading-title[class*=elementor-size-]>a{color:inherit;font-size:inherit;line-height:inherit}.elementor-widget-heading .elementor-heading-title.elementor-size-small{font-size:15px}.elementor-widget-heading .elementor-heading-title.elementor-size-medium{font-size:19px}.elementor-widget-heading .elementor-heading-title.elementor-size-large{font-size:29px}.elementor-widget-heading .elementor-heading-title.elementor-size-xl{font-size:39px}.elementor-widget-heading .elementor-heading-title.elementor-size-xxl{font-size:59px}<\/style><h1 class=\"elementor-heading-title elementor-size-default\">MBR \/MBBR KANAL\u0130ZASYON ARITMA<\/h1>\t\t<\/div>\n\t\t\t\t<\/div>\n\t\t\t\t\t<\/div>\n\t\t\t\t<\/div>\n\t\t<div class=\"elementor-element elementor-element-adae184 e-flex e-con-boxed e-con e-parent\" data-id=\"adae184\" data-element_type=\"container\">\n\t\t\t\t\t<div class=\"e-con-inner\">\n\t\t<div class=\"elementor-element elementor-element-b46dcda e-con-full e-flex e-con e-child\" data-id=\"b46dcda\" data-element_type=\"container\">\n\t\t\t\t<div class=\"elementor-element elementor-element-a77deb5 elementor-widget elementor-widget-text-editor\" data-id=\"a77deb5\" data-element_type=\"widget\" data-widget_type=\"text-editor.default\">\n\t\t\t\t<div class=\"elementor-widget-container\">\n\t\t\t<style>\/*! elementor - v3.22.0 - 26-06-2024 *\/\n.elementor-widget-text-editor.elementor-drop-cap-view-stacked .elementor-drop-cap{background-color:#69727d;color:#fff}.elementor-widget-text-editor.elementor-drop-cap-view-framed .elementor-drop-cap{color:#69727d;border:3px solid;background-color:transparent}.elementor-widget-text-editor:not(.elementor-drop-cap-view-default) .elementor-drop-cap{margin-top:8px}.elementor-widget-text-editor:not(.elementor-drop-cap-view-default) .elementor-drop-cap-letter{width:1em;height:1em}.elementor-widget-text-editor .elementor-drop-cap{float:left;text-align:center;line-height:1;font-size:50px}.elementor-widget-text-editor .elementor-drop-cap-letter{display:inline-block}<\/style>\t\t\t\t<h4>WTP ARTIMA, T\u00dcRK\u0130YE\u2019DE VEYA AVRUPA\u2019DA \u00dcRET\u0130M YAPAN FARKLI T\u0130PTE MBR\/MBBR KOMPAKT KANAL\u0130ZASYON ARITMA \u00dcR\u00dcNLER\u0130 TEDAR\u0130K EDEB\u0130L\u0130R . 100 M3\/G\u00dcN\u2019DEN BA\u015eLAYAN KAPAS\u0130TE, 4.000 M3\/G\u00dcN OLDU\u011eUNU S\u00d6YL\u00dcYOR<\/h4>\n\t\t\t\t\t\t<\/div>\n\t\t\t\t<\/div>\n\t\t\t\t<\/div>\n\t\t<div class=\"elementor-element elementor-element-744550d e-con-full e-flex e-con e-child\" data-id=\"744550d\" data-element_type=\"container\">\n\t\t\t\t<div class=\"elementor-element elementor-element-bb417bf elementor-widget elementor-widget-image\" data-id=\"bb417bf\" data-element_type=\"widget\" data-widget_type=\"image.default\">\n\t\t\t\t<div class=\"elementor-widget-container\">\n\t\t\t<style>\/*! elementor - v3.22.0 - 26-06-2024 *\/\n.elementor-widget-image{text-align:center}.elementor-widget-image a{display:inline-block}.elementor-widget-image a img[src$=\".svg\"]{width:48px}.elementor-widget-image img{vertical-align:middle;display:inline-block}<\/style>\t\t\t\t\t\t\t\t\t\t<img fetchpriority=\"high\" decoding=\"async\" width=\"1024\" height=\"761\" src=\"https:\/\/wtpartima.com\/wp-content\/uploads\/2024\/07\/WhatsApp-Image-2024-07-07-at-2.34.54-PM-1-1024x761.jpeg\" class=\"attachment-large size-large wp-image-988445\" alt=\"\" srcset=\"https:\/\/wtpartima.com\/wp-content\/uploads\/2024\/07\/WhatsApp-Image-2024-07-07-at-2.34.54-PM-1-1024x761.jpeg 1024w, https:\/\/wtpartima.com\/wp-content\/uploads\/2024\/07\/WhatsApp-Image-2024-07-07-at-2.34.54-PM-1-300x223.jpeg 300w, https:\/\/wtpartima.com\/wp-content\/uploads\/2024\/07\/WhatsApp-Image-2024-07-07-at-2.34.54-PM-1-768x571.jpeg 768w, https:\/\/wtpartima.com\/wp-content\/uploads\/2024\/07\/WhatsApp-Image-2024-07-07-at-2.34.54-PM-1.jpeg 1216w\" sizes=\"(max-width: 1024px) 100vw, 1024px\" \/>\t\t\t\t\t\t\t\t\t\t\t\t\t<\/div>\n\t\t\t\t<\/div>\n\t\t\t\t<\/div>\n\t\t\t\t\t<\/div>\n\t\t\t\t<\/div>\n\t\t<div class=\"elementor-element elementor-element-d0740e9 e-flex e-con-boxed e-con e-parent\" data-id=\"d0740e9\" data-element_type=\"container\">\n\t\t\t\t\t<div class=\"e-con-inner\">\n\t\t<div class=\"elementor-element elementor-element-6866c19 e-con-full e-flex e-con e-child\" data-id=\"6866c19\" data-element_type=\"container\">\n\t\t\t\t<div class=\"elementor-element elementor-element-96071a5 elementor-widget elementor-widget-text-editor\" data-id=\"96071a5\" data-element_type=\"widget\" data-widget_type=\"text-editor.default\">\n\t\t\t\t<div class=\"elementor-widget-container\">\n\t\t\t\t\t\t\t<h4>MEMBRAN B\u0130YOREAKT\u00d6R (MBR), 20. Y\u00dcZYILIN SONUNDAN \u0130T\u0130BAREN GEL\u0130\u015eT\u0130R\u0130LM\u0130\u015e, MEMBRAN AYIRMA TEKNOLOJ\u0130S\u0130 \u0130LE B\u0130YOLOJ\u0130K TEKNOLOJ\u0130N\u0130N ETK\u0130N KOMB\u0130NASYONUNU GER\u00c7EKLE\u015eT\u0130REN \u0130LER\u0130 B\u0130R TEKNOLOJ\u0130D\u0130R. MEMBRAN AYIRMA TEKNOLOJ\u0130S\u0130, GELENEKSEL AKT\u0130F \u00c7AMUR Y\u00d6NTEM\u0130N\u0130N VE NORMAL F\u0130LTRE \u00dcN\u0130TES\u0130N\u0130N YER\u0130N\u0130 ALIR, G\u00dc\u00c7L\u00dc AYIRMA KAB\u0130L\u0130YET\u0130 SS BULANIKLI\u011eINI SIFIRA YAKIN HALE GET\u0130REB\u0130L\u0130R, BU NEDENLE ATIK SU GER\u0130 D\u00d6N\u00dc\u015e\u00dcM\u00dcN\u00dcN UYGULAMA KAPSAMINI B\u00dcY\u00dcK \u00d6L\u00c7\u00dcDE GEN\u0130\u015eLET\u0130R.<\/h4>\n\t\t\t\t\t\t<\/div>\n\t\t\t\t<\/div>\n\t\t\t\t<\/div>\n\t\t<div class=\"elementor-element elementor-element-bc69788 e-con-full e-flex e-con e-child\" data-id=\"bc69788\" data-element_type=\"container\">\n\t\t\t\t<div class=\"elementor-element elementor-element-cf84bdc elementor-widget elementor-widget-image\" data-id=\"cf84bdc\" data-element_type=\"widget\" data-widget_type=\"image.default\">\n\t\t\t\t<div class=\"elementor-widget-container\">\n\t\t\t\t\t\t\t\t\t\t\t\t\t<img decoding=\"async\" width=\"1024\" height=\"770\" src=\"https:\/\/wtpartima.com\/wp-content\/uploads\/2024\/07\/WhatsApp-Image-2024-07-07-at-2.34.54-PM-1024x770.jpeg\" class=\"attachment-large size-large wp-image-988446\" alt=\"\" srcset=\"https:\/\/wtpartima.com\/wp-content\/uploads\/2024\/07\/WhatsApp-Image-2024-07-07-at-2.34.54-PM-1024x770.jpeg 1024w, https:\/\/wtpartima.com\/wp-content\/uploads\/2024\/07\/WhatsApp-Image-2024-07-07-at-2.34.54-PM-300x226.jpeg 300w, https:\/\/wtpartima.com\/wp-content\/uploads\/2024\/07\/WhatsApp-Image-2024-07-07-at-2.34.54-PM-768x578.jpeg 768w, https:\/\/wtpartima.com\/wp-content\/uploads\/2024\/07\/WhatsApp-Image-2024-07-07-at-2.34.54-PM.jpeg 1244w\" sizes=\"(max-width: 1024px) 100vw, 1024px\" \/>\t\t\t\t\t\t\t\t\t\t\t\t\t<\/div>\n\t\t\t\t<\/div>\n\t\t\t\t<\/div>\n\t\t\t\t\t<\/div>\n\t\t\t\t<\/div>\n\t\t\t\t<\/div>\n\t\t","protected":false},"excerpt":{"rendered":"<p>MBR \/MBBR KANAL\u0130ZASYON ARITMA WTP ARTIMA, T\u00dcRK\u0130YE\u2019DE VEYA AVRUPA\u2019DA \u00dcRET\u0130M YAPAN FARKLI T\u0130PTE MBR\/MBBR KOMPAKT KANAL\u0130ZASYON ARITMA \u00dcR\u00dcNLER\u0130 TEDAR\u0130K EDEB\u0130L\u0130R . 100 M3\/G\u00dcN\u2019DEN BA\u015eLAYAN KAPAS\u0130TE, 4.000 M3\/G\u00dcN OLDU\u011eUNU S\u00d6YL\u00dcYOR MEMBRAN B\u0130YOREAKT\u00d6R (MBR), 20. Y\u00dcZYILIN SONUNDAN \u0130T\u0130BAREN GEL\u0130\u015eT\u0130R\u0130LM\u0130\u015e, MEMBRAN AYIRMA TEKNOLOJ\u0130S\u0130 \u0130LE B\u0130YOLOJ\u0130K TEKNOLOJ\u0130N\u0130N ETK\u0130N KOMB\u0130NASYONUNU GER\u00c7EKLE\u015eT\u0130REN \u0130LER\u0130 B\u0130R TEKNOLOJ\u0130D\u0130R. MEMBRAN AYIRMA TEKNOLOJ\u0130S\u0130, GELENEKSEL AKT\u0130F \u00c7AMUR&#8230;<\/p>\n","protected":false},"author":1,"featured_media":0,"parent":0,"menu_order":0,"comment_status":"closed","ping_status":"closed","template":"","meta":{"_uag_custom_page_level_css":"","footnotes":""},"aioseo_notices":[],"uagb_featured_image_src":{"full":false,"thumbnail":false,"medium":false,"medium_large":false,"large":false,"1536x1536":false,"2048x2048":false},"uagb_author_info":{"display_name":"ubeyda.saar@gmail.com","author_link":"https:\/\/wtpartima.com\/tr\/author\/ubeyda-saargmail-com\/"},"uagb_comment_info":0,"uagb_excerpt":"MBR \/MBBR KANAL\u0130ZASYON ARITMA WTP ARTIMA, T\u00dcRK\u0130YE\u2019DE VEYA AVRUPA\u2019DA \u00dcRET\u0130M YAPAN FARKLI T\u0130PTE MBR\/MBBR KOMPAKT KANAL\u0130ZASYON ARITMA \u00dcR\u00dcNLER\u0130 TEDAR\u0130K EDEB\u0130L\u0130R . 100 M3\/G\u00dcN\u2019DEN BA\u015eLAYAN KAPAS\u0130TE, 4.000 M3\/G\u00dcN OLDU\u011eUNU S\u00d6YL\u00dcYOR MEMBRAN B\u0130YOREAKT\u00d6R (MBR), 20. Y\u00dcZYILIN SONUNDAN \u0130T\u0130BAREN GEL\u0130\u015eT\u0130R\u0130LM\u0130\u015e, MEMBRAN AYIRMA TEKNOLOJ\u0130S\u0130 \u0130LE B\u0130YOLOJ\u0130K TEKNOLOJ\u0130N\u0130N ETK\u0130N KOMB\u0130NASYONUNU GER\u00c7EKLE\u015eT\u0130REN \u0130LER\u0130 B\u0130R TEKNOLOJ\u0130D\u0130R. MEMBRAN AYIRMA TEKNOLOJ\u0130S\u0130, GELENEKSEL AKT\u0130F \u00c7AMUR...","_links":{"self":[{"href":"https:\/\/wtpartima.com\/tr\/wp-json\/wp\/v2\/pages\/989778"}],"collection":[{"href":"https:\/\/wtpartima.com\/tr\/wp-json\/wp\/v2\/pages"}],"about":[{"href":"https:\/\/wtpartima.com\/tr\/wp-json\/wp\/v2\/types\/page"}],"author":[{"embeddable":true,"href":"https:\/\/wtpartima.com\/tr\/wp-json\/wp\/v2\/users\/1"}],"replies":[{"embeddable":true,"href":"https:\/\/wtpartima.com\/tr\/wp-json\/wp\/v2\/comments?post=989778"}],"version-history":[{"count":1,"href":"https:\/\/wtpartima.com\/tr\/wp-json\/wp\/v2\/pages\/989778\/revisions"}],"predecessor-version":[{"id":989779,"href":"https:\/\/wtpartima.com\/tr\/wp-json\/wp\/v2\/pages\/989778\/revisions\/989779"}],"wp:attachment":[{"href":"https:\/\/wtpartima.com\/tr\/wp-json\/wp\/v2\/media?parent=989778"}],"curies":[{"name":"wp","href":"https:\/\/api.w.org\/{rel}","templated":true}]}}